{"id":14987,"date":"2024-03-26T12:29:25","date_gmt":"2024-03-26T11:29:25","guid":{"rendered":"https:\/\/europauto2.com\/produto\/chuventos-ford-f-max-truck-2018-frente\/"},"modified":"2025-01-16T17:45:32","modified_gmt":"2025-01-16T16:45:32","slug":"chuventos-ford-f-max-truck-2018-frente","status":"publish","type":"product","link":"http:\/\/europauto2.com\/en\/loja\/chuventos-ford-f-max-truck-2018-frente\/","title":{"rendered":"Chuventos FORD F-MAX TRUCK, 2018 - , Front"},"content":{"rendered":"<p>Application Interior, 2 pcs | Color: Smoked gray | Material: High-quality cast acrylic<\/p>","protected":false},"excerpt":{"rendered":"<p>Application Interior, 2 pcs | Color: Smoked gray | Material: High-quality cast acrylic<\/p>","protected":false},"featured_media":13221,"comment_status":"open","ping_status":"closed","template":"","meta":{"_monsterinsights_skip_tracking":false,"_monsterinsights_sitenote_active":false,"_monsterinsights_sitenote_note":"","_monsterinsights_sitenote_category":0},"product_cat":[1469,2183,1475],"product_tag":[],"class_list":{"0":"post-14987","1":"product","2":"type-product","3":"status-publish","4":"has-post-thumbnail","6":"product_cat-chuventos","7":"product_cat-f-max-chuventos","8":"product_cat-bedford","10":"first","11":"instock","12":"shipping-taxable","13":"purchasable","14":"product-type-simple"},"yoast_head":"<!-- This site is optimized with the Yoast SEO plugin v27.3 - https:\/\/yoast.com\/product\/yoast-seo-wordpress\/ -->\n<title>Chuventos FORD F-MAX TRUCK, 2018 - , Frente - Europauto 2<\/title>\n<meta name=\"robots\" content=\"index, follow, max-snippet:-1, max-image-preview:large, max-video-preview:-1\" \/>\n<link rel=\"canonical\" href=\"https:\/\/europauto2.com\/en\/loja\/chuventos-ford-f-max-truck-2018-frente\/\" \/>\n<meta property=\"og:locale\" content=\"en_US\" \/>\n<meta property=\"og:type\" content=\"article\" \/>\n<meta property=\"og:title\" content=\"Chuventos FORD F-MAX TRUCK, 2018 - , Frente - Europauto 2\" \/>\n<meta property=\"og:description\" content=\"Aplica\u00e7\u00e3o Interior, 2 pcs | Cor: Cinza fumado | Material: Acr\u00edlico fundido de alta qualidade\" \/>\n<meta property=\"og:url\" content=\"https:\/\/europauto2.com\/en\/loja\/chuventos-ford-f-max-truck-2018-frente\/\" \/>\n<meta property=\"og:site_name\" content=\"Europauto 2\" \/>\n<meta property=\"article:modified_time\" content=\"2025-01-16T16:45:32+00:00\" \/>\n<meta property=\"og:image\" content=\"https:\/\/europauto2.com\/wp-content\/uploads\/2024\/03\/IALP-EUROPAUTO-CHUVENTOS-02-1024x1024.jpg\" \/>\n\t<meta property=\"og:image:width\" content=\"1024\" \/>\n\t<meta property=\"og:image:height\" content=\"1024\" \/>\n\t<meta property=\"og:image:type\" content=\"image\/jpeg\" \/>\n<meta name=\"twitter:card\" content=\"summary_large_image\" \/>\n<script type=\"application\/ld+json\" class=\"yoast-schema-graph\">{\"@context\":\"https:\\\/\\\/schema.org\",\"@graph\":[{\"@type\":\"WebPage\",\"@id\":\"https:\\\/\\\/europauto2.com\\\/pt\\\/loja\\\/chuventos-ford-f-max-truck-2018-frente\\\/\",\"url\":\"https:\\\/\\\/europauto2.com\\\/pt\\\/loja\\\/chuventos-ford-f-max-truck-2018-frente\\\/\",\"name\":\"Chuventos FORD F-MAX TRUCK, 2018 - , Frente - Europauto 2\",\"isPartOf\":{\"@id\":\"https:\\\/\\\/europauto2.com\\\/pt\\\/#website\"},\"primaryImageOfPage\":{\"@id\":\"https:\\\/\\\/europauto2.com\\\/pt\\\/loja\\\/chuventos-ford-f-max-truck-2018-frente\\\/#primaryimage\"},\"image\":{\"@id\":\"https:\\\/\\\/europauto2.com\\\/pt\\\/loja\\\/chuventos-ford-f-max-truck-2018-frente\\\/#primaryimage\"},\"thumbnailUrl\":\"https:\\\/\\\/europauto2.com\\\/wp-content\\\/uploads\\\/2024\\\/03\\\/IALP-EUROPAUTO-CHUVENTOS-02.jpg\",\"datePublished\":\"2024-03-26T11:29:25+00:00\",\"dateModified\":\"2025-01-16T16:45:32+00:00\",\"breadcrumb\":{\"@id\":\"https:\\\/\\\/europauto2.com\\\/pt\\\/loja\\\/chuventos-ford-f-max-truck-2018-frente\\\/#breadcrumb\"},\"inLanguage\":\"en-US\",\"potentialAction\":[{\"@type\":\"ReadAction\",\"target\":[\"https:\\\/\\\/europauto2.com\\\/pt\\\/loja\\\/chuventos-ford-f-max-truck-2018-frente\\\/\"]}]},{\"@type\":\"ImageObject\",\"inLanguage\":\"en-US\",\"@id\":\"https:\\\/\\\/europauto2.com\\\/pt\\\/loja\\\/chuventos-ford-f-max-truck-2018-frente\\\/#primaryimage\",\"url\":\"https:\\\/\\\/europauto2.com\\\/wp-content\\\/uploads\\\/2024\\\/03\\\/IALP-EUROPAUTO-CHUVENTOS-02.jpg\",\"contentUrl\":\"https:\\\/\\\/europauto2.com\\\/wp-content\\\/uploads\\\/2024\\\/03\\\/IALP-EUROPAUTO-CHUVENTOS-02.jpg\",\"width\":1182,\"height\":1182},{\"@type\":\"BreadcrumbList\",\"@id\":\"https:\\\/\\\/europauto2.com\\\/pt\\\/loja\\\/chuventos-ford-f-max-truck-2018-frente\\\/#breadcrumb\",\"itemListElement\":[{\"@type\":\"ListItem\",\"position\":1,\"name\":\"In\u00edcio\",\"item\":\"https:\\\/\\\/europauto2.com\\\/\"},{\"@type\":\"ListItem\",\"position\":2,\"name\":\"Loja\",\"item\":\"https:\\\/\\\/europauto2.com\\\/pt\\\/loja\\\/\"},{\"@type\":\"ListItem\",\"position\":3,\"name\":\"Chuventos FORD F-MAX TRUCK, 2018 &#8211; , Frente\"}]},{\"@type\":\"WebSite\",\"@id\":\"https:\\\/\\\/europauto2.com\\\/pt\\\/#website\",\"url\":\"https:\\\/\\\/europauto2.com\\\/pt\\\/\",\"name\":\"Europauto 2\",\"description\":\"by IALP Communication\",\"publisher\":{\"@id\":\"https:\\\/\\\/europauto2.com\\\/pt\\\/#organization\"},\"potentialAction\":[{\"@type\":\"SearchAction\",\"target\":{\"@type\":\"EntryPoint\",\"urlTemplate\":\"https:\\\/\\\/europauto2.com\\\/pt\\\/?s={search_term_string}\"},\"query-input\":{\"@type\":\"PropertyValueSpecification\",\"valueRequired\":true,\"valueName\":\"search_term_string\"}}],\"inLanguage\":\"en-US\"},{\"@type\":\"Organization\",\"@id\":\"https:\\\/\\\/europauto2.com\\\/pt\\\/#organization\",\"name\":\"Europauto 2\",\"url\":\"https:\\\/\\\/europauto2.com\\\/pt\\\/\",\"logo\":{\"@type\":\"ImageObject\",\"inLanguage\":\"en-US\",\"@id\":\"https:\\\/\\\/europauto2.com\\\/pt\\\/#\\\/schema\\\/logo\\\/image\\\/\",\"url\":\"https:\\\/\\\/europauto2.com\\\/wp-content\\\/uploads\\\/2023\\\/09\\\/IALP-LOGO.webp\",\"contentUrl\":\"https:\\\/\\\/europauto2.com\\\/wp-content\\\/uploads\\\/2023\\\/09\\\/IALP-LOGO.webp\",\"width\":591,\"height\":591,\"caption\":\"Europauto 2\"},\"image\":{\"@id\":\"https:\\\/\\\/europauto2.com\\\/pt\\\/#\\\/schema\\\/logo\\\/image\\\/\"}}]}<\/script>\n<!-- \/ Yoast SEO plugin. -->","yoast_head_json":{"title":"Chuventos FORD F-MAX TRUCK, 2018 - , Frente - Europauto 2","robots":{"index":"index","follow":"follow","max-snippet":"max-snippet:-1","max-image-preview":"max-image-preview:large","max-video-preview":"max-video-preview:-1"},"canonical":"https:\/\/europauto2.com\/en\/loja\/chuventos-ford-f-max-truck-2018-frente\/","og_locale":"en_US","og_type":"article","og_title":"Chuventos FORD F-MAX TRUCK, 2018 - , Frente - Europauto 2","og_description":"Aplica\u00e7\u00e3o Interior, 2 pcs | Cor: Cinza fumado | Material: Acr\u00edlico fundido de alta qualidade","og_url":"https:\/\/europauto2.com\/en\/loja\/chuventos-ford-f-max-truck-2018-frente\/","og_site_name":"Europauto 2","article_modified_time":"2025-01-16T16:45:32+00:00","og_image":[{"width":1024,"height":1024,"url":"https:\/\/europauto2.com\/wp-content\/uploads\/2024\/03\/IALP-EUROPAUTO-CHUVENTOS-02-1024x1024.jpg","type":"image\/jpeg"}],"twitter_card":"summary_large_image","schema":{"@context":"https:\/\/schema.org","@graph":[{"@type":"WebPage","@id":"https:\/\/europauto2.com\/pt\/loja\/chuventos-ford-f-max-truck-2018-frente\/","url":"https:\/\/europauto2.com\/pt\/loja\/chuventos-ford-f-max-truck-2018-frente\/","name":"Chuventos FORD F-MAX TRUCK, 2018 - , Frente - Europauto 2","isPartOf":{"@id":"https:\/\/europauto2.com\/pt\/#website"},"primaryImageOfPage":{"@id":"https:\/\/europauto2.com\/pt\/loja\/chuventos-ford-f-max-truck-2018-frente\/#primaryimage"},"image":{"@id":"https:\/\/europauto2.com\/pt\/loja\/chuventos-ford-f-max-truck-2018-frente\/#primaryimage"},"thumbnailUrl":"https:\/\/europauto2.com\/wp-content\/uploads\/2024\/03\/IALP-EUROPAUTO-CHUVENTOS-02.jpg","datePublished":"2024-03-26T11:29:25+00:00","dateModified":"2025-01-16T16:45:32+00:00","breadcrumb":{"@id":"https:\/\/europauto2.com\/pt\/loja\/chuventos-ford-f-max-truck-2018-frente\/#breadcrumb"},"inLanguage":"en-US","potentialAction":[{"@type":"ReadAction","target":["https:\/\/europauto2.com\/pt\/loja\/chuventos-ford-f-max-truck-2018-frente\/"]}]},{"@type":"ImageObject","inLanguage":"en-US","@id":"https:\/\/europauto2.com\/pt\/loja\/chuventos-ford-f-max-truck-2018-frente\/#primaryimage","url":"https:\/\/europauto2.com\/wp-content\/uploads\/2024\/03\/IALP-EUROPAUTO-CHUVENTOS-02.jpg","contentUrl":"https:\/\/europauto2.com\/wp-content\/uploads\/2024\/03\/IALP-EUROPAUTO-CHUVENTOS-02.jpg","width":1182,"height":1182},{"@type":"BreadcrumbList","@id":"https:\/\/europauto2.com\/pt\/loja\/chuventos-ford-f-max-truck-2018-frente\/#breadcrumb","itemListElement":[{"@type":"ListItem","position":1,"name":"In\u00edcio","item":"https:\/\/europauto2.com\/"},{"@type":"ListItem","position":2,"name":"Loja","item":"https:\/\/europauto2.com\/pt\/loja\/"},{"@type":"ListItem","position":3,"name":"Chuventos FORD F-MAX TRUCK, 2018 &#8211; , Frente"}]},{"@type":"WebSite","@id":"https:\/\/europauto2.com\/pt\/#website","url":"https:\/\/europauto2.com\/pt\/","name":"Europauto 2","description":"by IALP Communication","publisher":{"@id":"https:\/\/europauto2.com\/pt\/#organization"},"potentialAction":[{"@type":"SearchAction","target":{"@type":"EntryPoint","urlTemplate":"https:\/\/europauto2.com\/pt\/?s={search_term_string}"},"query-input":{"@type":"PropertyValueSpecification","valueRequired":true,"valueName":"search_term_string"}}],"inLanguage":"en-US"},{"@type":"Organization","@id":"https:\/\/europauto2.com\/pt\/#organization","name":"Europauto 2","url":"https:\/\/europauto2.com\/pt\/","logo":{"@type":"ImageObject","inLanguage":"en-US","@id":"https:\/\/europauto2.com\/pt\/#\/schema\/logo\/image\/","url":"https:\/\/europauto2.com\/wp-content\/uploads\/2023\/09\/IALP-LOGO.webp","contentUrl":"https:\/\/europauto2.com\/wp-content\/uploads\/2023\/09\/IALP-LOGO.webp","width":591,"height":591,"caption":"Europauto 2"},"image":{"@id":"https:\/\/europauto2.com\/pt\/#\/schema\/logo\/image\/"}}]}},"_links":{"self":[{"href":"http:\/\/europauto2.com\/en\/wp-json\/wp\/v2\/product\/14987","targetHints":{"allow":["GET"]}}],"collection":[{"href":"http:\/\/europauto2.com\/en\/wp-json\/wp\/v2\/product"}],"about":[{"href":"http:\/\/europauto2.com\/en\/wp-json\/wp\/v2\/types\/product"}],"replies":[{"embeddable":true,"href":"http:\/\/europauto2.com\/en\/wp-json\/wp\/v2\/comments?post=14987"}],"wp:featuredmedia":[{"embeddable":true,"href":"http:\/\/europauto2.com\/en\/wp-json\/wp\/v2\/media\/13221"}],"wp:attachment":[{"href":"http:\/\/europauto2.com\/en\/wp-json\/wp\/v2\/media?parent=14987"}],"wp:term":[{"taxonomy":"product_cat","embeddable":true,"href":"http:\/\/europauto2.com\/en\/wp-json\/wp\/v2\/product_cat?post=14987"},{"taxonomy":"product_tag","embeddable":true,"href":"http:\/\/europauto2.com\/en\/wp-json\/wp\/v2\/product_tag?post=14987"}],"curies":[{"name":"wp","href":"https:\/\/api.w.org\/{rel}","templated":true}]}}