{"id":4529,"date":"2020-02-25T16:35:26","date_gmt":"2020-02-25T15:35:26","guid":{"rendered":"https:\/\/demo.wpthemego.com\/themes\/sw_autusin\/?page_id=4529"},"modified":"2024-07-02T12:11:20","modified_gmt":"2024-07-02T11:11:20","slug":"sobre","status":"publish","type":"page","link":"https:\/\/europauto2.com\/es\/sobre\/","title":{"rendered":"Acerca de"},"content":{"rendered":"<div data-elementor-type=\"wp-page\" data-elementor-id=\"4529\" class=\"elementor elementor-4529\" data-elementor-post-type=\"page\">\n\t\t\t\t\t\t<section class=\"elementor-section elementor-top-section elementor-element elementor-element-4f2dbf9 elementor-section-boxed elementor-section-height-default elementor-section-height-default\" data-id=\"4f2dbf9\" data-element_type=\"section\" data-e-type=\"section\">\n\t\t\t\t\t\t<div class=\"elementor-container elementor-column-gap-default\">\n\t\t\t\t\t<div class=\"elementor-column elementor-col-100 elementor-top-column elementor-element elementor-element-a789a16\" data-id=\"a789a16\" data-element_type=\"column\" data-e-type=\"column\">\n\t\t\t<div class=\"elementor-widget-wrap elementor-element-populated\">\n\t\t\t\t\t\t<div class=\"elementor-element elementor-element-5404eb1 elementor-widget elementor-widget-image\" data-id=\"5404eb1\" data-element_type=\"widget\" data-e-type=\"widget\" data-widget_type=\"image.default\">\n\t\t\t\t<div class=\"elementor-widget-container\">\n\t\t\t\t\t\t\t\t\t\t\t\t\t\t\t<img loading=\"lazy\" decoding=\"async\" width=\"1536\" height=\"518\" src=\"https:\/\/europauto2.com\/wp-content\/uploads\/2024\/05\/IALP-EUROPAUTO-II-ANIVERSARIO-27-ANOS-130524-V2-1536x518.jpg\" class=\"attachment-1536x1536 size-1536x1536 wp-image-16119\" alt=\"\" srcset=\"https:\/\/europauto2.com\/wp-content\/uploads\/2024\/05\/IALP-EUROPAUTO-II-ANIVERSARIO-27-ANOS-130524-V2-1536x518.jpg 1536w, https:\/\/europauto2.com\/wp-content\/uploads\/2024\/05\/IALP-EUROPAUTO-II-ANIVERSARIO-27-ANOS-130524-V2-scaled-900x303.jpg 900w, https:\/\/europauto2.com\/wp-content\/uploads\/2024\/05\/IALP-EUROPAUTO-II-ANIVERSARIO-27-ANOS-130524-V2-300x101.jpg 300w, https:\/\/europauto2.com\/wp-content\/uploads\/2024\/05\/IALP-EUROPAUTO-II-ANIVERSARIO-27-ANOS-130524-V2-1024x345.jpg 1024w, https:\/\/europauto2.com\/wp-content\/uploads\/2024\/05\/IALP-EUROPAUTO-II-ANIVERSARIO-27-ANOS-130524-V2-768x259.jpg 768w, https:\/\/europauto2.com\/wp-content\/uploads\/2024\/05\/IALP-EUROPAUTO-II-ANIVERSARIO-27-ANOS-130524-V2-2048x690.jpg 2048w, https:\/\/europauto2.com\/wp-content\/uploads\/2024\/05\/IALP-EUROPAUTO-II-ANIVERSARIO-27-ANOS-130524-V2-18x6.jpg 18w\" sizes=\"auto, (max-width: 1536px) 100vw, 1536px\" \/>\t\t\t\t\t\t\t\t\t\t\t\t\t\t\t<\/div>\n\t\t\t\t<\/div>\n\t\t\t\t\t<\/div>\n\t\t<\/div>\n\t\t\t\t\t<\/div>\n\t\t<\/section>\n\t\t\t\t<section class=\"elementor-section elementor-top-section elementor-element elementor-element-a7540b2 elementor-section-boxed elementor-section-height-default elementor-section-height-default\" data-id=\"a7540b2\" data-element_type=\"section\" data-e-type=\"section\">\n\t\t\t\t\t\t<div class=\"elementor-container elementor-column-gap-default\">\n\t\t\t\t\t<div class=\"elementor-column elementor-col-100 elementor-top-column elementor-element elementor-element-6a1ebd7\" data-id=\"6a1ebd7\" data-element_type=\"column\" data-e-type=\"column\">\n\t\t\t<div class=\"elementor-widget-wrap elementor-element-populated\">\n\t\t\t\t\t\t<div class=\"elementor-element elementor-element-d5f1243 elementor-widget elementor-widget-heading\" data-id=\"d5f1243\" data-element_type=\"widget\" data-e-type=\"widget\" data-widget_type=\"heading.default\">\n\t\t\t\t<div class=\"elementor-widget-container\">\n\t\t\t\t\t<h2 class=\"elementor-heading-title elementor-size-default\">hola, somos EUROPAUTO ii<\/h2>\t\t\t\t<\/div>\n\t\t\t\t<\/div>\n\t\t\t\t<div class=\"elementor-element elementor-element-256b0f3 elementor-widget elementor-widget-text-editor\" data-id=\"256b0f3\" data-element_type=\"widget\" data-e-type=\"widget\" data-widget_type=\"text-editor.default\">\n\t\t\t\t<div class=\"elementor-widget-container\">\n\t\t\t\t\t\t\t\t\t<p>El nacimiento de \"Europauto II\" se remonta a 1997. Desde muy pronto, el deseo de crecimiento, combinado con una gesti\u00f3n rigurosa, ha caracterizado lo que hoy es una empresa s\u00f3lida que se ha impuesto en el mercado nacional de forma creciente y continua, apostando por la calidad y la personalizaci\u00f3n de sus productos, as\u00ed como por un proceso continuo de modernizaci\u00f3n de sus equipos.<br \/>Como almacenista, disponemos de una amplia gama de materias primas para la fabricaci\u00f3n de alfombrillas de coche y de suelo, creando alfombrillas exclusivas para cada cliente, satisfaciendo as\u00ed rigurosamente todas sus exigencias. En el mercado de placas de matr\u00edcula, ofrecemos todos los modelos homologados en Portugal, destacando la placa de matr\u00edcula de aluminio estampada en caliente, conocida por su resistencia y durabilidad, as\u00ed como la placa de matr\u00edcula acr\u00edlica manipulada por l\u00e1ser, ambos productos certificados.<br \/>Nuestra actividad principal se basa en la fabricaci\u00f3n de alfombrillas y placas de matr\u00edcula personalizadas para autom\u00f3viles, pero gracias a un creciente proyecto de expansi\u00f3n llevado a cabo a lo largo de los a\u00f1os, y en respuesta a las demandas del mercado, ahora disponemos de una amplia gama de productos en diversos campos.<br \/>Nuestro principal objetivo es mantener la confianza de nuestros clientes, y nuestra principal preocupaci\u00f3n es mejorar a\u00f1o tras a\u00f1o, ofreciendo una amplia e interesante gama de productos. Para nosotros, la calidad es el factor principal de nuestro desarrollo, por lo que es una exigencia de nuestra direcci\u00f3n y una responsabilidad de todos nuestros empleados.<\/p>\t\t\t\t\t\t\t\t<\/div>\n\t\t\t\t<\/div>\n\t\t\t\t\t<\/div>\n\t\t<\/div>\n\t\t\t\t\t<\/div>\n\t\t<\/section>\n\t\t\t\t<section class=\"elementor-section elementor-top-section elementor-element elementor-element-f7750d1 elementor-section-full_width elementor-section-height-default elementor-section-height-default\" data-id=\"f7750d1\" data-element_type=\"section\" data-e-type=\"section\" data-settings=\"{&quot;background_background&quot;:&quot;classic&quot;}\">\n\t\t\t\t\t\t<div class=\"elementor-container elementor-column-gap-default\">\n\t\t\t\t\t<div class=\"elementor-column elementor-col-100 elementor-top-column elementor-element elementor-element-9aecf96\" data-id=\"9aecf96\" data-element_type=\"column\" data-e-type=\"column\">\n\t\t\t<div class=\"elementor-widget-wrap elementor-element-populated\">\n\t\t\t\t\t\t<section class=\"elementor-section elementor-inner-section elementor-element elementor-element-599b3e6 elementor-section-boxed elementor-section-height-default elementor-section-height-default\" data-id=\"599b3e6\" data-element_type=\"section\" data-e-type=\"section\">\n\t\t\t\t\t\t<div class=\"elementor-container elementor-column-gap-default\">\n\t\t\t\t\t<div class=\"elementor-column elementor-col-20 elementor-inner-column elementor-element elementor-element-1f078fb\" data-id=\"1f078fb\" data-element_type=\"column\" data-e-type=\"column\">\n\t\t\t<div class=\"elementor-widget-wrap elementor-element-populated\">\n\t\t\t\t\t\t<div class=\"elementor-element elementor-element-29c050d elementor-position-top elementor-widget elementor-widget-image-box\" data-id=\"29c050d\" data-element_type=\"widget\" data-e-type=\"widget\" data-widget_type=\"image-box.default\">\n\t\t\t\t<div class=\"elementor-widget-container\">\n\t\t\t\t\t<div class=\"elementor-image-box-wrapper\"><figure class=\"elementor-image-box-img\"><a href=\"\/es\/categoria-producto\/tapetes-alcatifa\/\" tabindex=\"-1\"><img loading=\"lazy\" decoding=\"async\" width=\"1182\" height=\"1182\" src=\"https:\/\/europauto2.com\/wp-content\/uploads\/2024\/02\/NISSAN-MICRA-K11-1992-2002-1.png\" class=\"elementor-animation-shrink attachment-full size-full wp-image-17306\" alt=\"\" srcset=\"https:\/\/europauto2.com\/wp-content\/uploads\/2024\/02\/NISSAN-MICRA-K11-1992-2002-1.png 1182w, https:\/\/europauto2.com\/wp-content\/uploads\/2024\/02\/NISSAN-MICRA-K11-1992-2002-1-300x300.png 300w, https:\/\/europauto2.com\/wp-content\/uploads\/2024\/02\/NISSAN-MICRA-K11-1992-2002-1-1024x1024.png 1024w, https:\/\/europauto2.com\/wp-content\/uploads\/2024\/02\/NISSAN-MICRA-K11-1992-2002-1-150x150.png 150w, https:\/\/europauto2.com\/wp-content\/uploads\/2024\/02\/NISSAN-MICRA-K11-1992-2002-1-768x768.png 768w, https:\/\/europauto2.com\/wp-content\/uploads\/2024\/02\/NISSAN-MICRA-K11-1992-2002-1-12x12.png 12w, https:\/\/europauto2.com\/wp-content\/uploads\/2024\/02\/NISSAN-MICRA-K11-1992-2002-1-800x800.png 800w, https:\/\/europauto2.com\/wp-content\/uploads\/2024\/02\/NISSAN-MICRA-K11-1992-2002-1-900x900.png 900w, https:\/\/europauto2.com\/wp-content\/uploads\/2024\/02\/NISSAN-MICRA-K11-1992-2002-1-100x100.png 100w\" sizes=\"auto, (max-width: 1182px) 100vw, 1182px\" \/><\/a><\/figure><div class=\"elementor-image-box-content\"><h3 class=\"elementor-image-box-title\"><a href=\"\/es\/categoria-producto\/tapetes-alcatifa\/\">ALFOMBRAS DE MOQUETA<\/a><\/h3><p class=\"elementor-image-box-description\">Disponemos de una amplia gama de alfombras<\/p><\/div><\/div>\t\t\t\t<\/div>\n\t\t\t\t<\/div>\n\t\t\t\t\t<\/div>\n\t\t<\/div>\n\t\t\t\t<div class=\"elementor-column elementor-col-20 elementor-inner-column elementor-element elementor-element-6937a6b\" data-id=\"6937a6b\" data-element_type=\"column\" data-e-type=\"column\">\n\t\t\t<div class=\"elementor-widget-wrap elementor-element-populated\">\n\t\t\t\t\t\t<div class=\"elementor-element elementor-element-4f7cc21 elementor-position-top elementor-widget elementor-widget-image-box\" data-id=\"4f7cc21\" data-element_type=\"widget\" data-e-type=\"widget\" data-widget_type=\"image-box.default\">\n\t\t\t\t<div class=\"elementor-widget-container\">\n\t\t\t\t\t<div class=\"elementor-image-box-wrapper\"><figure class=\"elementor-image-box-img\"><a href=\"\/es\/categoria-producto\/tapetes-de-borracha\/\" tabindex=\"-1\"><img loading=\"lazy\" decoding=\"async\" width=\"300\" height=\"300\" src=\"https:\/\/europauto2.com\/wp-content\/uploads\/2024\/06\/IALP-EUROPAUTO-II-IMAGENS-TAPETES-BORRACHA.webp\" class=\"elementor-animation-shrink attachment-full size-full wp-image-17738\" alt=\"\" srcset=\"https:\/\/europauto2.com\/wp-content\/uploads\/2024\/06\/IALP-EUROPAUTO-II-IMAGENS-TAPETES-BORRACHA.webp 300w, https:\/\/europauto2.com\/wp-content\/uploads\/2024\/06\/IALP-EUROPAUTO-II-IMAGENS-TAPETES-BORRACHA-150x150.webp 150w, https:\/\/europauto2.com\/wp-content\/uploads\/2024\/06\/IALP-EUROPAUTO-II-IMAGENS-TAPETES-BORRACHA-12x12.webp 12w, https:\/\/europauto2.com\/wp-content\/uploads\/2024\/06\/IALP-EUROPAUTO-II-IMAGENS-TAPETES-BORRACHA-100x100.webp 100w\" sizes=\"auto, (max-width: 300px) 100vw, 300px\" \/><\/a><\/figure><div class=\"elementor-image-box-content\"><h3 class=\"elementor-image-box-title\"><a href=\"\/es\/categoria-producto\/tapetes-de-borracha\/\">ALFOMBRILLAS DE GOMA<\/a><\/h3><p class=\"elementor-image-box-description\">Disponemos de una amplia gama de alfombras<\/p><\/div><\/div>\t\t\t\t<\/div>\n\t\t\t\t<\/div>\n\t\t\t\t\t<\/div>\n\t\t<\/div>\n\t\t\t\t<div class=\"elementor-column elementor-col-20 elementor-inner-column elementor-element elementor-element-4950bcd\" data-id=\"4950bcd\" data-element_type=\"column\" data-e-type=\"column\">\n\t\t\t<div class=\"elementor-widget-wrap elementor-element-populated\">\n\t\t\t\t\t\t<div class=\"elementor-element elementor-element-2ba2c45 elementor-position-top elementor-widget elementor-widget-image-box\" data-id=\"2ba2c45\" data-element_type=\"widget\" data-e-type=\"widget\" data-widget_type=\"image-box.default\">\n\t\t\t\t<div class=\"elementor-widget-container\">\n\t\t\t\t\t<div class=\"elementor-image-box-wrapper\"><figure class=\"elementor-image-box-img\"><a href=\"\/es\/categoria-producto\/chuventos\/\" tabindex=\"-1\"><img loading=\"lazy\" decoding=\"async\" width=\"1182\" height=\"1182\" src=\"https:\/\/europauto2.com\/wp-content\/uploads\/2024\/06\/IALP-EUROPAUTO-II-CHUVENTOS.jpg\" class=\"elementor-animation-shrink attachment-full size-full wp-image-18147\" alt=\"\" srcset=\"https:\/\/europauto2.com\/wp-content\/uploads\/2024\/06\/IALP-EUROPAUTO-II-CHUVENTOS.jpg 1182w, https:\/\/europauto2.com\/wp-content\/uploads\/2024\/06\/IALP-EUROPAUTO-II-CHUVENTOS-300x300.jpg 300w, https:\/\/europauto2.com\/wp-content\/uploads\/2024\/06\/IALP-EUROPAUTO-II-CHUVENTOS-1024x1024.jpg 1024w, https:\/\/europauto2.com\/wp-content\/uploads\/2024\/06\/IALP-EUROPAUTO-II-CHUVENTOS-150x150.jpg 150w, https:\/\/europauto2.com\/wp-content\/uploads\/2024\/06\/IALP-EUROPAUTO-II-CHUVENTOS-768x768.jpg 768w, https:\/\/europauto2.com\/wp-content\/uploads\/2024\/06\/IALP-EUROPAUTO-II-CHUVENTOS-12x12.jpg 12w, https:\/\/europauto2.com\/wp-content\/uploads\/2024\/06\/IALP-EUROPAUTO-II-CHUVENTOS-800x800.jpg 800w, https:\/\/europauto2.com\/wp-content\/uploads\/2024\/06\/IALP-EUROPAUTO-II-CHUVENTOS-900x900.jpg 900w, https:\/\/europauto2.com\/wp-content\/uploads\/2024\/06\/IALP-EUROPAUTO-II-CHUVENTOS-100x100.jpg 100w\" sizes=\"auto, (max-width: 1182px) 100vw, 1182px\" \/><\/a><\/figure><div class=\"elementor-image-box-content\"><h3 class=\"elementor-image-box-title\"><a href=\"\/es\/categoria-producto\/chuventos\/\">DEFLECTORES DE VIENTO<\/a><\/h3><p class=\"elementor-image-box-description\">Disponemos de una amplia gama de mangas de viento<\/p><\/div><\/div>\t\t\t\t<\/div>\n\t\t\t\t<\/div>\n\t\t\t\t\t<\/div>\n\t\t<\/div>\n\t\t\t\t<div class=\"elementor-column elementor-col-20 elementor-inner-column elementor-element elementor-element-6b9cde1\" data-id=\"6b9cde1\" data-element_type=\"column\" data-e-type=\"column\">\n\t\t\t<div class=\"elementor-widget-wrap elementor-element-populated\">\n\t\t\t\t\t\t<div class=\"elementor-element elementor-element-3d719cf elementor-position-top elementor-widget elementor-widget-image-box\" data-id=\"3d719cf\" data-element_type=\"widget\" data-e-type=\"widget\" data-widget_type=\"image-box.default\">\n\t\t\t\t<div class=\"elementor-widget-container\">\n\t\t\t\t\t<div class=\"elementor-image-box-wrapper\"><figure class=\"elementor-image-box-img\"><a href=\"\/es\/categoria-producto\/placas-de-matricula\/\" tabindex=\"-1\"><img loading=\"lazy\" decoding=\"async\" width=\"300\" height=\"300\" src=\"https:\/\/europauto2.com\/wp-content\/uploads\/2024\/06\/IALP-EUROPAUTO-MATRICULAS.webp\" class=\"elementor-animation-shrink attachment-full size-full wp-image-17739\" alt=\"\" srcset=\"https:\/\/europauto2.com\/wp-content\/uploads\/2024\/06\/IALP-EUROPAUTO-MATRICULAS.webp 300w, https:\/\/europauto2.com\/wp-content\/uploads\/2024\/06\/IALP-EUROPAUTO-MATRICULAS-150x150.webp 150w, https:\/\/europauto2.com\/wp-content\/uploads\/2024\/06\/IALP-EUROPAUTO-MATRICULAS-12x12.webp 12w, https:\/\/europauto2.com\/wp-content\/uploads\/2024\/06\/IALP-EUROPAUTO-MATRICULAS-100x100.webp 100w\" sizes=\"auto, (max-width: 300px) 100vw, 300px\" \/><\/a><\/figure><div class=\"elementor-image-box-content\"><h3 class=\"elementor-image-box-title\"><a href=\"\/es\/categoria-producto\/placas-de-matricula\/\">MATR\u00cdCULAS<\/a><\/h3><p class=\"elementor-image-box-description\">Todos los modelos est\u00e1n homologados<\/p><\/div><\/div>\t\t\t\t<\/div>\n\t\t\t\t<\/div>\n\t\t\t\t\t<\/div>\n\t\t<\/div>\n\t\t\t\t<div class=\"elementor-column elementor-col-20 elementor-inner-column elementor-element elementor-element-cd870f3\" data-id=\"cd870f3\" data-element_type=\"column\" data-e-type=\"column\">\n\t\t\t<div class=\"elementor-widget-wrap elementor-element-populated\">\n\t\t\t\t\t\t<div class=\"elementor-element elementor-element-42a9eb6 elementor-position-top elementor-widget elementor-widget-image-box\" data-id=\"42a9eb6\" data-element_type=\"widget\" data-e-type=\"widget\" data-widget_type=\"image-box.default\">\n\t\t\t\t<div class=\"elementor-widget-container\">\n\t\t\t\t\t<div class=\"elementor-image-box-wrapper\"><figure class=\"elementor-image-box-img\"><a href=\"\/es\/categoria-producto\/\/vestuario\/\" tabindex=\"-1\"><img loading=\"lazy\" decoding=\"async\" width=\"300\" height=\"300\" src=\"https:\/\/europauto2.com\/wp-content\/uploads\/2024\/06\/Sweatshirt-Algodao-Unisexo.webp\" class=\"elementor-animation-shrink attachment-full size-full wp-image-17740\" alt=\"\" srcset=\"https:\/\/europauto2.com\/wp-content\/uploads\/2024\/06\/Sweatshirt-Algodao-Unisexo.webp 300w, https:\/\/europauto2.com\/wp-content\/uploads\/2024\/06\/Sweatshirt-Algodao-Unisexo-150x150.webp 150w, https:\/\/europauto2.com\/wp-content\/uploads\/2024\/06\/Sweatshirt-Algodao-Unisexo-12x12.webp 12w, https:\/\/europauto2.com\/wp-content\/uploads\/2024\/06\/Sweatshirt-Algodao-Unisexo-100x100.webp 100w\" sizes=\"auto, (max-width: 300px) 100vw, 300px\" \/><\/a><\/figure><div class=\"elementor-image-box-content\"><h3 class=\"elementor-image-box-title\"><a href=\"\/es\/categoria-producto\/\/vestuario\/\">ROPA<\/a><\/h3><p class=\"elementor-image-box-description\">Personalizado a su gusto<\/p><\/div><\/div>\t\t\t\t<\/div>\n\t\t\t\t<\/div>\n\t\t\t\t\t<\/div>\n\t\t<\/div>\n\t\t\t\t\t<\/div>\n\t\t<\/section>\n\t\t\t\t\t<\/div>\n\t\t<\/div>\n\t\t\t\t\t<\/div>\n\t\t<\/section>\n\t\t\t\t<\/div>","protected":false},"excerpt":{"rendered":"<p>Hola, SOMOS EUROPAUTO ii El nacimiento de \"Europauto II\" se remonta a 1997. Desde muy pronto, la voluntad de crecimiento, combinada con una gesti\u00f3n rigurosa, ha caracterizado lo que hoy es una empresa s\u00f3lida que se ha impuesto ... <a href=\"https:\/\/europauto2.com\/es\/sobre\/\">Leer m\u00e1s<\/a><\/p>","protected":false},"author":1,"featured_media":0,"parent":0,"menu_order":0,"comment_status":"closed","ping_status":"closed","template":"","meta":{"_monsterinsights_skip_tracking":false,"_monsterinsights_sitenote_active":false,"_monsterinsights_sitenote_note":"","_monsterinsights_sitenote_category":0,"footnotes":""},"class_list":["post-4529","page","type-page","status-publish","hentry"],"yoast_head":"<!-- This site is optimized with the Yoast SEO plugin v27.4 - https:\/\/yoast.com\/product\/yoast-seo-wordpress\/ -->\n<title>Sobre - Europauto 2<\/title>\n<meta name=\"description\" content=\"Fabrico de tapetes de autom\u00f3vel personalizados e chapas de matr\u00edculas. Dispomos hoje de uma ampla gama de produtos em variados ramos.\" \/>\n<meta name=\"robots\" content=\"index, follow, max-snippet:-1, max-image-preview:large, max-video-preview:-1\" \/>\n<link rel=\"canonical\" href=\"https:\/\/europauto2.com\/es\/sobre\/\" \/>\n<meta property=\"og:locale\" content=\"es_ES\" \/>\n<meta property=\"og:type\" content=\"article\" \/>\n<meta property=\"og:title\" content=\"Sobre - Europauto 2\" \/>\n<meta property=\"og:description\" content=\"Fabrico de tapetes de autom\u00f3vel personalizados e chapas de matr\u00edculas. Dispomos hoje de uma ampla gama de produtos em variados ramos.\" \/>\n<meta property=\"og:url\" content=\"https:\/\/europauto2.com\/es\/sobre\/\" \/>\n<meta property=\"og:site_name\" content=\"Europauto 2\" \/>\n<meta property=\"article:modified_time\" content=\"2024-07-02T11:11:20+00:00\" \/>\n<meta property=\"og:image\" content=\"https:\/\/europauto2.com\/wp-content\/uploads\/2024\/05\/IALP-EUROPAUTO-II-ANIVERSARIO-27-ANOS-130524-V2-1536x518.jpg\" \/>\n<meta name=\"twitter:card\" content=\"summary_large_image\" \/>\n<meta name=\"twitter:label1\" content=\"Tiempo de lectura\" \/>\n\t<meta name=\"twitter:data1\" content=\"3 minutos\" \/>\n<script type=\"application\/ld+json\" class=\"yoast-schema-graph\">{\"@context\":\"https:\\\/\\\/schema.org\",\"@graph\":[{\"@type\":\"WebPage\",\"@id\":\"https:\\\/\\\/europauto2.com\\\/sobre\\\/\",\"url\":\"https:\\\/\\\/europauto2.com\\\/sobre\\\/\",\"name\":\"Sobre - Europauto 2\",\"isPartOf\":{\"@id\":\"https:\\\/\\\/europauto2.com\\\/pt\\\/#website\"},\"primaryImageOfPage\":{\"@id\":\"https:\\\/\\\/europauto2.com\\\/sobre\\\/#primaryimage\"},\"image\":{\"@id\":\"https:\\\/\\\/europauto2.com\\\/sobre\\\/#primaryimage\"},\"thumbnailUrl\":\"https:\\\/\\\/europauto2.com\\\/wp-content\\\/uploads\\\/2024\\\/05\\\/IALP-EUROPAUTO-II-ANIVERSARIO-27-ANOS-130524-V2-1536x518.jpg\",\"datePublished\":\"2020-02-25T15:35:26+00:00\",\"dateModified\":\"2024-07-02T11:11:20+00:00\",\"description\":\"Fabrico de tapetes de autom\u00f3vel personalizados e chapas de matr\u00edculas. Dispomos hoje de uma ampla gama de produtos em variados ramos.\",\"breadcrumb\":{\"@id\":\"https:\\\/\\\/europauto2.com\\\/sobre\\\/#breadcrumb\"},\"inLanguage\":\"es\",\"potentialAction\":[{\"@type\":\"ReadAction\",\"target\":[\"https:\\\/\\\/europauto2.com\\\/sobre\\\/\"]}]},{\"@type\":\"ImageObject\",\"inLanguage\":\"es\",\"@id\":\"https:\\\/\\\/europauto2.com\\\/sobre\\\/#primaryimage\",\"url\":\"https:\\\/\\\/europauto2.com\\\/wp-content\\\/uploads\\\/2024\\\/05\\\/IALP-EUROPAUTO-II-ANIVERSARIO-27-ANOS-130524-V2-1536x518.jpg\",\"contentUrl\":\"https:\\\/\\\/europauto2.com\\\/wp-content\\\/uploads\\\/2024\\\/05\\\/IALP-EUROPAUTO-II-ANIVERSARIO-27-ANOS-130524-V2-1536x518.jpg\"},{\"@type\":\"BreadcrumbList\",\"@id\":\"https:\\\/\\\/europauto2.com\\\/sobre\\\/#breadcrumb\",\"itemListElement\":[{\"@type\":\"ListItem\",\"position\":1,\"name\":\"In\u00edcio\",\"item\":\"https:\\\/\\\/europauto2.com\\\/\"},{\"@type\":\"ListItem\",\"position\":2,\"name\":\"Sobre\"}]},{\"@type\":\"WebSite\",\"@id\":\"https:\\\/\\\/europauto2.com\\\/pt\\\/#website\",\"url\":\"https:\\\/\\\/europauto2.com\\\/pt\\\/\",\"name\":\"Europauto 2\",\"description\":\"by IALP Communication\",\"publisher\":{\"@id\":\"https:\\\/\\\/europauto2.com\\\/pt\\\/#organization\"},\"potentialAction\":[{\"@type\":\"SearchAction\",\"target\":{\"@type\":\"EntryPoint\",\"urlTemplate\":\"https:\\\/\\\/europauto2.com\\\/pt\\\/?s={search_term_string}\"},\"query-input\":{\"@type\":\"PropertyValueSpecification\",\"valueRequired\":true,\"valueName\":\"search_term_string\"}}],\"inLanguage\":\"es\"},{\"@type\":\"Organization\",\"@id\":\"https:\\\/\\\/europauto2.com\\\/pt\\\/#organization\",\"name\":\"Europauto 2\",\"url\":\"https:\\\/\\\/europauto2.com\\\/pt\\\/\",\"logo\":{\"@type\":\"ImageObject\",\"inLanguage\":\"es\",\"@id\":\"https:\\\/\\\/europauto2.com\\\/pt\\\/#\\\/schema\\\/logo\\\/image\\\/\",\"url\":\"https:\\\/\\\/europauto2.com\\\/wp-content\\\/uploads\\\/2023\\\/09\\\/IALP-LOGO.webp\",\"contentUrl\":\"https:\\\/\\\/europauto2.com\\\/wp-content\\\/uploads\\\/2023\\\/09\\\/IALP-LOGO.webp\",\"width\":591,\"height\":591,\"caption\":\"Europauto 2\"},\"image\":{\"@id\":\"https:\\\/\\\/europauto2.com\\\/pt\\\/#\\\/schema\\\/logo\\\/image\\\/\"}}]}<\/script>\n<!-- \/ Yoast SEO plugin. -->","yoast_head_json":{"title":"Acerca de - Europauto 2","description":"Fabricaci\u00f3n de alfombrillas y placas de matr\u00edcula personalizadas. Hoy disponemos de una amplia gama de productos en diversos campos.","robots":{"index":"index","follow":"follow","max-snippet":"max-snippet:-1","max-image-preview":"max-image-preview:large","max-video-preview":"max-video-preview:-1"},"canonical":"https:\/\/europauto2.com\/es\/sobre\/","og_locale":"es_ES","og_type":"article","og_title":"Sobre - Europauto 2","og_description":"Fabrico de tapetes de autom\u00f3vel personalizados e chapas de matr\u00edculas. Dispomos hoje de uma ampla gama de produtos em variados ramos.","og_url":"https:\/\/europauto2.com\/es\/sobre\/","og_site_name":"Europauto 2","article_modified_time":"2024-07-02T11:11:20+00:00","og_image":[{"url":"https:\/\/europauto2.com\/wp-content\/uploads\/2024\/05\/IALP-EUROPAUTO-II-ANIVERSARIO-27-ANOS-130524-V2-1536x518.jpg","type":"","width":"","height":""}],"twitter_card":"summary_large_image","twitter_misc":{"Tiempo de lectura":"3 minutos"},"schema":{"@context":"https:\/\/schema.org","@graph":[{"@type":"WebPage","@id":"https:\/\/europauto2.com\/sobre\/","url":"https:\/\/europauto2.com\/sobre\/","name":"Acerca de - Europauto 2","isPartOf":{"@id":"https:\/\/europauto2.com\/pt\/#website"},"primaryImageOfPage":{"@id":"https:\/\/europauto2.com\/sobre\/#primaryimage"},"image":{"@id":"https:\/\/europauto2.com\/sobre\/#primaryimage"},"thumbnailUrl":"https:\/\/europauto2.com\/wp-content\/uploads\/2024\/05\/IALP-EUROPAUTO-II-ANIVERSARIO-27-ANOS-130524-V2-1536x518.jpg","datePublished":"2020-02-25T15:35:26+00:00","dateModified":"2024-07-02T11:11:20+00:00","description":"Fabricaci\u00f3n de alfombrillas y placas de matr\u00edcula personalizadas. Hoy disponemos de una amplia gama de productos en diversos campos.","breadcrumb":{"@id":"https:\/\/europauto2.com\/sobre\/#breadcrumb"},"inLanguage":"es","potentialAction":[{"@type":"ReadAction","target":["https:\/\/europauto2.com\/sobre\/"]}]},{"@type":"ImageObject","inLanguage":"es","@id":"https:\/\/europauto2.com\/sobre\/#primaryimage","url":"https:\/\/europauto2.com\/wp-content\/uploads\/2024\/05\/IALP-EUROPAUTO-II-ANIVERSARIO-27-ANOS-130524-V2-1536x518.jpg","contentUrl":"https:\/\/europauto2.com\/wp-content\/uploads\/2024\/05\/IALP-EUROPAUTO-II-ANIVERSARIO-27-ANOS-130524-V2-1536x518.jpg"},{"@type":"BreadcrumbList","@id":"https:\/\/europauto2.com\/sobre\/#breadcrumb","itemListElement":[{"@type":"ListItem","position":1,"name":"In\u00edcio","item":"https:\/\/europauto2.com\/"},{"@type":"ListItem","position":2,"name":"Sobre"}]},{"@type":"WebSite","@id":"https:\/\/europauto2.com\/pt\/#website","url":"https:\/\/europauto2.com\/pt\/","name":"Europauto 2","description":"por IALP Communication","publisher":{"@id":"https:\/\/europauto2.com\/pt\/#organization"},"potentialAction":[{"@type":"SearchAction","target":{"@type":"EntryPoint","urlTemplate":"https:\/\/europauto2.com\/pt\/?s={search_term_string}"},"query-input":{"@type":"PropertyValueSpecification","valueRequired":true,"valueName":"search_term_string"}}],"inLanguage":"es"},{"@type":"Organization","@id":"https:\/\/europauto2.com\/pt\/#organization","name":"Europauto 2","url":"https:\/\/europauto2.com\/pt\/","logo":{"@type":"ImageObject","inLanguage":"es","@id":"https:\/\/europauto2.com\/pt\/#\/schema\/logo\/image\/","url":"https:\/\/europauto2.com\/wp-content\/uploads\/2023\/09\/IALP-LOGO.webp","contentUrl":"https:\/\/europauto2.com\/wp-content\/uploads\/2023\/09\/IALP-LOGO.webp","width":591,"height":591,"caption":"Europauto 2"},"image":{"@id":"https:\/\/europauto2.com\/pt\/#\/schema\/logo\/image\/"}}]}},"_links":{"self":[{"href":"https:\/\/europauto2.com\/es\/wp-json\/wp\/v2\/pages\/4529","targetHints":{"allow":["GET"]}}],"collection":[{"href":"https:\/\/europauto2.com\/es\/wp-json\/wp\/v2\/pages"}],"about":[{"href":"https:\/\/europauto2.com\/es\/wp-json\/wp\/v2\/types\/page"}],"author":[{"embeddable":true,"href":"https:\/\/europauto2.com\/es\/wp-json\/wp\/v2\/users\/1"}],"replies":[{"embeddable":true,"href":"https:\/\/europauto2.com\/es\/wp-json\/wp\/v2\/comments?post=4529"}],"version-history":[{"count":33,"href":"https:\/\/europauto2.com\/es\/wp-json\/wp\/v2\/pages\/4529\/revisions"}],"predecessor-version":[{"id":18597,"href":"https:\/\/europauto2.com\/es\/wp-json\/wp\/v2\/pages\/4529\/revisions\/18597"}],"wp:attachment":[{"href":"https:\/\/europauto2.com\/es\/wp-json\/wp\/v2\/media?parent=4529"}],"curies":[{"name":"wp","href":"https:\/\/api.w.org\/{rel}","templated":true}]}}