{"id":4529,"date":"2020-02-25T16:35:26","date_gmt":"2020-02-25T15:35:26","guid":{"rendered":"https:\/\/demo.wpthemego.com\/themes\/sw_autusin\/?page_id=4529"},"modified":"2024-07-02T12:11:20","modified_gmt":"2024-07-02T11:11:20","slug":"sobre","status":"publish","type":"page","link":"https:\/\/europauto2.com\/fr\/sobre\/","title":{"rendered":"A propos de"},"content":{"rendered":"<div data-elementor-type=\"wp-page\" data-elementor-id=\"4529\" class=\"elementor elementor-4529\" data-elementor-post-type=\"page\">\n\t\t\t\t\t\t<section class=\"elementor-section elementor-top-section elementor-element elementor-element-4f2dbf9 elementor-section-boxed elementor-section-height-default elementor-section-height-default\" data-id=\"4f2dbf9\" data-element_type=\"section\" data-e-type=\"section\">\n\t\t\t\t\t\t<div class=\"elementor-container elementor-column-gap-default\">\n\t\t\t\t\t<div class=\"elementor-column elementor-col-100 elementor-top-column elementor-element elementor-element-a789a16\" data-id=\"a789a16\" data-element_type=\"column\" data-e-type=\"column\">\n\t\t\t<div class=\"elementor-widget-wrap elementor-element-populated\">\n\t\t\t\t\t\t<div class=\"elementor-element elementor-element-5404eb1 elementor-widget elementor-widget-image\" data-id=\"5404eb1\" data-element_type=\"widget\" data-e-type=\"widget\" data-widget_type=\"image.default\">\n\t\t\t\t<div class=\"elementor-widget-container\">\n\t\t\t\t\t\t\t\t\t\t\t\t\t\t\t<img loading=\"lazy\" decoding=\"async\" width=\"1536\" height=\"518\" src=\"https:\/\/europauto2.com\/wp-content\/uploads\/2024\/05\/IALP-EUROPAUTO-II-ANIVERSARIO-27-ANOS-130524-V2-1536x518.jpg\" class=\"attachment-1536x1536 size-1536x1536 wp-image-16119\" alt=\"\" srcset=\"https:\/\/europauto2.com\/wp-content\/uploads\/2024\/05\/IALP-EUROPAUTO-II-ANIVERSARIO-27-ANOS-130524-V2-1536x518.jpg 1536w, https:\/\/europauto2.com\/wp-content\/uploads\/2024\/05\/IALP-EUROPAUTO-II-ANIVERSARIO-27-ANOS-130524-V2-scaled-900x303.jpg 900w, https:\/\/europauto2.com\/wp-content\/uploads\/2024\/05\/IALP-EUROPAUTO-II-ANIVERSARIO-27-ANOS-130524-V2-300x101.jpg 300w, https:\/\/europauto2.com\/wp-content\/uploads\/2024\/05\/IALP-EUROPAUTO-II-ANIVERSARIO-27-ANOS-130524-V2-1024x345.jpg 1024w, https:\/\/europauto2.com\/wp-content\/uploads\/2024\/05\/IALP-EUROPAUTO-II-ANIVERSARIO-27-ANOS-130524-V2-768x259.jpg 768w, https:\/\/europauto2.com\/wp-content\/uploads\/2024\/05\/IALP-EUROPAUTO-II-ANIVERSARIO-27-ANOS-130524-V2-2048x690.jpg 2048w, https:\/\/europauto2.com\/wp-content\/uploads\/2024\/05\/IALP-EUROPAUTO-II-ANIVERSARIO-27-ANOS-130524-V2-18x6.jpg 18w\" sizes=\"auto, (max-width: 1536px) 100vw, 1536px\" \/>\t\t\t\t\t\t\t\t\t\t\t\t\t\t\t<\/div>\n\t\t\t\t<\/div>\n\t\t\t\t\t<\/div>\n\t\t<\/div>\n\t\t\t\t\t<\/div>\n\t\t<\/section>\n\t\t\t\t<section class=\"elementor-section elementor-top-section elementor-element elementor-element-a7540b2 elementor-section-boxed elementor-section-height-default elementor-section-height-default\" data-id=\"a7540b2\" data-element_type=\"section\" data-e-type=\"section\">\n\t\t\t\t\t\t<div class=\"elementor-container elementor-column-gap-default\">\n\t\t\t\t\t<div class=\"elementor-column elementor-col-100 elementor-top-column elementor-element elementor-element-6a1ebd7\" data-id=\"6a1ebd7\" data-element_type=\"column\" data-e-type=\"column\">\n\t\t\t<div class=\"elementor-widget-wrap elementor-element-populated\">\n\t\t\t\t\t\t<div class=\"elementor-element elementor-element-d5f1243 elementor-widget elementor-widget-heading\" data-id=\"d5f1243\" data-element_type=\"widget\" data-e-type=\"widget\" data-widget_type=\"heading.default\">\n\t\t\t\t<div class=\"elementor-widget-container\">\n\t\t\t\t\t<h2 class=\"elementor-heading-title elementor-size-default\">Bonjour, nous sommes EUROPAUTO ii<\/h2>\t\t\t\t<\/div>\n\t\t\t\t<\/div>\n\t\t\t\t<div class=\"elementor-element elementor-element-256b0f3 elementor-widget elementor-widget-text-editor\" data-id=\"256b0f3\" data-element_type=\"widget\" data-e-type=\"widget\" data-widget_type=\"text-editor.default\">\n\t\t\t\t<div class=\"elementor-widget-container\">\n\t\t\t\t\t\t\t\t\t<p>La naissance d'\"Europauto II\" remonte \u00e0 1997. Tr\u00e8s t\u00f4t, la volont\u00e9 de croissance, associ\u00e9e \u00e0 une gestion rigoureuse, a caract\u00e9ris\u00e9 ce qui est aujourd'hui une entreprise solide qui s'est impos\u00e9e sur le march\u00e9 national de mani\u00e8re croissante et continue, en mettant l'accent sur la qualit\u00e9 et la personnalisation de ses produits, ainsi que sur un processus continu de modernisation de ses \u00e9quipements.<br \/>En tant que stockiste, nous disposons d'une large gamme de mati\u00e8res premi\u00e8res pour la fabrication de tapis de voiture et de tapis de sol, en cr\u00e9ant des tapis exclusifs pour chaque client, r\u00e9pondant ainsi rigoureusement \u00e0 toutes leurs exigences. Sur le march\u00e9 des plaques d'immatriculation, nous proposons tous les mod\u00e8les homologu\u00e9s au Portugal, et nous nous concentrons principalement sur la plaque d'immatriculation en aluminium estamp\u00e9e \u00e0 chaud, connue pour sa r\u00e9sistance et sa durabilit\u00e9, ainsi que sur la plaque d'immatriculation en acrylique manipul\u00e9e au laser, deux produits certifi\u00e9s.<br \/>Notre activit\u00e9 principale repose sur la fabrication de tapis de voiture et de plaques d'immatriculation personnalis\u00e9es, mais gr\u00e2ce \u00e0 un projet d'expansion croissante men\u00e9 au fil des ans et en r\u00e9ponse aux demandes du march\u00e9, nous disposons aujourd'hui d'une large gamme de produits dans diff\u00e9rents domaines.<br \/>Notre objectif premier est de conserver la confiance de nos clients et notre principale pr\u00e9occupation est de nous am\u00e9liorer d'ann\u00e9e en ann\u00e9e, en offrant une gamme de produits large et int\u00e9ressante. Pour nous, la qualit\u00e9 est le facteur principal de notre d\u00e9veloppement, c'est pourquoi elle est une exigence de notre direction et une responsabilit\u00e9 de tous nos employ\u00e9s.<\/p>\t\t\t\t\t\t\t\t<\/div>\n\t\t\t\t<\/div>\n\t\t\t\t\t<\/div>\n\t\t<\/div>\n\t\t\t\t\t<\/div>\n\t\t<\/section>\n\t\t\t\t<section class=\"elementor-section elementor-top-section elementor-element elementor-element-f7750d1 elementor-section-full_width elementor-section-height-default elementor-section-height-default\" data-id=\"f7750d1\" data-element_type=\"section\" data-e-type=\"section\" data-settings=\"{&quot;background_background&quot;:&quot;classic&quot;}\">\n\t\t\t\t\t\t<div class=\"elementor-container elementor-column-gap-default\">\n\t\t\t\t\t<div class=\"elementor-column elementor-col-100 elementor-top-column elementor-element elementor-element-9aecf96\" data-id=\"9aecf96\" data-element_type=\"column\" data-e-type=\"column\">\n\t\t\t<div class=\"elementor-widget-wrap elementor-element-populated\">\n\t\t\t\t\t\t<section class=\"elementor-section elementor-inner-section elementor-element elementor-element-599b3e6 elementor-section-boxed elementor-section-height-default elementor-section-height-default\" data-id=\"599b3e6\" data-element_type=\"section\" data-e-type=\"section\">\n\t\t\t\t\t\t<div class=\"elementor-container elementor-column-gap-default\">\n\t\t\t\t\t<div class=\"elementor-column elementor-col-20 elementor-inner-column elementor-element elementor-element-1f078fb\" data-id=\"1f078fb\" data-element_type=\"column\" data-e-type=\"column\">\n\t\t\t<div class=\"elementor-widget-wrap elementor-element-populated\">\n\t\t\t\t\t\t<div class=\"elementor-element elementor-element-29c050d elementor-position-top elementor-widget elementor-widget-image-box\" data-id=\"29c050d\" data-element_type=\"widget\" data-e-type=\"widget\" data-widget_type=\"image-box.default\">\n\t\t\t\t<div class=\"elementor-widget-container\">\n\t\t\t\t\t<div class=\"elementor-image-box-wrapper\"><figure class=\"elementor-image-box-img\"><a href=\"\/fr\/categorie-produit\/tapetes-alcatifa\/\" tabindex=\"-1\"><img loading=\"lazy\" decoding=\"async\" width=\"1182\" height=\"1182\" src=\"https:\/\/europauto2.com\/wp-content\/uploads\/2024\/02\/NISSAN-MICRA-K11-1992-2002-1.png\" class=\"elementor-animation-shrink attachment-full size-full wp-image-17306\" alt=\"\" srcset=\"https:\/\/europauto2.com\/wp-content\/uploads\/2024\/02\/NISSAN-MICRA-K11-1992-2002-1.png 1182w, https:\/\/europauto2.com\/wp-content\/uploads\/2024\/02\/NISSAN-MICRA-K11-1992-2002-1-300x300.png 300w, https:\/\/europauto2.com\/wp-content\/uploads\/2024\/02\/NISSAN-MICRA-K11-1992-2002-1-1024x1024.png 1024w, https:\/\/europauto2.com\/wp-content\/uploads\/2024\/02\/NISSAN-MICRA-K11-1992-2002-1-150x150.png 150w, https:\/\/europauto2.com\/wp-content\/uploads\/2024\/02\/NISSAN-MICRA-K11-1992-2002-1-768x768.png 768w, https:\/\/europauto2.com\/wp-content\/uploads\/2024\/02\/NISSAN-MICRA-K11-1992-2002-1-12x12.png 12w, https:\/\/europauto2.com\/wp-content\/uploads\/2024\/02\/NISSAN-MICRA-K11-1992-2002-1-800x800.png 800w, https:\/\/europauto2.com\/wp-content\/uploads\/2024\/02\/NISSAN-MICRA-K11-1992-2002-1-900x900.png 900w, https:\/\/europauto2.com\/wp-content\/uploads\/2024\/02\/NISSAN-MICRA-K11-1992-2002-1-100x100.png 100w\" sizes=\"auto, (max-width: 1182px) 100vw, 1182px\" \/><\/a><\/figure><div class=\"elementor-image-box-content\"><h3 class=\"elementor-image-box-title\"><a href=\"\/fr\/categorie-produit\/tapetes-alcatifa\/\">TAPIS DE MOQUETTE<\/a><\/h3><p class=\"elementor-image-box-description\">Nous disposons d'une large gamme de tapis<\/p><\/div><\/div>\t\t\t\t<\/div>\n\t\t\t\t<\/div>\n\t\t\t\t\t<\/div>\n\t\t<\/div>\n\t\t\t\t<div class=\"elementor-column elementor-col-20 elementor-inner-column elementor-element elementor-element-6937a6b\" data-id=\"6937a6b\" data-element_type=\"column\" data-e-type=\"column\">\n\t\t\t<div class=\"elementor-widget-wrap elementor-element-populated\">\n\t\t\t\t\t\t<div class=\"elementor-element elementor-element-4f7cc21 elementor-position-top elementor-widget elementor-widget-image-box\" data-id=\"4f7cc21\" data-element_type=\"widget\" data-e-type=\"widget\" data-widget_type=\"image-box.default\">\n\t\t\t\t<div class=\"elementor-widget-container\">\n\t\t\t\t\t<div class=\"elementor-image-box-wrapper\"><figure class=\"elementor-image-box-img\"><a href=\"\/fr\/categorie-produit\/tapetes-de-borracha\/\" tabindex=\"-1\"><img loading=\"lazy\" decoding=\"async\" width=\"300\" height=\"300\" src=\"https:\/\/europauto2.com\/wp-content\/uploads\/2024\/06\/IALP-EUROPAUTO-II-IMAGENS-TAPETES-BORRACHA.webp\" class=\"elementor-animation-shrink attachment-full size-full wp-image-17738\" alt=\"\" srcset=\"https:\/\/europauto2.com\/wp-content\/uploads\/2024\/06\/IALP-EUROPAUTO-II-IMAGENS-TAPETES-BORRACHA.webp 300w, https:\/\/europauto2.com\/wp-content\/uploads\/2024\/06\/IALP-EUROPAUTO-II-IMAGENS-TAPETES-BORRACHA-150x150.webp 150w, https:\/\/europauto2.com\/wp-content\/uploads\/2024\/06\/IALP-EUROPAUTO-II-IMAGENS-TAPETES-BORRACHA-12x12.webp 12w, https:\/\/europauto2.com\/wp-content\/uploads\/2024\/06\/IALP-EUROPAUTO-II-IMAGENS-TAPETES-BORRACHA-100x100.webp 100w\" sizes=\"auto, (max-width: 300px) 100vw, 300px\" \/><\/a><\/figure><div class=\"elementor-image-box-content\"><h3 class=\"elementor-image-box-title\"><a href=\"\/fr\/categorie-produit\/tapetes-de-borracha\/\">TAPIS EN CAOUTCHOUC<\/a><\/h3><p class=\"elementor-image-box-description\">Nous disposons d'une large gamme de tapis<\/p><\/div><\/div>\t\t\t\t<\/div>\n\t\t\t\t<\/div>\n\t\t\t\t\t<\/div>\n\t\t<\/div>\n\t\t\t\t<div class=\"elementor-column elementor-col-20 elementor-inner-column elementor-element elementor-element-4950bcd\" data-id=\"4950bcd\" data-element_type=\"column\" data-e-type=\"column\">\n\t\t\t<div class=\"elementor-widget-wrap elementor-element-populated\">\n\t\t\t\t\t\t<div class=\"elementor-element elementor-element-2ba2c45 elementor-position-top elementor-widget elementor-widget-image-box\" data-id=\"2ba2c45\" data-element_type=\"widget\" data-e-type=\"widget\" data-widget_type=\"image-box.default\">\n\t\t\t\t<div class=\"elementor-widget-container\">\n\t\t\t\t\t<div class=\"elementor-image-box-wrapper\"><figure class=\"elementor-image-box-img\"><a href=\"\/fr\/categorie-produit\/chuventos\/\" tabindex=\"-1\"><img loading=\"lazy\" decoding=\"async\" width=\"1182\" height=\"1182\" src=\"https:\/\/europauto2.com\/wp-content\/uploads\/2024\/06\/IALP-EUROPAUTO-II-CHUVENTOS.jpg\" class=\"elementor-animation-shrink attachment-full size-full wp-image-18147\" alt=\"\" srcset=\"https:\/\/europauto2.com\/wp-content\/uploads\/2024\/06\/IALP-EUROPAUTO-II-CHUVENTOS.jpg 1182w, https:\/\/europauto2.com\/wp-content\/uploads\/2024\/06\/IALP-EUROPAUTO-II-CHUVENTOS-300x300.jpg 300w, https:\/\/europauto2.com\/wp-content\/uploads\/2024\/06\/IALP-EUROPAUTO-II-CHUVENTOS-1024x1024.jpg 1024w, https:\/\/europauto2.com\/wp-content\/uploads\/2024\/06\/IALP-EUROPAUTO-II-CHUVENTOS-150x150.jpg 150w, https:\/\/europauto2.com\/wp-content\/uploads\/2024\/06\/IALP-EUROPAUTO-II-CHUVENTOS-768x768.jpg 768w, https:\/\/europauto2.com\/wp-content\/uploads\/2024\/06\/IALP-EUROPAUTO-II-CHUVENTOS-12x12.jpg 12w, https:\/\/europauto2.com\/wp-content\/uploads\/2024\/06\/IALP-EUROPAUTO-II-CHUVENTOS-800x800.jpg 800w, https:\/\/europauto2.com\/wp-content\/uploads\/2024\/06\/IALP-EUROPAUTO-II-CHUVENTOS-900x900.jpg 900w, https:\/\/europauto2.com\/wp-content\/uploads\/2024\/06\/IALP-EUROPAUTO-II-CHUVENTOS-100x100.jpg 100w\" sizes=\"auto, (max-width: 1182px) 100vw, 1182px\" \/><\/a><\/figure><div class=\"elementor-image-box-content\"><h3 class=\"elementor-image-box-title\"><a href=\"\/fr\/categorie-produit\/chuventos\/\">D\u00c9FLECTEURS D`AIR<\/a><\/h3><p class=\"elementor-image-box-description\">Nous disposons d'une large gamme de manches \u00e0 air<\/p><\/div><\/div>\t\t\t\t<\/div>\n\t\t\t\t<\/div>\n\t\t\t\t\t<\/div>\n\t\t<\/div>\n\t\t\t\t<div class=\"elementor-column elementor-col-20 elementor-inner-column elementor-element elementor-element-6b9cde1\" data-id=\"6b9cde1\" data-element_type=\"column\" data-e-type=\"column\">\n\t\t\t<div class=\"elementor-widget-wrap elementor-element-populated\">\n\t\t\t\t\t\t<div class=\"elementor-element elementor-element-3d719cf elementor-position-top elementor-widget elementor-widget-image-box\" data-id=\"3d719cf\" data-element_type=\"widget\" data-e-type=\"widget\" data-widget_type=\"image-box.default\">\n\t\t\t\t<div class=\"elementor-widget-container\">\n\t\t\t\t\t<div class=\"elementor-image-box-wrapper\"><figure class=\"elementor-image-box-img\"><a href=\"\/fr\/categorie-produit\/placas-de-matricula\/\" tabindex=\"-1\"><img loading=\"lazy\" decoding=\"async\" width=\"300\" height=\"300\" src=\"https:\/\/europauto2.com\/wp-content\/uploads\/2024\/06\/IALP-EUROPAUTO-MATRICULAS.webp\" class=\"elementor-animation-shrink attachment-full size-full wp-image-17739\" alt=\"\" srcset=\"https:\/\/europauto2.com\/wp-content\/uploads\/2024\/06\/IALP-EUROPAUTO-MATRICULAS.webp 300w, https:\/\/europauto2.com\/wp-content\/uploads\/2024\/06\/IALP-EUROPAUTO-MATRICULAS-150x150.webp 150w, https:\/\/europauto2.com\/wp-content\/uploads\/2024\/06\/IALP-EUROPAUTO-MATRICULAS-12x12.webp 12w, https:\/\/europauto2.com\/wp-content\/uploads\/2024\/06\/IALP-EUROPAUTO-MATRICULAS-100x100.webp 100w\" sizes=\"auto, (max-width: 300px) 100vw, 300px\" \/><\/a><\/figure><div class=\"elementor-image-box-content\"><h3 class=\"elementor-image-box-title\"><a href=\"\/fr\/categorie-produit\/placas-de-matricula\/\">PLAQUES D'IMMATRICULATION<\/a><\/h3><p class=\"elementor-image-box-description\">Tous les mod\u00e8les sont approuv\u00e9s<\/p><\/div><\/div>\t\t\t\t<\/div>\n\t\t\t\t<\/div>\n\t\t\t\t\t<\/div>\n\t\t<\/div>\n\t\t\t\t<div class=\"elementor-column elementor-col-20 elementor-inner-column elementor-element elementor-element-cd870f3\" data-id=\"cd870f3\" data-element_type=\"column\" data-e-type=\"column\">\n\t\t\t<div class=\"elementor-widget-wrap elementor-element-populated\">\n\t\t\t\t\t\t<div class=\"elementor-element elementor-element-42a9eb6 elementor-position-top elementor-widget elementor-widget-image-box\" data-id=\"42a9eb6\" data-element_type=\"widget\" data-e-type=\"widget\" data-widget_type=\"image-box.default\">\n\t\t\t\t<div class=\"elementor-widget-container\">\n\t\t\t\t\t<div class=\"elementor-image-box-wrapper\"><figure class=\"elementor-image-box-img\"><a href=\"\/fr\/categorie-produit\/\/vestuario\/\" tabindex=\"-1\"><img loading=\"lazy\" decoding=\"async\" width=\"300\" height=\"300\" src=\"https:\/\/europauto2.com\/wp-content\/uploads\/2024\/06\/Sweatshirt-Algodao-Unisexo.webp\" class=\"elementor-animation-shrink attachment-full size-full wp-image-17740\" alt=\"\" srcset=\"https:\/\/europauto2.com\/wp-content\/uploads\/2024\/06\/Sweatshirt-Algodao-Unisexo.webp 300w, https:\/\/europauto2.com\/wp-content\/uploads\/2024\/06\/Sweatshirt-Algodao-Unisexo-150x150.webp 150w, https:\/\/europauto2.com\/wp-content\/uploads\/2024\/06\/Sweatshirt-Algodao-Unisexo-12x12.webp 12w, https:\/\/europauto2.com\/wp-content\/uploads\/2024\/06\/Sweatshirt-Algodao-Unisexo-100x100.webp 100w\" sizes=\"auto, (max-width: 300px) 100vw, 300px\" \/><\/a><\/figure><div class=\"elementor-image-box-content\"><h3 class=\"elementor-image-box-title\"><a href=\"\/fr\/categorie-produit\/\/vestuario\/\">V\u00caTEMENTS<\/a><\/h3><p class=\"elementor-image-box-description\">Personnalis\u00e9 \u00e0 votre convenance<\/p><\/div><\/div>\t\t\t\t<\/div>\n\t\t\t\t<\/div>\n\t\t\t\t\t<\/div>\n\t\t<\/div>\n\t\t\t\t\t<\/div>\n\t\t<\/section>\n\t\t\t\t\t<\/div>\n\t\t<\/div>\n\t\t\t\t\t<\/div>\n\t\t<\/section>\n\t\t\t\t<\/div>","protected":false},"excerpt":{"rendered":"<p>Bonjour, NOUS SOMMES EUROPAUTO ii La naissance d'\"Europauto II\" remonte \u00e0 1997. Tr\u00e8s t\u00f4t, la volont\u00e9 de croissance, alli\u00e9e \u00e0 une gestion rigoureuse, a caract\u00e9ris\u00e9 ce qui est aujourd'hui une entreprise solide qui s'est impos\u00e9e ... <a href=\"https:\/\/europauto2.com\/fr\/sobre\/\">En savoir plus<\/a><\/p>","protected":false},"author":1,"featured_media":0,"parent":0,"menu_order":0,"comment_status":"closed","ping_status":"closed","template":"","meta":{"_monsterinsights_skip_tracking":false,"_monsterinsights_sitenote_active":false,"_monsterinsights_sitenote_note":"","_monsterinsights_sitenote_category":0,"footnotes":""},"class_list":["post-4529","page","type-page","status-publish","hentry"],"yoast_head":"<!-- This site is optimized with the Yoast SEO plugin v27.4 - https:\/\/yoast.com\/product\/yoast-seo-wordpress\/ -->\n<title>Sobre - Europauto 2<\/title>\n<meta name=\"description\" content=\"Fabrico de tapetes de autom\u00f3vel personalizados e chapas de matr\u00edculas. Dispomos hoje de uma ampla gama de produtos em variados ramos.\" \/>\n<meta name=\"robots\" content=\"index, follow, max-snippet:-1, max-image-preview:large, max-video-preview:-1\" \/>\n<link rel=\"canonical\" href=\"https:\/\/europauto2.com\/fr\/sobre\/\" \/>\n<meta property=\"og:locale\" content=\"fr_FR\" \/>\n<meta property=\"og:type\" content=\"article\" \/>\n<meta property=\"og:title\" content=\"Sobre - Europauto 2\" \/>\n<meta property=\"og:description\" content=\"Fabrico de tapetes de autom\u00f3vel personalizados e chapas de matr\u00edculas. Dispomos hoje de uma ampla gama de produtos em variados ramos.\" \/>\n<meta property=\"og:url\" content=\"https:\/\/europauto2.com\/fr\/sobre\/\" \/>\n<meta property=\"og:site_name\" content=\"Europauto 2\" \/>\n<meta property=\"article:modified_time\" content=\"2024-07-02T11:11:20+00:00\" \/>\n<meta property=\"og:image\" content=\"https:\/\/europauto2.com\/wp-content\/uploads\/2024\/05\/IALP-EUROPAUTO-II-ANIVERSARIO-27-ANOS-130524-V2-1536x518.jpg\" \/>\n<meta name=\"twitter:card\" content=\"summary_large_image\" \/>\n<meta name=\"twitter:label1\" content=\"Dur\u00e9e de lecture estim\u00e9e\" \/>\n\t<meta name=\"twitter:data1\" content=\"3 minutes\" \/>\n<script type=\"application\/ld+json\" class=\"yoast-schema-graph\">{\"@context\":\"https:\\\/\\\/schema.org\",\"@graph\":[{\"@type\":\"WebPage\",\"@id\":\"https:\\\/\\\/europauto2.com\\\/sobre\\\/\",\"url\":\"https:\\\/\\\/europauto2.com\\\/sobre\\\/\",\"name\":\"Sobre - Europauto 2\",\"isPartOf\":{\"@id\":\"https:\\\/\\\/europauto2.com\\\/pt\\\/#website\"},\"primaryImageOfPage\":{\"@id\":\"https:\\\/\\\/europauto2.com\\\/sobre\\\/#primaryimage\"},\"image\":{\"@id\":\"https:\\\/\\\/europauto2.com\\\/sobre\\\/#primaryimage\"},\"thumbnailUrl\":\"https:\\\/\\\/europauto2.com\\\/wp-content\\\/uploads\\\/2024\\\/05\\\/IALP-EUROPAUTO-II-ANIVERSARIO-27-ANOS-130524-V2-1536x518.jpg\",\"datePublished\":\"2020-02-25T15:35:26+00:00\",\"dateModified\":\"2024-07-02T11:11:20+00:00\",\"description\":\"Fabrico de tapetes de autom\u00f3vel personalizados e chapas de matr\u00edculas. Dispomos hoje de uma ampla gama de produtos em variados ramos.\",\"breadcrumb\":{\"@id\":\"https:\\\/\\\/europauto2.com\\\/sobre\\\/#breadcrumb\"},\"inLanguage\":\"fr-FR\",\"potentialAction\":[{\"@type\":\"ReadAction\",\"target\":[\"https:\\\/\\\/europauto2.com\\\/sobre\\\/\"]}]},{\"@type\":\"ImageObject\",\"inLanguage\":\"fr-FR\",\"@id\":\"https:\\\/\\\/europauto2.com\\\/sobre\\\/#primaryimage\",\"url\":\"https:\\\/\\\/europauto2.com\\\/wp-content\\\/uploads\\\/2024\\\/05\\\/IALP-EUROPAUTO-II-ANIVERSARIO-27-ANOS-130524-V2-1536x518.jpg\",\"contentUrl\":\"https:\\\/\\\/europauto2.com\\\/wp-content\\\/uploads\\\/2024\\\/05\\\/IALP-EUROPAUTO-II-ANIVERSARIO-27-ANOS-130524-V2-1536x518.jpg\"},{\"@type\":\"BreadcrumbList\",\"@id\":\"https:\\\/\\\/europauto2.com\\\/sobre\\\/#breadcrumb\",\"itemListElement\":[{\"@type\":\"ListItem\",\"position\":1,\"name\":\"In\u00edcio\",\"item\":\"https:\\\/\\\/europauto2.com\\\/\"},{\"@type\":\"ListItem\",\"position\":2,\"name\":\"Sobre\"}]},{\"@type\":\"WebSite\",\"@id\":\"https:\\\/\\\/europauto2.com\\\/pt\\\/#website\",\"url\":\"https:\\\/\\\/europauto2.com\\\/pt\\\/\",\"name\":\"Europauto 2\",\"description\":\"by IALP Communication\",\"publisher\":{\"@id\":\"https:\\\/\\\/europauto2.com\\\/pt\\\/#organization\"},\"potentialAction\":[{\"@type\":\"SearchAction\",\"target\":{\"@type\":\"EntryPoint\",\"urlTemplate\":\"https:\\\/\\\/europauto2.com\\\/pt\\\/?s={search_term_string}\"},\"query-input\":{\"@type\":\"PropertyValueSpecification\",\"valueRequired\":true,\"valueName\":\"search_term_string\"}}],\"inLanguage\":\"fr-FR\"},{\"@type\":\"Organization\",\"@id\":\"https:\\\/\\\/europauto2.com\\\/pt\\\/#organization\",\"name\":\"Europauto 2\",\"url\":\"https:\\\/\\\/europauto2.com\\\/pt\\\/\",\"logo\":{\"@type\":\"ImageObject\",\"inLanguage\":\"fr-FR\",\"@id\":\"https:\\\/\\\/europauto2.com\\\/pt\\\/#\\\/schema\\\/logo\\\/image\\\/\",\"url\":\"https:\\\/\\\/europauto2.com\\\/wp-content\\\/uploads\\\/2023\\\/09\\\/IALP-LOGO.webp\",\"contentUrl\":\"https:\\\/\\\/europauto2.com\\\/wp-content\\\/uploads\\\/2023\\\/09\\\/IALP-LOGO.webp\",\"width\":591,\"height\":591,\"caption\":\"Europauto 2\"},\"image\":{\"@id\":\"https:\\\/\\\/europauto2.com\\\/pt\\\/#\\\/schema\\\/logo\\\/image\\\/\"}}]}<\/script>\n<!-- \/ Yoast SEO plugin. -->","yoast_head_json":{"title":"\u00c0 propos - Europauto 2","description":"Fabrication de tapis de voiture et de plaques d'immatriculation personnalis\u00e9es. Aujourd'hui, nous disposons d'une large gamme de produits dans diff\u00e9rents domaines.","robots":{"index":"index","follow":"follow","max-snippet":"max-snippet:-1","max-image-preview":"max-image-preview:large","max-video-preview":"max-video-preview:-1"},"canonical":"https:\/\/europauto2.com\/fr\/sobre\/","og_locale":"fr_FR","og_type":"article","og_title":"Sobre - Europauto 2","og_description":"Fabrico de tapetes de autom\u00f3vel personalizados e chapas de matr\u00edculas. Dispomos hoje de uma ampla gama de produtos em variados ramos.","og_url":"https:\/\/europauto2.com\/fr\/sobre\/","og_site_name":"Europauto 2","article_modified_time":"2024-07-02T11:11:20+00:00","og_image":[{"url":"https:\/\/europauto2.com\/wp-content\/uploads\/2024\/05\/IALP-EUROPAUTO-II-ANIVERSARIO-27-ANOS-130524-V2-1536x518.jpg","type":"","width":"","height":""}],"twitter_card":"summary_large_image","twitter_misc":{"Dur\u00e9e de lecture estim\u00e9e":"3 minutes"},"schema":{"@context":"https:\/\/schema.org","@graph":[{"@type":"WebPage","@id":"https:\/\/europauto2.com\/sobre\/","url":"https:\/\/europauto2.com\/sobre\/","name":"\u00c0 propos - Europauto 2","isPartOf":{"@id":"https:\/\/europauto2.com\/pt\/#website"},"primaryImageOfPage":{"@id":"https:\/\/europauto2.com\/sobre\/#primaryimage"},"image":{"@id":"https:\/\/europauto2.com\/sobre\/#primaryimage"},"thumbnailUrl":"https:\/\/europauto2.com\/wp-content\/uploads\/2024\/05\/IALP-EUROPAUTO-II-ANIVERSARIO-27-ANOS-130524-V2-1536x518.jpg","datePublished":"2020-02-25T15:35:26+00:00","dateModified":"2024-07-02T11:11:20+00:00","description":"Fabrication de tapis de voiture et de plaques d'immatriculation personnalis\u00e9es. Aujourd'hui, nous disposons d'une large gamme de produits dans diff\u00e9rents domaines.","breadcrumb":{"@id":"https:\/\/europauto2.com\/sobre\/#breadcrumb"},"inLanguage":"fr-FR","potentialAction":[{"@type":"ReadAction","target":["https:\/\/europauto2.com\/sobre\/"]}]},{"@type":"ImageObject","inLanguage":"fr-FR","@id":"https:\/\/europauto2.com\/sobre\/#primaryimage","url":"https:\/\/europauto2.com\/wp-content\/uploads\/2024\/05\/IALP-EUROPAUTO-II-ANIVERSARIO-27-ANOS-130524-V2-1536x518.jpg","contentUrl":"https:\/\/europauto2.com\/wp-content\/uploads\/2024\/05\/IALP-EUROPAUTO-II-ANIVERSARIO-27-ANOS-130524-V2-1536x518.jpg"},{"@type":"BreadcrumbList","@id":"https:\/\/europauto2.com\/sobre\/#breadcrumb","itemListElement":[{"@type":"ListItem","position":1,"name":"In\u00edcio","item":"https:\/\/europauto2.com\/"},{"@type":"ListItem","position":2,"name":"Sobre"}]},{"@type":"WebSite","@id":"https:\/\/europauto2.com\/pt\/#website","url":"https:\/\/europauto2.com\/pt\/","name":"Europauto 2","description":"par IALP Communication","publisher":{"@id":"https:\/\/europauto2.com\/pt\/#organization"},"potentialAction":[{"@type":"SearchAction","target":{"@type":"EntryPoint","urlTemplate":"https:\/\/europauto2.com\/pt\/?s={search_term_string}"},"query-input":{"@type":"PropertyValueSpecification","valueRequired":true,"valueName":"search_term_string"}}],"inLanguage":"fr-FR"},{"@type":"Organization","@id":"https:\/\/europauto2.com\/pt\/#organization","name":"Europauto 2","url":"https:\/\/europauto2.com\/pt\/","logo":{"@type":"ImageObject","inLanguage":"fr-FR","@id":"https:\/\/europauto2.com\/pt\/#\/schema\/logo\/image\/","url":"https:\/\/europauto2.com\/wp-content\/uploads\/2023\/09\/IALP-LOGO.webp","contentUrl":"https:\/\/europauto2.com\/wp-content\/uploads\/2023\/09\/IALP-LOGO.webp","width":591,"height":591,"caption":"Europauto 2"},"image":{"@id":"https:\/\/europauto2.com\/pt\/#\/schema\/logo\/image\/"}}]}},"_links":{"self":[{"href":"https:\/\/europauto2.com\/fr\/wp-json\/wp\/v2\/pages\/4529","targetHints":{"allow":["GET"]}}],"collection":[{"href":"https:\/\/europauto2.com\/fr\/wp-json\/wp\/v2\/pages"}],"about":[{"href":"https:\/\/europauto2.com\/fr\/wp-json\/wp\/v2\/types\/page"}],"author":[{"embeddable":true,"href":"https:\/\/europauto2.com\/fr\/wp-json\/wp\/v2\/users\/1"}],"replies":[{"embeddable":true,"href":"https:\/\/europauto2.com\/fr\/wp-json\/wp\/v2\/comments?post=4529"}],"version-history":[{"count":33,"href":"https:\/\/europauto2.com\/fr\/wp-json\/wp\/v2\/pages\/4529\/revisions"}],"predecessor-version":[{"id":18597,"href":"https:\/\/europauto2.com\/fr\/wp-json\/wp\/v2\/pages\/4529\/revisions\/18597"}],"wp:attachment":[{"href":"https:\/\/europauto2.com\/fr\/wp-json\/wp\/v2\/media?parent=4529"}],"curies":[{"name":"wp","href":"https:\/\/api.w.org\/{rel}","templated":true}]}}