{"id":6866,"date":"2024-01-15T12:04:24","date_gmt":"2024-01-15T11:04:24","guid":{"rendered":"https:\/\/europauto2.com\/?page_id=6866"},"modified":"2024-06-28T17:03:29","modified_gmt":"2024-06-28T16:03:29","slug":"politica-de-privacidade","status":"publish","type":"page","link":"https:\/\/europauto2.com\/fr\/politica-de-privacidade\/","title":{"rendered":"Politique de confidentialit\u00e9"},"content":{"rendered":"<div data-elementor-type=\"wp-page\" data-elementor-id=\"6866\" class=\"elementor elementor-6866\" data-elementor-post-type=\"page\">\n\t\t\t\t<div class=\"elementor-element elementor-element-6e0971aa e-flex e-con-boxed e-con e-parent\" data-id=\"6e0971aa\" data-element_type=\"container\" data-e-type=\"container\">\n\t\t\t\t\t<div class=\"e-con-inner\">\n\t\t\t\t<div class=\"elementor-element elementor-element-446be753 elementor-widget elementor-widget-text-editor\" data-id=\"446be753\" data-element_type=\"widget\" data-e-type=\"widget\" data-widget_type=\"text-editor.default\">\n\t\t\t\t<div class=\"elementor-widget-container\">\n\t\t\t\t\t\t\t\t\t\n<p>Dans ce document, nous nous effor\u00e7ons d'expliquer quelles donn\u00e9es \u00e0 caract\u00e8re personnel nous collectons, \u00e0 quelles fins nous pouvons les utiliser, comment nous les traitons, avec qui nous les partageons, combien de temps nous les conservons, ainsi que la mani\u00e8re de nous contacter et d'exercer vos droits.<\/p>\n\n\n\n<p><strong>R\u00e8glement g\u00e9n\u00e9ral sur la protection des donn\u00e9es<\/strong><\/p>\n\n\n\n<p>Le nouveau GDPR \u00e9tablit les r\u00e8gles r\u00e9gissant le traitement par une personne, une entreprise ou une organisation de donn\u00e9es personnelles concernant des personnes dans l'Union europ\u00e9enne (UE).<\/p>\n\n\n\n<p>Le GDPR prot\u00e8ge les donn\u00e9es personnelles ind\u00e9pendamment de la technologie utilis\u00e9e pour les traiter, la protection est neutre sur le plan technologique et s'applique \u00e0 la fois au traitement automatis\u00e9 et au traitement manuel, tant que les donn\u00e9es sont organis\u00e9es selon des crit\u00e8res pr\u00e9d\u00e9finis (par exemple, par ordre alphab\u00e9tique). La mani\u00e8re dont les donn\u00e9es sont stock\u00e9es, dans un syst\u00e8me informatique, par vid\u00e9osurveillance ou sur papier, n'a pas non plus d'importance ; dans tous ces cas, les donn\u00e9es \u00e0 caract\u00e8re personnel sont soumises aux exigences de protection du GDPR.<\/p>\n\n\n\n<p><strong>Qui est le responsable du traitement des donn\u00e9es ?<\/strong><\/p>\n\n\n\n<p><strong>Europauto II<\/strong>&nbsp;est responsable du traitement des donn\u00e9es \u00e0 caract\u00e8re personnel dans le cadre du GDPR.<\/p>\n\n\n\n<p><strong>Traitement des donn\u00e9es \u00e0 caract\u00e8re personnel, champ d'application et modification de la politique de confidentialit\u00e9<\/strong><\/p>\n\n\n\n<p>En mettant vos donn\u00e9es personnelles \u00e0 la disposition&nbsp;<strong>Europauto II<\/strong>Conform\u00e9ment aux termes de la pr\u00e9sente politique de confidentialit\u00e9, la personne concern\u00e9e consent au traitement des donn\u00e9es \u00e0 caract\u00e8re personnel conform\u00e9ment \u00e0 la pr\u00e9sente politique de confidentialit\u00e9.<\/p>\n\n\n\n<p>La pr\u00e9sente politique de confidentialit\u00e9 s'applique aux donn\u00e9es qui ont \u00e9t\u00e9 directement fournies par la personne concern\u00e9e ou collect\u00e9es lorsque la personne concern\u00e9e acc\u00e8de aux plateformes et services num\u00e9riques d'Europauto II.<\/p>\n\n\n\n<p>Europauto II se r\u00e9serve le droit de modifier sa politique de confidentialit\u00e9, c'est pourquoi nous vous conseillons de consulter r\u00e9guli\u00e8rement ce document.<\/p>\n\n\n\n<p><strong>&nbsp;Quel type d'informations Europauto II recueille-t-il ?<\/strong><\/p>\n\n\n\n<p>A&nbsp;<strong>Europauto II<\/strong>&nbsp;recueille deux types d'informations : les informations personnelles et les informations anonymes. Les informations anonymes sont collect\u00e9es lorsque la personne concern\u00e9e visite les plates-formes num\u00e9riques et sont destin\u00e9es \u00e0 am\u00e9liorer le fonctionnement des plates-formes, y compris la gestion et la hi\u00e9rarchisation du contenu. Les informations personnelles sont fournies volontairement par la personne concern\u00e9e au moment de l'enregistrement facultatif. Toutes les donn\u00e9es collect\u00e9es sont trait\u00e9es automatiquement et les informations collect\u00e9es aupr\u00e8s de la personne concern\u00e9e sont crypt\u00e9es et g\u00e9r\u00e9es avec une s\u00e9curit\u00e9 avanc\u00e9e.<\/p>\n\n\n\n<p>L'enregistrement permet au d\u00e9tenteur des donn\u00e9es personnelles d'acc\u00e9der aux services fournis par Europauto II.<\/p>\n\n\n\n<p><strong>Qu'est-ce qu'une donn\u00e9e \u00e0 caract\u00e8re personnel ?<\/strong><\/p>\n\n\n\n<p>Les donn\u00e9es \u00e0 caract\u00e8re personnel sont des informations relatives \u00e0 une personne identifi\u00e9e ou identifiable. Une personne identifiable est une personne qui peut \u00eatre identifi\u00e9e directement ou indirectement. Les donn\u00e9es \u00e0 caract\u00e8re personnel sont \u00e9galement l'ensemble des \u00e9l\u00e9ments d'information distincts qui peuvent conduire \u00e0 l'identification d'une personne sp\u00e9cifique.<\/p>\n\n\n\n<p>Exemples de donn\u00e9es personnelles :<\/p>\n\n\n\n<ul class=\"wp-block-list\">\n<li>Nom et pr\u00e9nom ;<\/li>\n<\/ul>\n\n\n\n<ul class=\"wp-block-list\">\n<li>Adresse d'une r\u00e9sidence ;<\/li>\n<\/ul>\n\n\n\n<ul class=\"wp-block-list\">\n<li>Adresse \u00e9lectronique ;<\/li>\n<\/ul>\n\n\n\n<ul class=\"wp-block-list\">\n<li>Num\u00e9ro d'une carte d'identit\u00e9 ;<\/li>\n<\/ul>\n\n\n\n<ul class=\"wp-block-list\">\n<li>Donn\u00e9es de localisation (par exemple, la fonction de donn\u00e9es de localisation d'un t\u00e9l\u00e9phone portable) ;<\/li>\n<\/ul>\n\n\n\n<ul class=\"wp-block-list\">\n<li>Adresse IP (protocole internet) ;<\/li>\n<\/ul>\n\n\n\n<ul class=\"wp-block-list\">\n<li>Cookies ;<\/li>\n<\/ul>\n\n\n\n<ul class=\"wp-block-list\">\n<li>L'identifiant publicitaire de votre t\u00e9l\u00e9phone ;<\/li>\n<\/ul>\n\n\n\n<ul class=\"wp-block-list\">\n<li>Donn\u00e9es d\u00e9tenues par un h\u00f4pital ou un m\u00e9decin qui permettent d'identifier une personne sans \u00e9quivoque ;<\/li>\n<\/ul>\n\n\n\n<ul class=\"wp-block-list\">\n<li>Son ou image.<\/li>\n<\/ul>\n\n\n\n<p><strong>Qui est la personne concern\u00e9e ?<\/strong><\/p>\n\n\n\n<p>La personne concern\u00e9e est la personne physique \u00e0 laquelle se rapportent les donn\u00e9es et qui a utilis\u00e9 les plates-formes et services num\u00e9riques d'Europauto II.<\/p>\n\n\n\n<p><strong>Cat\u00e9gories de donn\u00e9es \u00e0 caract\u00e8re personnel<\/strong><\/p>\n\n\n\n<p>Exemples (non exhaustifs) :<\/p>\n\n\n\n<figure class=\"wp-block-table\"><table><tbody><tr><td>TYPES<\/td><td>DONN\u00c9ES<\/td><\/tr><tr><td>Identifiants cl\u00e9s<\/td><td>Nom, num\u00e9ro d'identification civile ou fiscale, num\u00e9ro de passeport, date de naissance, \u00e9tat civil, adresse, num\u00e9ro de t\u00e9l\u00e9phone, adresse \u00e9lectronique, nationalit\u00e9, photographies et fichiers de l'appareil mobile, coordonn\u00e9es du m\u00e9nage, d\u00e9tails des relations familiales.<\/td><\/tr><tr><td>\u00c9tiquettes compl\u00e9mentaires<\/td><td>IBAN, g\u00e9olocalisation, niveau d'\u00e9ducation, sexe, profession, donn\u00e9es socio-\u00e9conomiques, identifiant personnel, adresse IP, adresses de r\u00e9seaux sociaux, type d'appareil mobile, syst\u00e8me d'exploitation, version du syst\u00e8me d'exploitation.<\/td><\/tr><tr><td>Protection sp\u00e9ciale<\/td><td>Donn\u00e9es personnelles des enfants de moins de 16 ans.<\/td><\/tr><\/tbody><\/table><\/figure>\n\n\n\n<p><strong>Quand et comment recueillons-nous vos donn\u00e9es personnelles ?<\/strong><\/p>\n\n\n\n<p>Nous recueillons des donn\u00e9es personnelles lorsque vous achetez des produits ou des services aupr\u00e8s d'Europauto II, lorsque vous demandez un devis ou lorsque vous r\u00e9servez un service.<br>Les collectes peuvent \u00eatre effectu\u00e9es oralement, par \u00e9crit ou via les plateformes num\u00e9riques d'Europauto II.<\/p>\n\n\n\n<p><strong>Quelle est la base du traitement de vos donn\u00e9es personnelles ?<\/strong><\/p>\n\n\n\n<p><strong>Consentement<\/strong><\/p>\n\n\n\n<p>Votre consentement doit \u00eatre explicite - par \u00e9crit, oralement ou en validant une option - et pr\u00e9alable, librement donn\u00e9, inform\u00e9, sp\u00e9cifique et sans \u00e9quivoque ; ou<\/p>\n\n\n\n<p><strong>Ex\u00e9cution du contrat et \u00e9tapes pr\u00e9contractuelles<\/strong><\/p>\n\n\n\n<p>lorsque le traitement des donn\u00e9es \u00e0 caract\u00e8re personnel est n\u00e9cessaire \u00e0 la conclusion, \u00e0 l'ex\u00e9cution et \u00e0 la gestion d'un contrat avec Europauto II ; ou<\/p>\n\n\n\n<p><strong>Remplir une obligation l\u00e9gale<\/strong><\/p>\n\n\n\n<p>Lorsque le traitement des donn\u00e9es \u00e0 caract\u00e8re personnel est n\u00e9cessaire pour remplir une obligation l\u00e9gale \u00e0 laquelle Europauto II est soumis, telle que la communication de donn\u00e9es d'identification ou de donn\u00e9es relatives au trafic \u00e0 la police, \u00e0 la justice, aux autorit\u00e9s fiscales ou r\u00e9glementaires, ou de donn\u00e9es de localisation pour assurer des services d'urgence ; ou<\/p>\n\n\n\n<p><strong>Int\u00e9r\u00eat l\u00e9gitime<\/strong><\/p>\n\n\n\n<p>Le traitement des donn\u00e9es personnelles par Europauto II peut \u00eatre justifi\u00e9 par des raisons d'int\u00e9r\u00eat l\u00e9gitime li\u00e9es \u00e0 l'ex\u00e9cution de t\u00e2ches relatives \u00e0 son activit\u00e9 en tant qu'entreprise, telles que le traitement de donn\u00e9es pour l'am\u00e9lioration de la qualit\u00e9 du service, la d\u00e9tection de la fraude et la protection des revenus et lorsque nos raisons d'utiliser ces donn\u00e9es doivent pr\u00e9valoir sur vos droits en mati\u00e8re de protection des donn\u00e9es.<\/p>\n\n\n\n<p><strong>Pendant combien de temps Europauto II traite-t-il et conserve-t-il vos donn\u00e9es personnelles ?<\/strong><\/p>\n\n\n\n<p>Europauto II traite et conserve vos donn\u00e9es personnelles conform\u00e9ment aux finalit\u00e9s pour lesquelles elles sont trait\u00e9es et uniquement pendant la p\u00e9riode n\u00e9cessaire \u00e0 la r\u00e9alisation des finalit\u00e9s pour lesquelles elles ont \u00e9t\u00e9 collect\u00e9es et conserv\u00e9es, et toujours conform\u00e9ment \u00e0 la loi, aux lignes directrices et aux d\u00e9cisions de la CNPD, ou, selon ce qui est applicable, jusqu'\u00e0 ce que vous exerciez votre droit d'opposition, votre droit \u00e0 l'oubli ou que vous retiriez votre consentement.<\/p>\n\n\n\n<p>Dans certaines situations, la loi pr\u00e9voit que les donn\u00e9es doivent \u00eatre conserv\u00e9es pendant une p\u00e9riode minimale, \u00e0 savoir : pendant un an, les donn\u00e9es relatives au trafic et \u00e0 la localisation aux fins d'enqu\u00eate, de d\u00e9tection et de poursuite d'infractions graves, ou pendant dix ans les donn\u00e9es n\u00e9cessaires pour informer l'administration fiscale.<\/p>\n\n\n\n<p>\u00c0 l'issue de la p\u00e9riode de conservation respective, Europauto II supprimera ou rendra anonymes les donn\u00e9es chaque fois qu'elles ne doivent pas \u00eatre conserv\u00e9es pour d'autres finalit\u00e9s qui pourraient subsister.<\/p>\n\n\n\n<p><strong>Droits de la personne concern\u00e9e<\/strong><\/p>\n\n\n\n<p>Le d\u00e9tenteur de donn\u00e9es \u00e0 caract\u00e8re personnel a le droit \u00e0 l'information, \u00e0 l'acc\u00e8s et \u00e0 la rectification ou \u00e0 l'effacement des donn\u00e9es \u00e0 caract\u00e8re personnel et le droit \u00e0 la portabilit\u00e9 des donn\u00e9es, le droit de limiter le traitement de ses donn\u00e9es ou de s'y opposer, dans le cadre et selon les termes du GDPR et d'autres l\u00e9gislations applicables.<\/p>\n\n\n\n<p>La personne concern\u00e9e peut retirer son consentement au traitement de ses donn\u00e9es \u00e0 caract\u00e8re personnel \u00e0 tout moment, dans le cadre du GDPR. Le retrait du consentement n'affectera pas la l\u00e9galit\u00e9 du traitement des donn\u00e9es \u00e0 caract\u00e8re personnel qui a \u00e9t\u00e9 effectu\u00e9 jusqu'\u00e0 pr\u00e9sent sur la base du consentement pr\u00e9c\u00e9demment donn\u00e9.<\/p>\n\n\n\n<p>Vous avez \u00e9galement le droit d'introduire une r\u00e9clamation concernant le traitement de vos donn\u00e9es aupr\u00e8s de la CNPD.<\/p>\n\n\n\n<p><strong>Faites valoir vos droits aupr\u00e8s des contacts suivants :<\/strong><\/p>\n\n\n\n<p><strong>Courrier \u00e9lectronique<\/strong><\/p>\n\n\n\n<p><a href=\"mailto:comercial@europauto2.com\">comercial@europauto2.com<\/a><\/p>\n\n\n\n<p><strong>Lettre<\/strong><\/p>\n\n\n\n<p>Avenida Europa, N\u00ba 329<br>3800-533 Cacia<\/p>\n\n\n\n<p>L'exercice des droits est gratuit, sauf en cas de demande manifestement infond\u00e9e, excessive ou r\u00e9p\u00e9t\u00e9e de mani\u00e8re injustifi\u00e9e, auquel cas une redevance raisonnable peut \u00eatre per\u00e7ue compte tenu des co\u00fbts.<\/p>\n\n\n\n<p>Les demandes doivent \u00eatre trait\u00e9es sans retard excessif dans un d\u00e9lai d'un mois \u00e0 compter de la r\u00e9ception de la demande, sauf si la demande est particuli\u00e8rement complexe ou si elle survient dans des circonstances exceptionnelles. Ce d\u00e9lai peut \u00eatre port\u00e9 \u00e0 deux mois si n\u00e9cessaire, en tenant compte de la complexit\u00e9 de la demande et du nombre de demandes re\u00e7ues.<\/p>\n\n\n\n<p>Dans le cadre de votre demande, il peut vous \u00eatre demand\u00e9 de prouver votre identit\u00e9 afin de garantir que les donn\u00e9es \u00e0 caract\u00e8re personnel ne sont partag\u00e9es qu'avec la personne concern\u00e9e.<\/p>\n\n\n\n<p><strong>Transmission de donn\u00e9es \u00e0 caract\u00e8re personnel<\/strong><\/p>\n\n\n\n<p>Les donn\u00e9es peuvent \u00eatre transmises \u00e0 des entit\u00e9s auxquelles elles doivent \u00eatre communiqu\u00e9es en vertu de la loi, telles que l'administration fiscale, les autorit\u00e9s judiciaires, les organes de police criminelle, entre autres.<\/p>\n\n\n\n<p><strong>Responsabilit\u00e9 d'Europauto II et des plateformes et services num\u00e9riques de tiers<\/strong><\/p>\n\n\n\n<p>A&nbsp;<strong>Europauto II&nbsp;<\/strong>n'est pas responsable du contenu auquel on acc\u00e8de par le biais d'un lien qui conduit le d\u00e9tenteur des donn\u00e9es personnelles \u00e0 naviguer en dehors des plateformes num\u00e9riques de<strong>&nbsp;Europauto II<\/strong>&nbsp;et du traitement des donn\u00e9es \u00e0 caract\u00e8re personnel qui y est effectu\u00e9, lorsque ces liens rel\u00e8vent de la responsabilit\u00e9 de tiers. Les sites web et le contenu des tiers ne font pas l'objet de la pr\u00e9sente politique de confidentialit\u00e9, et nous vous conseillons donc, lorsque vous naviguez sur ces sites, de rechercher et de lire leurs politiques de confidentialit\u00e9, ainsi que les conditions g\u00e9n\u00e9rales applicables.<\/p>\n\n\n\n<p><strong>Quelles sont les proc\u00e9dures de s\u00e9curit\u00e9 qui garantissent la protection de vos donn\u00e9es ?<\/strong><\/p>\n\n\n\n<p>Europauto II prend toutes les pr\u00e9cautions n\u00e9cessaires et requises par la loi pour garantir la confidentialit\u00e9 des donn\u00e9es personnelles trait\u00e9es et\/ou transmises par le biais de ses plates-formes num\u00e9riques. Ces pr\u00e9cautions garantissent la s\u00e9curit\u00e9 en ligne et hors ligne de ces informations.<\/p>\n\n\n\n<p>Chaque fois que des informations sensibles sont collect\u00e9es ou utilis\u00e9es, les donn\u00e9es sont crypt\u00e9es \u00e0 l'aide du protocole SSL. Cette technologie, connue sous le nom de Secure Socket Layer, est utilis\u00e9e pour am\u00e9liorer la s\u00e9curit\u00e9 de la transmission des donn\u00e9es sur Internet, en cryptant et en prot\u00e9geant les donn\u00e9es et les informations sensibles \u00e0 l'aide du protocole HTTPS. SSL garantit au d\u00e9tenteur de donn\u00e9es personnelles que les donn\u00e9es ne seront pas intercept\u00e9es de mani\u00e8re frauduleuse et que toutes les informations sont trait\u00e9es avec la plus grande s\u00e9curit\u00e9.<\/p>\n\n\n\n<p><strong>Des questions ?<\/strong><\/p>\n\n\n\n<p>Si vous avez des questions sur l'un des sujets abord\u00e9s dans le pr\u00e9sent document, veuillez nous contacter \u00e0 l'adresse suivante<\/p>\n\n\n\n<p><strong>Courrier \u00e9lectronique<\/strong><\/p>\n\n\n\n<p><a href=\"mailto:geral@europauto2.com\">geral@europauto2.com<\/a><\/p>\n\n\n\n<p><strong>Lettre<\/strong><\/p>\n\n\n\n<p>Avenida Europa, N\u00ba 329<br>3800-533 Cacia<\/p>\n\n\n\n<p>Derni\u00e8re mise \u00e0 jour : 15 janvier 2024.<\/p>\n\n\n\n<p><a href=\"https:\/\/eur-lex.europa.eu\/legal-content\/PT\/TXT\/PDF\/?uri=CELEX:32016R0679&amp;from=PT\" target=\"_blank\" rel=\"noreferrer noopener\">R\u00e8glement g\u00e9n\u00e9ral sur la protection des donn\u00e9es (RGPD)<\/a>R\u00e8glement (UE) 2016\/679 du Parlement europ\u00e9en et du Conseil du 27 avril 2016 relatif \u00e0 la protection des personnes physiques \u00e0 l'\u00e9gard du traitement des donn\u00e9es \u00e0 caract\u00e8re personnel et \u00e0 la libre circulation de ces donn\u00e9es, et abrogeant la directive 95\/46\/CE (r\u00e8glement g\u00e9n\u00e9ral sur la protection des donn\u00e9es) (JO L 119 du 4.5.2016).<\/p>\n\t\t\t\t\t\t\t\t<\/div>\n\t\t\t\t<\/div>\n\t\t\t\t\t<\/div>\n\t\t\t\t<\/div>\n\t\t\t\t<\/div>","protected":false},"excerpt":{"rendered":"<p>No presente documento, procuramos explicar que dados pessoais recolhemos, para que finalidades os podemos usar, como os tratamos, com quem os partilhamos, durante quanto tempo os conservamos, bem como as formas de entrar em contacto connosco e de exercer os &hellip; <a href=\"https:\/\/europauto2.com\/fr\/politica-de-privacidade\/\">En savoir plus<\/a><\/p>","protected":false},"author":2,"featured_media":0,"parent":0,"menu_order":0,"comment_status":"closed","ping_status":"closed","template":"","meta":{"_monsterinsights_skip_tracking":false,"_monsterinsights_sitenote_active":false,"_monsterinsights_sitenote_note":"","_monsterinsights_sitenote_category":0,"footnotes":""},"class_list":["post-6866","page","type-page","status-publish","hentry"],"yoast_head":"<!-- This site is optimized with the Yoast SEO plugin v27.4 - https:\/\/yoast.com\/product\/yoast-seo-wordpress\/ -->\n<title>Pol\u00edtica de Privacidade - Europauto 2<\/title>\n<meta name=\"robots\" content=\"index, follow, max-snippet:-1, max-image-preview:large, max-video-preview:-1\" \/>\n<link rel=\"canonical\" href=\"https:\/\/europauto2.com\/fr\/politica-de-privacidade\/\" \/>\n<meta property=\"og:locale\" content=\"fr_FR\" \/>\n<meta property=\"og:type\" content=\"article\" \/>\n<meta property=\"og:title\" content=\"Pol\u00edtica de Privacidade - Europauto 2\" \/>\n<meta property=\"og:description\" content=\"No presente documento, procuramos explicar que dados pessoais recolhemos, para que finalidades os podemos usar, como os tratamos, com quem os partilhamos, durante quanto tempo os conservamos, bem como as formas de entrar em contacto connosco e de exercer os &hellip; Readmore\" \/>\n<meta property=\"og:url\" content=\"https:\/\/europauto2.com\/fr\/politica-de-privacidade\/\" \/>\n<meta property=\"og:site_name\" content=\"Europauto 2\" \/>\n<meta property=\"article:modified_time\" content=\"2024-06-28T16:03:29+00:00\" \/>\n<meta name=\"twitter:card\" content=\"summary_large_image\" \/>\n<meta name=\"twitter:label1\" content=\"Dur\u00e9e de lecture estim\u00e9e\" \/>\n\t<meta name=\"twitter:data1\" content=\"9 minutes\" \/>\n<script type=\"application\/ld+json\" class=\"yoast-schema-graph\">{\"@context\":\"https:\\\/\\\/schema.org\",\"@graph\":[{\"@type\":\"WebPage\",\"@id\":\"https:\\\/\\\/europauto2.com\\\/politica-de-privacidade\\\/\",\"url\":\"https:\\\/\\\/europauto2.com\\\/politica-de-privacidade\\\/\",\"name\":\"Pol\u00edtica de Privacidade - Europauto 2\",\"isPartOf\":{\"@id\":\"https:\\\/\\\/europauto2.com\\\/pt\\\/#website\"},\"datePublished\":\"2024-01-15T11:04:24+00:00\",\"dateModified\":\"2024-06-28T16:03:29+00:00\",\"breadcrumb\":{\"@id\":\"https:\\\/\\\/europauto2.com\\\/politica-de-privacidade\\\/#breadcrumb\"},\"inLanguage\":\"fr-FR\",\"potentialAction\":[{\"@type\":\"ReadAction\",\"target\":[\"https:\\\/\\\/europauto2.com\\\/politica-de-privacidade\\\/\"]}]},{\"@type\":\"BreadcrumbList\",\"@id\":\"https:\\\/\\\/europauto2.com\\\/politica-de-privacidade\\\/#breadcrumb\",\"itemListElement\":[{\"@type\":\"ListItem\",\"position\":1,\"name\":\"In\u00edcio\",\"item\":\"https:\\\/\\\/europauto2.com\\\/\"},{\"@type\":\"ListItem\",\"position\":2,\"name\":\"Pol\u00edtica de Privacidade\"}]},{\"@type\":\"WebSite\",\"@id\":\"https:\\\/\\\/europauto2.com\\\/pt\\\/#website\",\"url\":\"https:\\\/\\\/europauto2.com\\\/pt\\\/\",\"name\":\"Europauto 2\",\"description\":\"by IALP Communication\",\"publisher\":{\"@id\":\"https:\\\/\\\/europauto2.com\\\/pt\\\/#organization\"},\"potentialAction\":[{\"@type\":\"SearchAction\",\"target\":{\"@type\":\"EntryPoint\",\"urlTemplate\":\"https:\\\/\\\/europauto2.com\\\/pt\\\/?s={search_term_string}\"},\"query-input\":{\"@type\":\"PropertyValueSpecification\",\"valueRequired\":true,\"valueName\":\"search_term_string\"}}],\"inLanguage\":\"fr-FR\"},{\"@type\":\"Organization\",\"@id\":\"https:\\\/\\\/europauto2.com\\\/pt\\\/#organization\",\"name\":\"Europauto 2\",\"url\":\"https:\\\/\\\/europauto2.com\\\/pt\\\/\",\"logo\":{\"@type\":\"ImageObject\",\"inLanguage\":\"fr-FR\",\"@id\":\"https:\\\/\\\/europauto2.com\\\/pt\\\/#\\\/schema\\\/logo\\\/image\\\/\",\"url\":\"https:\\\/\\\/europauto2.com\\\/wp-content\\\/uploads\\\/2023\\\/09\\\/IALP-LOGO.webp\",\"contentUrl\":\"https:\\\/\\\/europauto2.com\\\/wp-content\\\/uploads\\\/2023\\\/09\\\/IALP-LOGO.webp\",\"width\":591,\"height\":591,\"caption\":\"Europauto 2\"},\"image\":{\"@id\":\"https:\\\/\\\/europauto2.com\\\/pt\\\/#\\\/schema\\\/logo\\\/image\\\/\"}}]}<\/script>\n<!-- \/ Yoast SEO plugin. -->","yoast_head_json":{"title":"Pol\u00edtica de Privacidade - Europauto 2","robots":{"index":"index","follow":"follow","max-snippet":"max-snippet:-1","max-image-preview":"max-image-preview:large","max-video-preview":"max-video-preview:-1"},"canonical":"https:\/\/europauto2.com\/fr\/politica-de-privacidade\/","og_locale":"fr_FR","og_type":"article","og_title":"Pol\u00edtica de Privacidade - Europauto 2","og_description":"No presente documento, procuramos explicar que dados pessoais recolhemos, para que finalidades os podemos usar, como os tratamos, com quem os partilhamos, durante quanto tempo os conservamos, bem como as formas de entrar em contacto connosco e de exercer os &hellip; Readmore","og_url":"https:\/\/europauto2.com\/fr\/politica-de-privacidade\/","og_site_name":"Europauto 2","article_modified_time":"2024-06-28T16:03:29+00:00","twitter_card":"summary_large_image","twitter_misc":{"Dur\u00e9e de lecture estim\u00e9e":"9 minutes"},"schema":{"@context":"https:\/\/schema.org","@graph":[{"@type":"WebPage","@id":"https:\/\/europauto2.com\/politica-de-privacidade\/","url":"https:\/\/europauto2.com\/politica-de-privacidade\/","name":"Pol\u00edtica de Privacidade - Europauto 2","isPartOf":{"@id":"https:\/\/europauto2.com\/pt\/#website"},"datePublished":"2024-01-15T11:04:24+00:00","dateModified":"2024-06-28T16:03:29+00:00","breadcrumb":{"@id":"https:\/\/europauto2.com\/politica-de-privacidade\/#breadcrumb"},"inLanguage":"fr-FR","potentialAction":[{"@type":"ReadAction","target":["https:\/\/europauto2.com\/politica-de-privacidade\/"]}]},{"@type":"BreadcrumbList","@id":"https:\/\/europauto2.com\/politica-de-privacidade\/#breadcrumb","itemListElement":[{"@type":"ListItem","position":1,"name":"In\u00edcio","item":"https:\/\/europauto2.com\/"},{"@type":"ListItem","position":2,"name":"Pol\u00edtica de Privacidade"}]},{"@type":"WebSite","@id":"https:\/\/europauto2.com\/pt\/#website","url":"https:\/\/europauto2.com\/pt\/","name":"Europauto 2","description":"par IALP Communication","publisher":{"@id":"https:\/\/europauto2.com\/pt\/#organization"},"potentialAction":[{"@type":"SearchAction","target":{"@type":"EntryPoint","urlTemplate":"https:\/\/europauto2.com\/pt\/?s={search_term_string}"},"query-input":{"@type":"PropertyValueSpecification","valueRequired":true,"valueName":"search_term_string"}}],"inLanguage":"fr-FR"},{"@type":"Organization","@id":"https:\/\/europauto2.com\/pt\/#organization","name":"Europauto 2","url":"https:\/\/europauto2.com\/pt\/","logo":{"@type":"ImageObject","inLanguage":"fr-FR","@id":"https:\/\/europauto2.com\/pt\/#\/schema\/logo\/image\/","url":"https:\/\/europauto2.com\/wp-content\/uploads\/2023\/09\/IALP-LOGO.webp","contentUrl":"https:\/\/europauto2.com\/wp-content\/uploads\/2023\/09\/IALP-LOGO.webp","width":591,"height":591,"caption":"Europauto 2"},"image":{"@id":"https:\/\/europauto2.com\/pt\/#\/schema\/logo\/image\/"}}]}},"_links":{"self":[{"href":"https:\/\/europauto2.com\/fr\/wp-json\/wp\/v2\/pages\/6866","targetHints":{"allow":["GET"]}}],"collection":[{"href":"https:\/\/europauto2.com\/fr\/wp-json\/wp\/v2\/pages"}],"about":[{"href":"https:\/\/europauto2.com\/fr\/wp-json\/wp\/v2\/types\/page"}],"author":[{"embeddable":true,"href":"https:\/\/europauto2.com\/fr\/wp-json\/wp\/v2\/users\/2"}],"replies":[{"embeddable":true,"href":"https:\/\/europauto2.com\/fr\/wp-json\/wp\/v2\/comments?post=6866"}],"version-history":[{"count":3,"href":"https:\/\/europauto2.com\/fr\/wp-json\/wp\/v2\/pages\/6866\/revisions"}],"predecessor-version":[{"id":18075,"href":"https:\/\/europauto2.com\/fr\/wp-json\/wp\/v2\/pages\/6866\/revisions\/18075"}],"wp:attachment":[{"href":"https:\/\/europauto2.com\/fr\/wp-json\/wp\/v2\/media?parent=6866"}],"curies":[{"name":"wp","href":"https:\/\/api.w.org\/{rel}","templated":true}]}}