{"id":6868,"date":"2024-01-15T12:04:44","date_gmt":"2024-01-15T11:04:44","guid":{"rendered":"https:\/\/europauto2.com\/?page_id=6868"},"modified":"2024-06-28T17:03:41","modified_gmt":"2024-06-28T16:03:41","slug":"termos-e-condicoes","status":"publish","type":"page","link":"https:\/\/europauto2.com\/fr\/termos-e-condicoes\/","title":{"rendered":"Conditions d'utilisation"},"content":{"rendered":"<div data-elementor-type=\"wp-page\" data-elementor-id=\"6868\" class=\"elementor elementor-6868\" data-elementor-post-type=\"page\">\n\t\t\t\t<div class=\"elementor-element elementor-element-a1cabe9 e-flex e-con-boxed e-con e-parent\" data-id=\"a1cabe9\" data-element_type=\"container\" data-e-type=\"container\">\n\t\t\t\t\t<div class=\"e-con-inner\">\n\t\t\t\t<div class=\"elementor-element elementor-element-739e45a6 elementor-widget elementor-widget-text-editor\" data-id=\"739e45a6\" data-element_type=\"widget\" data-e-type=\"widget\" data-widget_type=\"text-editor.default\">\n\t\t\t\t<div class=\"elementor-widget-container\">\n\t\t\t\t\t\t\t\t\t\n<p>Objet<br>1.1 Ce site web est exploit\u00e9 par EUROPAUTO II, une marque commerciale de la soci\u00e9t\u00e9 S\u00cdMBOLOBRIGAT\u00d3RIO - COM\u00c9RCIO &amp; SERVI\u00c7OS, LDA, dont le num\u00e9ro de personne morale est 513313605, et dont le si\u00e8ge social est situ\u00e9 Avenida Europa, n.\u00ba 329 \u00e0 Cacia.<br>1.2 EUROPAUTO II assume la responsabilit\u00e9 et l'engagement de respecter la s\u00e9curit\u00e9 de ce site web et de prot\u00e9ger les donn\u00e9es fournies par ses clients et visiteurs.<br>1.3 Les pr\u00e9sentes conditions g\u00e9n\u00e9rales ont pour objet de r\u00e9gler les modalit\u00e9s de la prestation de services par la boutique en ligne EUROPAUTO II.<br>1.4. L'achat d'un produit dans la boutique en ligne d'EUROPAUTO II implique l'acceptation des pr\u00e9sentes conditions g\u00e9n\u00e9rales.<br>1.5. L'utilisateur est responsable de l'utilisation de ce site web conform\u00e9ment \u00e0 la loi, en s'abstenant de toute activit\u00e9 illicite ou immorale, ou de toute activit\u00e9 contraire aux bonnes pratiques ou aux droits des tiers.<br>Politique en mati\u00e8re de cookies<br>2.1 Afin de fournir un service plus personnalis\u00e9 et d'am\u00e9liorer l'exp\u00e9rience de l'utilisateur, notre site web utilise des cookies pour collecter et stocker des informations. Un \"cookie\" est un fichier de donn\u00e9es qui nous permet de nous souvenir de vos choix, de vos dates et de vos d\u00e9placements ant\u00e9rieurs sur le site.<br>2.2. Les utilisateurs peuvent emp\u00eacher l'utilisation de cookies dans les param\u00e8tres de leur navigateur. Toutefois, si vous limitez cette option, l'utilisation de certaines fonctions ou la performance de certains outils peut \u00eatre restreinte.<br>Informations sur le produit, le prix et le contenu<br>3.1. EUROPAUTO II se r\u00e9serve le droit de modifier, sans pr\u00e9avis et \u00e0 tout moment, les informations et l'offre commerciale pr\u00e9sent\u00e9es, notamment en ce qui concerne les produits, les prix, les promotions, les conditions commerciales et les services.<br>3.2 Les images illustrant chaque produit peuvent diff\u00e9rer du produit livr\u00e9 par la suite.<br>3.3 Les articles mis en vente dans la boutique en ligne sont disponibles dans la limite des stocks disponibles et les commandes sont trait\u00e9es dans l'ordre de leur arriv\u00e9e.<br>3.4 En cas de rupture de stock temporaire ou permanente, le client en sera d\u00fbment inform\u00e9 et se verra proposer une alternative aux caract\u00e9ristiques similaires ou la possibilit\u00e9 d'annuler sa commande sans frais.<br>3.5. Conform\u00e9ment \u00e0 la l\u00e9gislation portugaise, les prix incluent la TVA au taux l\u00e9gal en vigueur.<br>Commandes et paiements<br>4.1 Pour effectuer un achat dans la boutique en ligne d'EUROPAUTO II, il suffit \u00e0 l'utilisateur d'ajouter des articles au panier et de terminer la proc\u00e9dure de paiement.<br>4.2. Les acheteurs peuvent choisir leur mode de paiement pr\u00e9f\u00e9r\u00e9 parmi les options suivantes : Multibanco ou virement bancaire. Le paiement par Multibanco est effectu\u00e9 en toute s\u00e9curit\u00e9 par l'interm\u00e9diaire de notre partenaire ifthenpay.<br>4.3 Toute commande pass\u00e9e dans la boutique en ligne d'EUROPAUTO II ne sera trait\u00e9e qu'apr\u00e8s r\u00e9ception du paiement.<br>4.4 Apr\u00e8s avoir confirm\u00e9 la commande dans la boutique en ligne d'EUROPAUTO II, un e-mail sera envoy\u00e9 \u00e0 l'adresse e-mail indiqu\u00e9e par l'utilisateur, avec tous les d\u00e9tails concernant les produits command\u00e9s, la livraison, la facturation et les informations relatives au paiement. Si le client ne re\u00e7oit pas l'e-mail de confirmation de la commande, il est pri\u00e9 de contacter EUROPAUTO II par t\u00e9l\u00e9phone \u00e0 l'adresse 234917813 ou par e-mail \u00e0 l'adresse comercial@europauto2.com.<br>4.5. EUROPAUTO II clarifiera tout doute et\/ou r\u00e9pondra \u00e0 toute demande d'information envoy\u00e9e \u00e0 l'adresse \u00e9lectronique suivante : comercial@europauto2.com.<br>Livraison<br>5.1. Les commandes ne seront livr\u00e9es\/exp\u00e9di\u00e9es qu'une fois le paiement effectu\u00e9 par le client.<br>5.2 Lors de la finalisation de la commande, le client peut choisir de retirer sa commande dans les locaux d'EUTOPAUTO II ou de se la faire envoyer par courrier \u00e0 l'adresse qu'il aura indiqu\u00e9e.<br>5.3 Les colis envoy\u00e9s seront livr\u00e9s conform\u00e9ment aux horaires de livraison du transporteur.<br>5.4 Les livraisons \u00e0 domicile ne peuvent pas \u00eatre effectu\u00e9es \u00e0 des bo\u00eetes postales.<br>5.5 Le service de livraison \u00e9tant confi\u00e9 \u00e0 une soci\u00e9t\u00e9 ext\u00e9rieure, les \u00e9ventuels retards de livraison ne rel\u00e8vent pas de la responsabilit\u00e9 d'EUROPAUTO II.<br>5.6 Si, pour quelque raison que ce soit, le client n'est pas en mesure de recevoir sa commande, il doit imm\u00e9diatement contacter la boutique en ligne d'EUTOPAUTO II \u00e0 l'adresse comercial@europauto2.com.<br>5.7 Tous les produits envoy\u00e9s par EUROPAUTO II doivent \u00eatre v\u00e9rifi\u00e9s \u00e0 la livraison. Si le client constate que le colis est endommag\u00e9, il doit refuser de l'accepter et le retourner au transporteur en indiquant la raison du retour sur le bulletin de livraison. Il doit \u00e9galement informer imm\u00e9diatement EUROPAUTO II de cet incident en envoyant un e-mail \u00e0 comercial@europauto2.com.<br>5.8 Si, apr\u00e8s la livraison, le client constate qu'un article n'est pas conforme, il est pri\u00e9 de contacter EUROPAUTO II \u00e0 l'adresse comercial@eutopauto2.com, en indiquant le num\u00e9ro de commande, la raison de la non-conformit\u00e9 et en joignant des photographies des articles en question.<br>Frais d'exp\u00e9dition<br>Les frais de livraison sont calcul\u00e9s en fonction du poids des produits, de la destination et de la valeur totale de la commande.<br>Retours\/r\u00e9clamations<br>7.1 Nous avons une politique de retour de 14 jours, ce qui signifie que le client a 14 jours apr\u00e8s r\u00e9ception de sa commande pour demander un retour en envoyant un e-mail \u00e0 comercial@europauto2.com et en faisant livrer le colis dans les locaux d'EUROPAUTO II.<br>7.2 Les retours peuvent \u00eatre effectu\u00e9s physiquement dans les locaux d'EUROPAUTO II ou, alternativement, le client peut envoyer les produits par la poste.<br>7.3 Les frais de retour sont \u00e0 la charge du client, sauf si le retour concerne des produits dont la d\u00e9fectuosit\u00e9 a \u00e9t\u00e9 prouv\u00e9e.<br>7.4 Lorsqu'il renvoie un article, le client doit envisager d'utiliser un service postal avec suivi, faute de quoi il n'est pas possible de confirmer la r\u00e9ception des articles renvoy\u00e9s.<br>7.5 Les retours de produits personnalis\u00e9s ne sont pas accept\u00e9s.<br>7.6 Pour pouvoir \u00eatre retourn\u00e9, l'article doit \u00eatre dans le m\u00eame \u00e9tat que celui dans lequel il a \u00e9t\u00e9 re\u00e7u, non endommag\u00e9 ou non port\u00e9, \u00e9tiquet\u00e9 et dans son emballage d'origine.<br>7.8 Une fois la commande re\u00e7ue et apr\u00e8s confirmation que les articles sont en parfait \u00e9tat, le remboursement sera effectu\u00e9 dans un d\u00e9lai maximum de dix jours ouvrables par virement bancaire \u00e0 l'IBAN indiqu\u00e9 par le client par e-mail.<br>7.9 Les frais de livraison ne sont pas remboursables et seule la valeur des produits retourn\u00e9s sera rembours\u00e9e.<br>Les pr\u00e9sentes conditions g\u00e9n\u00e9rales de vente en ligne sont susceptibles d'\u00eatre modifi\u00e9es sans pr\u00e9avis et doivent donc \u00eatre consult\u00e9es avant toute commande.<\/p>\n\t\t\t\t\t\t\t\t<\/div>\n\t\t\t\t<\/div>\n\t\t\t\t\t<\/div>\n\t\t\t\t<\/div>\n\t\t\t\t<\/div>","protected":false},"excerpt":{"rendered":"<p>Objeto1.1. Este website \u00e9 operado pela EUROPAUTO II, marca comercial da sociedade S\u00cdMBOLOBRIGAT\u00d3RIO \u2013 COM\u00c9RCIO &amp; SERVI\u00c7OS, LDA, com o n\u00famero de pessoa coletiva 513313605, e com sede na Avenida Europa, n.\u00ba 329 em Cacia.1.2. A EUROPAUTO II assume a &hellip; <a href=\"https:\/\/europauto2.com\/fr\/termos-e-condicoes\/\">En savoir plus<\/a><\/p>","protected":false},"author":2,"featured_media":0,"parent":0,"menu_order":0,"comment_status":"closed","ping_status":"closed","template":"","meta":{"_monsterinsights_skip_tracking":false,"_monsterinsights_sitenote_active":false,"_monsterinsights_sitenote_note":"","_monsterinsights_sitenote_category":0,"footnotes":""},"class_list":["post-6868","page","type-page","status-publish","hentry"],"yoast_head":"<!-- This site is optimized with the Yoast SEO plugin v27.4 - https:\/\/yoast.com\/product\/yoast-seo-wordpress\/ -->\n<title>Termos e Condi\u00e7\u00f5es - Europauto 2<\/title>\n<meta name=\"robots\" content=\"index, follow, max-snippet:-1, max-image-preview:large, max-video-preview:-1\" \/>\n<link rel=\"canonical\" href=\"https:\/\/europauto2.com\/fr\/termos-e-condicoes\/\" \/>\n<meta property=\"og:locale\" content=\"fr_FR\" \/>\n<meta property=\"og:type\" content=\"article\" \/>\n<meta property=\"og:title\" content=\"Termos e Condi\u00e7\u00f5es - Europauto 2\" \/>\n<meta property=\"og:description\" content=\"Objeto1.1. Este website \u00e9 operado pela EUROPAUTO II, marca comercial da sociedade S\u00cdMBOLOBRIGAT\u00d3RIO \u2013 COM\u00c9RCIO &amp; SERVI\u00c7OS, LDA, com o n\u00famero de pessoa coletiva 513313605, e com sede na Avenida Europa, n.\u00ba 329 em Cacia.1.2. A EUROPAUTO II assume a &hellip; Readmore\" \/>\n<meta property=\"og:url\" content=\"https:\/\/europauto2.com\/fr\/termos-e-condicoes\/\" \/>\n<meta property=\"og:site_name\" content=\"Europauto 2\" \/>\n<meta property=\"article:modified_time\" content=\"2024-06-28T16:03:41+00:00\" \/>\n<meta name=\"twitter:card\" content=\"summary_large_image\" \/>\n<meta name=\"twitter:label1\" content=\"Dur\u00e9e de lecture estim\u00e9e\" \/>\n\t<meta name=\"twitter:data1\" content=\"6 minutes\" \/>\n<script type=\"application\/ld+json\" class=\"yoast-schema-graph\">{\"@context\":\"https:\\\/\\\/schema.org\",\"@graph\":[{\"@type\":\"WebPage\",\"@id\":\"https:\\\/\\\/europauto2.com\\\/termos-e-condicoes\\\/\",\"url\":\"https:\\\/\\\/europauto2.com\\\/termos-e-condicoes\\\/\",\"name\":\"Termos e Condi\u00e7\u00f5es - Europauto 2\",\"isPartOf\":{\"@id\":\"https:\\\/\\\/europauto2.com\\\/pt\\\/#website\"},\"datePublished\":\"2024-01-15T11:04:44+00:00\",\"dateModified\":\"2024-06-28T16:03:41+00:00\",\"breadcrumb\":{\"@id\":\"https:\\\/\\\/europauto2.com\\\/termos-e-condicoes\\\/#breadcrumb\"},\"inLanguage\":\"fr-FR\",\"potentialAction\":[{\"@type\":\"ReadAction\",\"target\":[\"https:\\\/\\\/europauto2.com\\\/termos-e-condicoes\\\/\"]}]},{\"@type\":\"BreadcrumbList\",\"@id\":\"https:\\\/\\\/europauto2.com\\\/termos-e-condicoes\\\/#breadcrumb\",\"itemListElement\":[{\"@type\":\"ListItem\",\"position\":1,\"name\":\"In\u00edcio\",\"item\":\"https:\\\/\\\/europauto2.com\\\/\"},{\"@type\":\"ListItem\",\"position\":2,\"name\":\"Termos e Condi\u00e7\u00f5es\"}]},{\"@type\":\"WebSite\",\"@id\":\"https:\\\/\\\/europauto2.com\\\/pt\\\/#website\",\"url\":\"https:\\\/\\\/europauto2.com\\\/pt\\\/\",\"name\":\"Europauto 2\",\"description\":\"by IALP Communication\",\"publisher\":{\"@id\":\"https:\\\/\\\/europauto2.com\\\/pt\\\/#organization\"},\"potentialAction\":[{\"@type\":\"SearchAction\",\"target\":{\"@type\":\"EntryPoint\",\"urlTemplate\":\"https:\\\/\\\/europauto2.com\\\/pt\\\/?s={search_term_string}\"},\"query-input\":{\"@type\":\"PropertyValueSpecification\",\"valueRequired\":true,\"valueName\":\"search_term_string\"}}],\"inLanguage\":\"fr-FR\"},{\"@type\":\"Organization\",\"@id\":\"https:\\\/\\\/europauto2.com\\\/pt\\\/#organization\",\"name\":\"Europauto 2\",\"url\":\"https:\\\/\\\/europauto2.com\\\/pt\\\/\",\"logo\":{\"@type\":\"ImageObject\",\"inLanguage\":\"fr-FR\",\"@id\":\"https:\\\/\\\/europauto2.com\\\/pt\\\/#\\\/schema\\\/logo\\\/image\\\/\",\"url\":\"https:\\\/\\\/europauto2.com\\\/wp-content\\\/uploads\\\/2023\\\/09\\\/IALP-LOGO.webp\",\"contentUrl\":\"https:\\\/\\\/europauto2.com\\\/wp-content\\\/uploads\\\/2023\\\/09\\\/IALP-LOGO.webp\",\"width\":591,\"height\":591,\"caption\":\"Europauto 2\"},\"image\":{\"@id\":\"https:\\\/\\\/europauto2.com\\\/pt\\\/#\\\/schema\\\/logo\\\/image\\\/\"}}]}<\/script>\n<!-- \/ Yoast SEO plugin. -->","yoast_head_json":{"title":"Termos e Condi\u00e7\u00f5es - Europauto 2","robots":{"index":"index","follow":"follow","max-snippet":"max-snippet:-1","max-image-preview":"max-image-preview:large","max-video-preview":"max-video-preview:-1"},"canonical":"https:\/\/europauto2.com\/fr\/termos-e-condicoes\/","og_locale":"fr_FR","og_type":"article","og_title":"Termos e Condi\u00e7\u00f5es - Europauto 2","og_description":"Objeto1.1. Este website \u00e9 operado pela EUROPAUTO II, marca comercial da sociedade S\u00cdMBOLOBRIGAT\u00d3RIO \u2013 COM\u00c9RCIO &amp; SERVI\u00c7OS, LDA, com o n\u00famero de pessoa coletiva 513313605, e com sede na Avenida Europa, n.\u00ba 329 em Cacia.1.2. A EUROPAUTO II assume a &hellip; Readmore","og_url":"https:\/\/europauto2.com\/fr\/termos-e-condicoes\/","og_site_name":"Europauto 2","article_modified_time":"2024-06-28T16:03:41+00:00","twitter_card":"summary_large_image","twitter_misc":{"Dur\u00e9e de lecture estim\u00e9e":"6 minutes"},"schema":{"@context":"https:\/\/schema.org","@graph":[{"@type":"WebPage","@id":"https:\/\/europauto2.com\/termos-e-condicoes\/","url":"https:\/\/europauto2.com\/termos-e-condicoes\/","name":"Termos e Condi\u00e7\u00f5es - Europauto 2","isPartOf":{"@id":"https:\/\/europauto2.com\/pt\/#website"},"datePublished":"2024-01-15T11:04:44+00:00","dateModified":"2024-06-28T16:03:41+00:00","breadcrumb":{"@id":"https:\/\/europauto2.com\/termos-e-condicoes\/#breadcrumb"},"inLanguage":"fr-FR","potentialAction":[{"@type":"ReadAction","target":["https:\/\/europauto2.com\/termos-e-condicoes\/"]}]},{"@type":"BreadcrumbList","@id":"https:\/\/europauto2.com\/termos-e-condicoes\/#breadcrumb","itemListElement":[{"@type":"ListItem","position":1,"name":"In\u00edcio","item":"https:\/\/europauto2.com\/"},{"@type":"ListItem","position":2,"name":"Termos e Condi\u00e7\u00f5es"}]},{"@type":"WebSite","@id":"https:\/\/europauto2.com\/pt\/#website","url":"https:\/\/europauto2.com\/pt\/","name":"Europauto 2","description":"par IALP Communication","publisher":{"@id":"https:\/\/europauto2.com\/pt\/#organization"},"potentialAction":[{"@type":"SearchAction","target":{"@type":"EntryPoint","urlTemplate":"https:\/\/europauto2.com\/pt\/?s={search_term_string}"},"query-input":{"@type":"PropertyValueSpecification","valueRequired":true,"valueName":"search_term_string"}}],"inLanguage":"fr-FR"},{"@type":"Organization","@id":"https:\/\/europauto2.com\/pt\/#organization","name":"Europauto 2","url":"https:\/\/europauto2.com\/pt\/","logo":{"@type":"ImageObject","inLanguage":"fr-FR","@id":"https:\/\/europauto2.com\/pt\/#\/schema\/logo\/image\/","url":"https:\/\/europauto2.com\/wp-content\/uploads\/2023\/09\/IALP-LOGO.webp","contentUrl":"https:\/\/europauto2.com\/wp-content\/uploads\/2023\/09\/IALP-LOGO.webp","width":591,"height":591,"caption":"Europauto 2"},"image":{"@id":"https:\/\/europauto2.com\/pt\/#\/schema\/logo\/image\/"}}]}},"_links":{"self":[{"href":"https:\/\/europauto2.com\/fr\/wp-json\/wp\/v2\/pages\/6868","targetHints":{"allow":["GET"]}}],"collection":[{"href":"https:\/\/europauto2.com\/fr\/wp-json\/wp\/v2\/pages"}],"about":[{"href":"https:\/\/europauto2.com\/fr\/wp-json\/wp\/v2\/types\/page"}],"author":[{"embeddable":true,"href":"https:\/\/europauto2.com\/fr\/wp-json\/wp\/v2\/users\/2"}],"replies":[{"embeddable":true,"href":"https:\/\/europauto2.com\/fr\/wp-json\/wp\/v2\/comments?post=6868"}],"version-history":[{"count":5,"href":"https:\/\/europauto2.com\/fr\/wp-json\/wp\/v2\/pages\/6868\/revisions"}],"predecessor-version":[{"id":18078,"href":"https:\/\/europauto2.com\/fr\/wp-json\/wp\/v2\/pages\/6868\/revisions\/18078"}],"wp:attachment":[{"href":"https:\/\/europauto2.com\/fr\/wp-json\/wp\/v2\/media?parent=6868"}],"curies":[{"name":"wp","href":"https:\/\/api.w.org\/{rel}","templated":true}]}}