{"id":6870,"date":"2024-01-15T12:05:14","date_gmt":"2024-01-15T11:05:14","guid":{"rendered":"https:\/\/europauto2.com\/?page_id=6870"},"modified":"2024-06-28T17:02:57","modified_gmt":"2024-06-28T16:02:57","slug":"resolucao-alternativa-de-conflictos","status":"publish","type":"page","link":"https:\/\/europauto2.com\/fr\/resolucao-alternativa-de-conflictos\/","title":{"rendered":"R\u00e8glement extrajudiciaire des litiges"},"content":{"rendered":"<div data-elementor-type=\"wp-page\" data-elementor-id=\"6870\" class=\"elementor elementor-6870\" data-elementor-post-type=\"page\">\n\t\t\t\t<div class=\"elementor-element elementor-element-319d4467 e-grid e-con-boxed e-con e-parent\" data-id=\"319d4467\" data-element_type=\"container\" data-e-type=\"container\">\n\t\t\t\t\t<div class=\"e-con-inner\">\n\t\t\t\t<div class=\"elementor-element elementor-element-37ef668d elementor-widget elementor-widget-text-editor\" data-id=\"37ef668d\" data-element_type=\"widget\" data-e-type=\"widget\" data-widget_type=\"text-editor.default\">\n\t\t\t\t<div class=\"elementor-widget-container\">\n\t\t\t\t\t\t\t\t\t\n<p>Information des consommateurs (loi n\u00b0 144\/2015 du 8 septembre)<\/p>\n\n\n\n<p>Nos clients sont inform\u00e9s que nous sommes \u00e0 leur disposition pour toute clarification ou r\u00e9solution de probl\u00e8mes li\u00e9s aux services fournis et\/ou aux marchandises livr\u00e9es par cette soci\u00e9t\u00e9. Ils sont \u00e9galement inform\u00e9s qu'en tant que consommateurs, ils peuvent, en cas de litige concernant les obligations contractuelles d\u00e9coulant des contrats de vente ou de service, s'adresser \u00e0 l'organisation de r\u00e8glement extrajudiciaire des litiges suivante :<\/p>\n\n\n\n<p>CNIACC - Centre national d'information sur les conflits de consommation et d'arbitrage<br>\u00c9cole de droit de l'universit\u00e9 de Nova<br>Campus Campolide 1099-032 Lisbonne<\/p>\n\n\n\n<p>T\u00e9l\u00e9phone : 213 847 484 - de 15h \u00e0 17h \/ 91 922 55 40<br>Fax : 213 845 201<br>E-mail :&nbsp;<a href=\"mailto:cniacc@fd.unl.pt\">cniacc@fd.unl.pt<\/a><br>Site web :&nbsp;<a href=\"http:\/\/www.arbitragemdeconsumo.org\/\">www.arbitragemdeconsumo.org<\/a><\/p>\n\n\n\n<p>Pour plus d'informations, vous pouvez \u00e9galement consulter le portail des consommateurs -&nbsp;<a href=\"http:\/\/www.consumidor.pt\/\">www.consumidor.pt<\/a><\/p>\n\t\t\t\t\t\t\t\t<\/div>\n\t\t\t\t<\/div>\n\t\t\t\t\t<\/div>\n\t\t\t\t<\/div>\n\t\t\t\t<\/div>","protected":false},"excerpt":{"rendered":"<p>Informa\u00e7\u00e3o ao Consumidor (Lei N\u00ba 144\/2015, de 8 de Setembro) Informam-se os nossos Clientes que estamos ao dispor para qualquer esclarecimento ou resolu\u00e7\u00e3o de qualquer problema relacionado com os servi\u00e7os prestados e\/ou bens fornecidos por esta empresa. Informa-se ainda que &hellip; <a href=\"https:\/\/europauto2.com\/fr\/resolucao-alternativa-de-conflictos\/\">En savoir plus<\/a><\/p>","protected":false},"author":2,"featured_media":0,"parent":0,"menu_order":0,"comment_status":"closed","ping_status":"closed","template":"","meta":{"_monsterinsights_skip_tracking":false,"_monsterinsights_sitenote_active":false,"_monsterinsights_sitenote_note":"","_monsterinsights_sitenote_category":0,"footnotes":""},"class_list":["post-6870","page","type-page","status-publish","hentry"],"yoast_head":"<!-- This site is optimized with the Yoast SEO plugin v27.4 - https:\/\/yoast.com\/product\/yoast-seo-wordpress\/ -->\n<title>Resolu\u00e7\u00e3o Alternativa de Conflictos - Europauto 2<\/title>\n<meta name=\"robots\" content=\"index, follow, max-snippet:-1, max-image-preview:large, max-video-preview:-1\" \/>\n<link rel=\"canonical\" href=\"https:\/\/europauto2.com\/fr\/resolucao-alternativa-de-conflictos\/\" \/>\n<meta property=\"og:locale\" content=\"fr_FR\" \/>\n<meta property=\"og:type\" content=\"article\" \/>\n<meta property=\"og:title\" content=\"Resolu\u00e7\u00e3o Alternativa de Conflictos - Europauto 2\" \/>\n<meta property=\"og:description\" content=\"Informa\u00e7\u00e3o ao Consumidor (Lei N\u00ba 144\/2015, de 8 de Setembro) Informam-se os nossos Clientes que estamos ao dispor para qualquer esclarecimento ou resolu\u00e7\u00e3o de qualquer problema relacionado com os servi\u00e7os prestados e\/ou bens fornecidos por esta empresa. Informa-se ainda que &hellip; Readmore\" \/>\n<meta property=\"og:url\" content=\"https:\/\/europauto2.com\/fr\/resolucao-alternativa-de-conflictos\/\" \/>\n<meta property=\"og:site_name\" content=\"Europauto 2\" \/>\n<meta property=\"article:modified_time\" content=\"2024-06-28T16:02:57+00:00\" \/>\n<meta name=\"twitter:card\" content=\"summary_large_image\" \/>\n<meta name=\"twitter:label1\" content=\"Dur\u00e9e de lecture estim\u00e9e\" \/>\n\t<meta name=\"twitter:data1\" content=\"1 minute\" \/>\n<script type=\"application\/ld+json\" class=\"yoast-schema-graph\">{\"@context\":\"https:\\\/\\\/schema.org\",\"@graph\":[{\"@type\":\"WebPage\",\"@id\":\"https:\\\/\\\/europauto2.com\\\/resolucao-alternativa-de-conflictos\\\/\",\"url\":\"https:\\\/\\\/europauto2.com\\\/resolucao-alternativa-de-conflictos\\\/\",\"name\":\"Resolu\u00e7\u00e3o Alternativa de Conflictos - Europauto 2\",\"isPartOf\":{\"@id\":\"https:\\\/\\\/europauto2.com\\\/pt\\\/#website\"},\"datePublished\":\"2024-01-15T11:05:14+00:00\",\"dateModified\":\"2024-06-28T16:02:57+00:00\",\"breadcrumb\":{\"@id\":\"https:\\\/\\\/europauto2.com\\\/resolucao-alternativa-de-conflictos\\\/#breadcrumb\"},\"inLanguage\":\"fr-FR\",\"potentialAction\":[{\"@type\":\"ReadAction\",\"target\":[\"https:\\\/\\\/europauto2.com\\\/resolucao-alternativa-de-conflictos\\\/\"]}]},{\"@type\":\"BreadcrumbList\",\"@id\":\"https:\\\/\\\/europauto2.com\\\/resolucao-alternativa-de-conflictos\\\/#breadcrumb\",\"itemListElement\":[{\"@type\":\"ListItem\",\"position\":1,\"name\":\"In\u00edcio\",\"item\":\"https:\\\/\\\/europauto2.com\\\/\"},{\"@type\":\"ListItem\",\"position\":2,\"name\":\"Resolu\u00e7\u00e3o Alternativa de Conflictos\"}]},{\"@type\":\"WebSite\",\"@id\":\"https:\\\/\\\/europauto2.com\\\/pt\\\/#website\",\"url\":\"https:\\\/\\\/europauto2.com\\\/pt\\\/\",\"name\":\"Europauto 2\",\"description\":\"by IALP Communication\",\"publisher\":{\"@id\":\"https:\\\/\\\/europauto2.com\\\/pt\\\/#organization\"},\"potentialAction\":[{\"@type\":\"SearchAction\",\"target\":{\"@type\":\"EntryPoint\",\"urlTemplate\":\"https:\\\/\\\/europauto2.com\\\/pt\\\/?s={search_term_string}\"},\"query-input\":{\"@type\":\"PropertyValueSpecification\",\"valueRequired\":true,\"valueName\":\"search_term_string\"}}],\"inLanguage\":\"fr-FR\"},{\"@type\":\"Organization\",\"@id\":\"https:\\\/\\\/europauto2.com\\\/pt\\\/#organization\",\"name\":\"Europauto 2\",\"url\":\"https:\\\/\\\/europauto2.com\\\/pt\\\/\",\"logo\":{\"@type\":\"ImageObject\",\"inLanguage\":\"fr-FR\",\"@id\":\"https:\\\/\\\/europauto2.com\\\/pt\\\/#\\\/schema\\\/logo\\\/image\\\/\",\"url\":\"https:\\\/\\\/europauto2.com\\\/wp-content\\\/uploads\\\/2023\\\/09\\\/IALP-LOGO.webp\",\"contentUrl\":\"https:\\\/\\\/europauto2.com\\\/wp-content\\\/uploads\\\/2023\\\/09\\\/IALP-LOGO.webp\",\"width\":591,\"height\":591,\"caption\":\"Europauto 2\"},\"image\":{\"@id\":\"https:\\\/\\\/europauto2.com\\\/pt\\\/#\\\/schema\\\/logo\\\/image\\\/\"}}]}<\/script>\n<!-- \/ Yoast SEO plugin. -->","yoast_head_json":{"title":"Resolu\u00e7\u00e3o Alternativa de Conflictos - Europauto 2","robots":{"index":"index","follow":"follow","max-snippet":"max-snippet:-1","max-image-preview":"max-image-preview:large","max-video-preview":"max-video-preview:-1"},"canonical":"https:\/\/europauto2.com\/fr\/resolucao-alternativa-de-conflictos\/","og_locale":"fr_FR","og_type":"article","og_title":"Resolu\u00e7\u00e3o Alternativa de Conflictos - Europauto 2","og_description":"Informa\u00e7\u00e3o ao Consumidor (Lei N\u00ba 144\/2015, de 8 de Setembro) Informam-se os nossos Clientes que estamos ao dispor para qualquer esclarecimento ou resolu\u00e7\u00e3o de qualquer problema relacionado com os servi\u00e7os prestados e\/ou bens fornecidos por esta empresa. Informa-se ainda que &hellip; Readmore","og_url":"https:\/\/europauto2.com\/fr\/resolucao-alternativa-de-conflictos\/","og_site_name":"Europauto 2","article_modified_time":"2024-06-28T16:02:57+00:00","twitter_card":"summary_large_image","twitter_misc":{"Dur\u00e9e de lecture estim\u00e9e":"1 minute"},"schema":{"@context":"https:\/\/schema.org","@graph":[{"@type":"WebPage","@id":"https:\/\/europauto2.com\/resolucao-alternativa-de-conflictos\/","url":"https:\/\/europauto2.com\/resolucao-alternativa-de-conflictos\/","name":"Resolu\u00e7\u00e3o Alternativa de Conflictos - Europauto 2","isPartOf":{"@id":"https:\/\/europauto2.com\/pt\/#website"},"datePublished":"2024-01-15T11:05:14+00:00","dateModified":"2024-06-28T16:02:57+00:00","breadcrumb":{"@id":"https:\/\/europauto2.com\/resolucao-alternativa-de-conflictos\/#breadcrumb"},"inLanguage":"fr-FR","potentialAction":[{"@type":"ReadAction","target":["https:\/\/europauto2.com\/resolucao-alternativa-de-conflictos\/"]}]},{"@type":"BreadcrumbList","@id":"https:\/\/europauto2.com\/resolucao-alternativa-de-conflictos\/#breadcrumb","itemListElement":[{"@type":"ListItem","position":1,"name":"In\u00edcio","item":"https:\/\/europauto2.com\/"},{"@type":"ListItem","position":2,"name":"Resolu\u00e7\u00e3o Alternativa de Conflictos"}]},{"@type":"WebSite","@id":"https:\/\/europauto2.com\/pt\/#website","url":"https:\/\/europauto2.com\/pt\/","name":"Europauto 2","description":"par IALP Communication","publisher":{"@id":"https:\/\/europauto2.com\/pt\/#organization"},"potentialAction":[{"@type":"SearchAction","target":{"@type":"EntryPoint","urlTemplate":"https:\/\/europauto2.com\/pt\/?s={search_term_string}"},"query-input":{"@type":"PropertyValueSpecification","valueRequired":true,"valueName":"search_term_string"}}],"inLanguage":"fr-FR"},{"@type":"Organization","@id":"https:\/\/europauto2.com\/pt\/#organization","name":"Europauto 2","url":"https:\/\/europauto2.com\/pt\/","logo":{"@type":"ImageObject","inLanguage":"fr-FR","@id":"https:\/\/europauto2.com\/pt\/#\/schema\/logo\/image\/","url":"https:\/\/europauto2.com\/wp-content\/uploads\/2023\/09\/IALP-LOGO.webp","contentUrl":"https:\/\/europauto2.com\/wp-content\/uploads\/2023\/09\/IALP-LOGO.webp","width":591,"height":591,"caption":"Europauto 2"},"image":{"@id":"https:\/\/europauto2.com\/pt\/#\/schema\/logo\/image\/"}}]}},"_links":{"self":[{"href":"https:\/\/europauto2.com\/fr\/wp-json\/wp\/v2\/pages\/6870","targetHints":{"allow":["GET"]}}],"collection":[{"href":"https:\/\/europauto2.com\/fr\/wp-json\/wp\/v2\/pages"}],"about":[{"href":"https:\/\/europauto2.com\/fr\/wp-json\/wp\/v2\/types\/page"}],"author":[{"embeddable":true,"href":"https:\/\/europauto2.com\/fr\/wp-json\/wp\/v2\/users\/2"}],"replies":[{"embeddable":true,"href":"https:\/\/europauto2.com\/fr\/wp-json\/wp\/v2\/comments?post=6870"}],"version-history":[{"count":15,"href":"https:\/\/europauto2.com\/fr\/wp-json\/wp\/v2\/pages\/6870\/revisions"}],"predecessor-version":[{"id":18072,"href":"https:\/\/europauto2.com\/fr\/wp-json\/wp\/v2\/pages\/6870\/revisions\/18072"}],"wp:attachment":[{"href":"https:\/\/europauto2.com\/fr\/wp-json\/wp\/v2\/media?parent=6870"}],"curies":[{"name":"wp","href":"https:\/\/api.w.org\/{rel}","templated":true}]}}