{"id":11800,"date":"2024-02-19T17:07:07","date_gmt":"2024-02-19T16:07:07","guid":{"rendered":"https:\/\/europauto2.com\/?post_type=product&#038;p=11800"},"modified":"2025-01-16T17:50:12","modified_gmt":"2025-01-16T16:50:12","slug":"bodie-bebe-algodao-unisexo","status":"publish","type":"product","link":"https:\/\/europauto2.com\/fr\/loja\/bodie-bebe-algodao-unisexo\/","title":{"rendered":"Body unisexe en coton"},"content":{"rendered":"<p>Body en coton pour b\u00e9b\u00e9, personnalisable avec un texte libre en impression ou en broderie, selon les pr\u00e9f\u00e9rences du client.<\/p>","protected":false},"excerpt":{"rendered":"<p>Body en coton pour b\u00e9b\u00e9, personnalisable avec un texte libre en impression ou en broderie, selon les pr\u00e9f\u00e9rences du client.<\/p>","protected":false},"featured_media":14033,"comment_status":"open","ping_status":"closed","template":"","meta":{"_monsterinsights_skip_tracking":false,"_monsterinsights_sitenote_active":false,"_monsterinsights_sitenote_note":"","_monsterinsights_sitenote_category":0},"product_cat":[1147,164],"product_tag":[],"class_list":{"0":"post-11800","1":"product","2":"type-product","3":"status-publish","4":"has-post-thumbnail","6":"product_cat-babygrow","7":"product_cat-vestuario","9":"first","10":"instock","11":"shipping-taxable","12":"purchasable","13":"product-type-variable","14":"has-default-attributes"},"yoast_head":"<!-- This site is optimized with the Yoast SEO plugin v27.4 - https:\/\/yoast.com\/product\/yoast-seo-wordpress\/ -->\n<title>Body Algod\u00e3o Unisexo - Europauto 2<\/title>\n<meta name=\"robots\" content=\"index, follow, max-snippet:-1, max-image-preview:large, max-video-preview:-1\" \/>\n<link rel=\"canonical\" href=\"https:\/\/europauto2.com\/fr\/loja\/bodie-bebe-algodao-unisexo\/\" \/>\n<meta property=\"og:locale\" content=\"fr_FR\" \/>\n<meta property=\"og:type\" content=\"article\" \/>\n<meta property=\"og:title\" content=\"Body Algod\u00e3o Unisexo - Europauto 2\" \/>\n<meta property=\"og:description\" content=\"Body para beb\u00e9 em algod\u00e3o, personaliz\u00e1vel com texto livre em estampagem ou bordado, conforme a prefer\u00eancia do cliente.\" \/>\n<meta property=\"og:url\" content=\"https:\/\/europauto2.com\/fr\/loja\/bodie-bebe-algodao-unisexo\/\" \/>\n<meta property=\"og:site_name\" content=\"Europauto 2\" \/>\n<meta property=\"article:modified_time\" content=\"2025-01-16T16:50:12+00:00\" \/>\n<meta property=\"og:image\" content=\"https:\/\/europauto2.com\/wp-content\/uploads\/2024\/02\/Babygrow-Algodao-Unisexo.jpg\" \/>\n\t<meta property=\"og:image:width\" content=\"1182\" \/>\n\t<meta property=\"og:image:height\" content=\"1182\" \/>\n\t<meta property=\"og:image:type\" content=\"image\/jpeg\" \/>\n<meta name=\"twitter:card\" content=\"summary_large_image\" \/>\n<meta name=\"twitter:label1\" content=\"Dur\u00e9e de lecture estim\u00e9e\" \/>\n\t<meta name=\"twitter:data1\" content=\"1 minute\" \/>\n<script type=\"application\/ld+json\" class=\"yoast-schema-graph\">{\"@context\":\"https:\\\/\\\/schema.org\",\"@graph\":[{\"@type\":\"WebPage\",\"@id\":\"https:\\\/\\\/europauto2.com\\\/loja\\\/bodie-bebe-algodao-unisexo\\\/\",\"url\":\"https:\\\/\\\/europauto2.com\\\/loja\\\/bodie-bebe-algodao-unisexo\\\/\",\"name\":\"Body Algod\u00e3o Unisexo - Europauto 2\",\"isPartOf\":{\"@id\":\"https:\\\/\\\/europauto2.com\\\/pt\\\/#website\"},\"primaryImageOfPage\":{\"@id\":\"https:\\\/\\\/europauto2.com\\\/loja\\\/bodie-bebe-algodao-unisexo\\\/#primaryimage\"},\"image\":{\"@id\":\"https:\\\/\\\/europauto2.com\\\/loja\\\/bodie-bebe-algodao-unisexo\\\/#primaryimage\"},\"thumbnailUrl\":\"https:\\\/\\\/europauto2.com\\\/wp-content\\\/uploads\\\/2024\\\/02\\\/Babygrow-Algodao-Unisexo.jpg\",\"datePublished\":\"2024-02-19T16:07:07+00:00\",\"dateModified\":\"2025-01-16T16:50:12+00:00\",\"breadcrumb\":{\"@id\":\"https:\\\/\\\/europauto2.com\\\/loja\\\/bodie-bebe-algodao-unisexo\\\/#breadcrumb\"},\"inLanguage\":\"fr-FR\",\"potentialAction\":[{\"@type\":\"ReadAction\",\"target\":[\"https:\\\/\\\/europauto2.com\\\/loja\\\/bodie-bebe-algodao-unisexo\\\/\"]}]},{\"@type\":\"ImageObject\",\"inLanguage\":\"fr-FR\",\"@id\":\"https:\\\/\\\/europauto2.com\\\/loja\\\/bodie-bebe-algodao-unisexo\\\/#primaryimage\",\"url\":\"https:\\\/\\\/europauto2.com\\\/wp-content\\\/uploads\\\/2024\\\/02\\\/Babygrow-Algodao-Unisexo.jpg\",\"contentUrl\":\"https:\\\/\\\/europauto2.com\\\/wp-content\\\/uploads\\\/2024\\\/02\\\/Babygrow-Algodao-Unisexo.jpg\",\"width\":1182,\"height\":1182},{\"@type\":\"BreadcrumbList\",\"@id\":\"https:\\\/\\\/europauto2.com\\\/loja\\\/bodie-bebe-algodao-unisexo\\\/#breadcrumb\",\"itemListElement\":[{\"@type\":\"ListItem\",\"position\":1,\"name\":\"In\u00edcio\",\"item\":\"https:\\\/\\\/europauto2.com\\\/\"},{\"@type\":\"ListItem\",\"position\":2,\"name\":\"Loja\",\"item\":\"https:\\\/\\\/europauto2.com\\\/pt\\\/loja\\\/\"},{\"@type\":\"ListItem\",\"position\":3,\"name\":\"Body Algod\u00e3o Unisexo\"}]},{\"@type\":\"WebSite\",\"@id\":\"https:\\\/\\\/europauto2.com\\\/pt\\\/#website\",\"url\":\"https:\\\/\\\/europauto2.com\\\/pt\\\/\",\"name\":\"Europauto 2\",\"description\":\"by IALP Communication\",\"publisher\":{\"@id\":\"https:\\\/\\\/europauto2.com\\\/pt\\\/#organization\"},\"potentialAction\":[{\"@type\":\"SearchAction\",\"target\":{\"@type\":\"EntryPoint\",\"urlTemplate\":\"https:\\\/\\\/europauto2.com\\\/pt\\\/?s={search_term_string}\"},\"query-input\":{\"@type\":\"PropertyValueSpecification\",\"valueRequired\":true,\"valueName\":\"search_term_string\"}}],\"inLanguage\":\"fr-FR\"},{\"@type\":\"Organization\",\"@id\":\"https:\\\/\\\/europauto2.com\\\/pt\\\/#organization\",\"name\":\"Europauto 2\",\"url\":\"https:\\\/\\\/europauto2.com\\\/pt\\\/\",\"logo\":{\"@type\":\"ImageObject\",\"inLanguage\":\"fr-FR\",\"@id\":\"https:\\\/\\\/europauto2.com\\\/pt\\\/#\\\/schema\\\/logo\\\/image\\\/\",\"url\":\"https:\\\/\\\/europauto2.com\\\/wp-content\\\/uploads\\\/2023\\\/09\\\/IALP-LOGO.webp\",\"contentUrl\":\"https:\\\/\\\/europauto2.com\\\/wp-content\\\/uploads\\\/2023\\\/09\\\/IALP-LOGO.webp\",\"width\":591,\"height\":591,\"caption\":\"Europauto 2\"},\"image\":{\"@id\":\"https:\\\/\\\/europauto2.com\\\/pt\\\/#\\\/schema\\\/logo\\\/image\\\/\"}}]}<\/script>\n<!-- \/ Yoast SEO plugin. -->","yoast_head_json":{"title":"Body Algod\u00e3o Unisexo - Europauto 2","robots":{"index":"index","follow":"follow","max-snippet":"max-snippet:-1","max-image-preview":"max-image-preview:large","max-video-preview":"max-video-preview:-1"},"canonical":"https:\/\/europauto2.com\/fr\/loja\/bodie-bebe-algodao-unisexo\/","og_locale":"fr_FR","og_type":"article","og_title":"Body Algod\u00e3o Unisexo - Europauto 2","og_description":"Body para beb\u00e9 em algod\u00e3o, personaliz\u00e1vel com texto livre em estampagem ou bordado, conforme a prefer\u00eancia do cliente.","og_url":"https:\/\/europauto2.com\/fr\/loja\/bodie-bebe-algodao-unisexo\/","og_site_name":"Europauto 2","article_modified_time":"2025-01-16T16:50:12+00:00","og_image":[{"width":1182,"height":1182,"url":"https:\/\/europauto2.com\/wp-content\/uploads\/2024\/02\/Babygrow-Algodao-Unisexo.jpg","type":"image\/jpeg"}],"twitter_card":"summary_large_image","twitter_misc":{"Dur\u00e9e de lecture estim\u00e9e":"1 minute"},"schema":{"@context":"https:\/\/schema.org","@graph":[{"@type":"WebPage","@id":"https:\/\/europauto2.com\/loja\/bodie-bebe-algodao-unisexo\/","url":"https:\/\/europauto2.com\/loja\/bodie-bebe-algodao-unisexo\/","name":"Body Algod\u00e3o Unisexo - Europauto 2","isPartOf":{"@id":"https:\/\/europauto2.com\/pt\/#website"},"primaryImageOfPage":{"@id":"https:\/\/europauto2.com\/loja\/bodie-bebe-algodao-unisexo\/#primaryimage"},"image":{"@id":"https:\/\/europauto2.com\/loja\/bodie-bebe-algodao-unisexo\/#primaryimage"},"thumbnailUrl":"https:\/\/europauto2.com\/wp-content\/uploads\/2024\/02\/Babygrow-Algodao-Unisexo.jpg","datePublished":"2024-02-19T16:07:07+00:00","dateModified":"2025-01-16T16:50:12+00:00","breadcrumb":{"@id":"https:\/\/europauto2.com\/loja\/bodie-bebe-algodao-unisexo\/#breadcrumb"},"inLanguage":"fr-FR","potentialAction":[{"@type":"ReadAction","target":["https:\/\/europauto2.com\/loja\/bodie-bebe-algodao-unisexo\/"]}]},{"@type":"ImageObject","inLanguage":"fr-FR","@id":"https:\/\/europauto2.com\/loja\/bodie-bebe-algodao-unisexo\/#primaryimage","url":"https:\/\/europauto2.com\/wp-content\/uploads\/2024\/02\/Babygrow-Algodao-Unisexo.jpg","contentUrl":"https:\/\/europauto2.com\/wp-content\/uploads\/2024\/02\/Babygrow-Algodao-Unisexo.jpg","width":1182,"height":1182},{"@type":"BreadcrumbList","@id":"https:\/\/europauto2.com\/loja\/bodie-bebe-algodao-unisexo\/#breadcrumb","itemListElement":[{"@type":"ListItem","position":1,"name":"In\u00edcio","item":"https:\/\/europauto2.com\/"},{"@type":"ListItem","position":2,"name":"Loja","item":"https:\/\/europauto2.com\/pt\/loja\/"},{"@type":"ListItem","position":3,"name":"Body Algod\u00e3o Unisexo"}]},{"@type":"WebSite","@id":"https:\/\/europauto2.com\/pt\/#website","url":"https:\/\/europauto2.com\/pt\/","name":"Europauto 2","description":"par IALP Communication","publisher":{"@id":"https:\/\/europauto2.com\/pt\/#organization"},"potentialAction":[{"@type":"SearchAction","target":{"@type":"EntryPoint","urlTemplate":"https:\/\/europauto2.com\/pt\/?s={search_term_string}"},"query-input":{"@type":"PropertyValueSpecification","valueRequired":true,"valueName":"search_term_string"}}],"inLanguage":"fr-FR"},{"@type":"Organization","@id":"https:\/\/europauto2.com\/pt\/#organization","name":"Europauto 2","url":"https:\/\/europauto2.com\/pt\/","logo":{"@type":"ImageObject","inLanguage":"fr-FR","@id":"https:\/\/europauto2.com\/pt\/#\/schema\/logo\/image\/","url":"https:\/\/europauto2.com\/wp-content\/uploads\/2023\/09\/IALP-LOGO.webp","contentUrl":"https:\/\/europauto2.com\/wp-content\/uploads\/2023\/09\/IALP-LOGO.webp","width":591,"height":591,"caption":"Europauto 2"},"image":{"@id":"https:\/\/europauto2.com\/pt\/#\/schema\/logo\/image\/"}}]}},"_links":{"self":[{"href":"https:\/\/europauto2.com\/fr\/wp-json\/wp\/v2\/product\/11800","targetHints":{"allow":["GET"]}}],"collection":[{"href":"https:\/\/europauto2.com\/fr\/wp-json\/wp\/v2\/product"}],"about":[{"href":"https:\/\/europauto2.com\/fr\/wp-json\/wp\/v2\/types\/product"}],"replies":[{"embeddable":true,"href":"https:\/\/europauto2.com\/fr\/wp-json\/wp\/v2\/comments?post=11800"}],"wp:featuredmedia":[{"embeddable":true,"href":"https:\/\/europauto2.com\/fr\/wp-json\/wp\/v2\/media\/14033"}],"wp:attachment":[{"href":"https:\/\/europauto2.com\/fr\/wp-json\/wp\/v2\/media?parent=11800"}],"wp:term":[{"taxonomy":"product_cat","embeddable":true,"href":"https:\/\/europauto2.com\/fr\/wp-json\/wp\/v2\/product_cat?post=11800"},{"taxonomy":"product_tag","embeddable":true,"href":"https:\/\/europauto2.com\/fr\/wp-json\/wp\/v2\/product_tag?post=11800"}],"curies":[{"name":"wp","href":"https:\/\/api.w.org\/{rel}","templated":true}]}}