{"id":6868,"date":"2024-01-15T12:04:44","date_gmt":"2024-01-15T11:04:44","guid":{"rendered":"https:\/\/europauto2.com\/?page_id=6868"},"modified":"2024-06-28T17:03:41","modified_gmt":"2024-06-28T16:03:41","slug":"termos-e-condicoes","status":"publish","type":"page","link":"https:\/\/europauto2.com\/pt\/termos-e-condicoes\/","title":{"rendered":"Termos e Condi\u00e7\u00f5es"},"content":{"rendered":"\t\t<div data-elementor-type=\"wp-page\" data-elementor-id=\"6868\" class=\"elementor elementor-6868\" data-elementor-post-type=\"page\">\n\t\t\t\t<div class=\"elementor-element elementor-element-a1cabe9 e-flex e-con-boxed e-con e-parent\" data-id=\"a1cabe9\" data-element_type=\"container\" data-e-type=\"container\">\n\t\t\t\t\t<div class=\"e-con-inner\">\n\t\t\t\t<div class=\"elementor-element elementor-element-739e45a6 elementor-widget elementor-widget-text-editor\" data-id=\"739e45a6\" data-element_type=\"widget\" data-e-type=\"widget\" data-widget_type=\"text-editor.default\">\n\t\t\t\t<div class=\"elementor-widget-container\">\n\t\t\t\t\t\t\t\t\t\n<p>Objeto<br>1.1. Este website \u00e9 operado pela EUROPAUTO II, marca comercial da sociedade S\u00cdMBOLOBRIGAT\u00d3RIO \u2013 COM\u00c9RCIO &amp; SERVI\u00c7OS, LDA, com o n\u00famero de pessoa coletiva 513313605, e com sede na Avenida Europa, n.\u00ba 329 em Cacia.<br>1.2. A EUROPAUTO II assume a responsabilidade e o compromisso de respeitar a seguran\u00e7a deste website e proteger os dados fornecidos pelos seus clientes e visitantes.<br>1.3. As presentes condi\u00e7\u00f5es gerais destinam-se a regular os termos e as condi\u00e7\u00f5es por que se reger\u00e1 a presta\u00e7\u00e3o de servi\u00e7os da loja online da EUROPAUTO II.<br>1.4. A compra de qualquer produto na loja online da EUROPAUTO II implica a aceita\u00e7\u00e3o dos presentes termos e condi\u00e7\u00f5es.<br>1.5. O utilizador \u00e9 respons\u00e1vel por utilizar este site em conformidade com o estabelecido pela lei, abstendo-se de qualquer atividade il\u00edcita ou imoral, ou qualquer atividade que v\u00e1 contra as melhores pr\u00e1ticas ou direitos de terceiros.<br>Pol\u00edtica de Cookies<br>2.1. De forma a prestar um servi\u00e7o mais personalizado e melhorar a experi\u00eancia do utilizador, o nosso website utiliza cookies para recolher e guardar informa\u00e7\u00e3o. Uma \u201ccookie\u201d \u00e9 um arquivo de dados que permite lembrar as suas escolhas, datas e percursos anteriores no site.<br>2.2. Os utilizadores podem impedir o uso de cookies nas configura\u00e7\u00f5es do navegador. Se limitar esta op\u00e7\u00e3o, no entanto, a utiliza\u00e7\u00e3o de alguns recursos ou o desempenho de determinadas ferramentas pode ficar condicionado.<br>Informa\u00e7\u00e3o de Produtos, Pre\u00e7os e Conte\u00fados<br>3.1. A EUROPAUTO II reserva-se ao direito de modificar, sem aviso pr\u00e9vio e a qualquer momento, a informa\u00e7\u00e3o e oferta comercial apresentada, nomeadamente quanto a produtos, pre\u00e7os, promo\u00e7\u00f5es, condi\u00e7\u00f5es comerciais e servi\u00e7os.<br>3.2. As imagens que ilustram cada produto podem diferir do produto posteriormente entregue.<br>3.3. Os artigos \u00e0 venda na loja online est\u00e3o sujeitos ao stock existente e as encomendas ser\u00e3o processadas por ordem de chegada.<br>3.4. Em caso de rutura de stock, tempor\u00e1ria ou definitiva, o cliente ser\u00e1 devidamente notificado, sendo-lhe sugerida uma alternativa com caracter\u00edsticas semelhantes, ou a possibilidade de cancelar a encomenda sem custos.<br>3.5. Ao abrigo da legisla\u00e7\u00e3o Portuguesa, os pre\u00e7os incluem IVA \u00e0 taxa legal em vigor.<br>Encomendas e pagamento<br>4.1. Para realizar uma compra na loja online da EUROPAUTO II, os utilizadores s\u00f3 precisam adicionar itens ao carrinho e concluir o processo de checkout.<br>4.2. Os compradores podem escolher o meio de pagamento que preferem entre as seguintes op\u00e7\u00f5es: Multibanco ou Transfer\u00eancia Banc\u00e1ria. O processo de pagamento por Multibanco \u00e9 feito de forma segura atrav\u00e9s do nosso parceiro ifthenpay.<br>4.3. Qualquer encomenda efetuada na loja online da EUROPAUTO II s\u00f3 ser\u00e1 processada ap\u00f3s o recebimento efetivo do pagamento.<br>4.4. Ap\u00f3s a confirma\u00e7\u00e3o da encomenda na loja online da EUROPAUTO II, ser\u00e1 enviado um e-mail para o endere\u00e7o eletr\u00f3nico indicado pelo utilizador, com todos os detalhes sobre os produtos encomendados, entrega, fatura\u00e7\u00e3o e informa\u00e7\u00f5es de pagamento. Caso o cliente n\u00e3o receba o e-mail de confirma\u00e7\u00e3o de encomenda \u00e9 solicitado que entre em contacto com a EUROPAUTO II atrav\u00e9s do contacto telef\u00f3nico 234917813 ou atrav\u00e9s do email comercial@europauto2.com.<br>4.5. A EUROPAUTO II esclarecer\u00e1 quaisquer d\u00favidas e\/ou responder\u00e1 a quaisquer solicita\u00e7\u00f5es de informa\u00e7\u00f5es enviadas para o seguinte e-mail: comercial@europauto2.com.<br>Entrega<br>5.1. As encomendas s\u00f3 ser\u00e3o entregues\/enviadas ap\u00f3s efetuado o pagamento devido pelo cliente.<br>5.2. Ao finalizar a encomenda, o cliente pode escolher recolher a encomenda nas instala\u00e7\u00f5es da EUTOPAUTO II ou que a encomenda lhe seja enviada por transportadora para a morada que indicar.<br>5.3. A entrega das encomendas enviadas ser\u00e1 realizada de acordo com os hor\u00e1rios de entrega da empresa transportadora.<br>5.4. A entrega ao domic\u00edlio n\u00e3o pode ser feita em apartados.<br>5.5. Como o servi\u00e7o de entrega \u00e9 contratado a uma empresa externa, os poss\u00edveis atrasos nas entregas n\u00e3o s\u00e3o responsabilidade da EUROPAUTO II.<br>5.6. Se por algum motivo o cliente n\u00e3o puder receber a encomenda, solicita-se que entre em contacto de imediato com a loja online da EUTOPAUTO II atrav\u00e9s do email comercial@europauto2.com.<br>5.7. Todos os produtos enviados pela EUROPAUTO II devem ser verificados no ato da entrega. Se o cliente verificar que a encomenda se encontra danificada, dever\u00e1 recusar a sua rece\u00e7\u00e3o e devolv\u00ea-la \u00e0 empresa transportadora, indicando o motivo da devolu\u00e7\u00e3o na guia de remessa. Dever\u00e1, ainda, informar de imediato esse incidente \u00e0 EUROPAUTO II atrav\u00e9s do email comercial@europauto2.com.<br>5.8. Se, ap\u00f3s a entrega, o cliente verificar que algum artigo n\u00e3o se encontra em conformidade, \u00e9 solicitado que entre em contacte a EUROPAUTO II atrav\u00e9s do email comercial@eutopauto2.com, indicando o n\u00famero da encomenda, a raz\u00e3o da desconformidade e juntando fotografias dos artigos em causa.<br>Portes de envio<br>O valor da entrega \u00e9 calculado em fun\u00e7\u00e3o do peso dos produtos, destino e do valor total da encomenda.<br>Devolu\u00e7\u00f5es\/reclama\u00e7\u00f5es<br>7.1. Temos uma pol\u00edtica de devolu\u00e7\u00e3o de 14 dias, o que significa que o cliente tem 14 dias ap\u00f3s receber a sua encomenda para solicitar a devolu\u00e7\u00e3o por e-mail atrav\u00e9s do email comercial@europauto2.com e fazer chegar a encomenda \u00e0s instala\u00e7\u00f5es da EUROPAUTO II.<br>7.2. A devolu\u00e7\u00e3o pode ser realizada fisicamente nas instala\u00e7\u00f5es da EUROPAUTO II ou, em alternativa, o cliente pode enviar os produtos por correio.<br>7.3. Os custos de devolu\u00e7\u00e3o ser\u00e3o suportados pelo cliente, exceto quando a devolu\u00e7\u00e3o se tenha por base produtos comprovadamente defeituosos.<br>7.4. Ao devolver um artigo, o cliente deve considerar a possibilidade de utilizar um servi\u00e7o postal de envio rastre\u00e1vel, pois de outra forma n\u00e3o \u00e9 poss\u00edvel confirmar a rece\u00e7\u00e3o dos artigos devolvidos.<br>7.5. N\u00e3o s\u00e3o aceites devolu\u00e7\u00f5es de produtos personalizados.<br>7.6. Para ser eleg\u00edvel para uma devolu\u00e7\u00e3o, o artigo deve estar na mesma condi\u00e7\u00e3o em que foi recebido, sem estar danificado ou usado, com etiqueta e dentro da embalagem original.<br>7.8. Assim que a encomenda for recebida e ap\u00f3s confirma\u00e7\u00e3o de que os artigos est\u00e3o em perfeitas condi\u00e7\u00f5es, o reembolso ser\u00e1 processado no prazo m\u00e1ximo de dez dias \u00fateis por transfer\u00eancia banc\u00e1ria para o IBAN que o cliente indicar por email.<br>7.9. Os custos de entrega n\u00e3o s\u00e3o reembols\u00e1veis, sendo apenas reembolsado o valor dos produtos devolvidos.<br>As presentes condi\u00e7\u00f5es gerais de venda online podem ser alteradas sem aviso pr\u00e9vio, devendo, por isso, ser consultadas antes da realiza\u00e7\u00e3o de qualquer encomenda.<\/p>\n\t\t\t\t\t\t\t\t<\/div>\n\t\t\t\t<\/div>\n\t\t\t\t\t<\/div>\n\t\t\t\t<\/div>\n\t\t\t\t<\/div>\n\t\t","protected":false},"excerpt":{"rendered":"<p>Objeto1.1. Este website \u00e9 operado pela EUROPAUTO II, marca comercial da sociedade S\u00cdMBOLOBRIGAT\u00d3RIO \u2013 COM\u00c9RCIO &amp; SERVI\u00c7OS, LDA, com o n\u00famero de pessoa coletiva 513313605, e com sede na Avenida Europa, n.\u00ba 329 em Cacia.1.2. A EUROPAUTO II assume a &hellip; <a href=\"https:\/\/europauto2.com\/pt\/termos-e-condicoes\/\">Readmore<\/a><\/p>\n","protected":false},"author":2,"featured_media":0,"parent":0,"menu_order":0,"comment_status":"closed","ping_status":"closed","template":"","meta":{"_monsterinsights_skip_tracking":false,"_monsterinsights_sitenote_active":false,"_monsterinsights_sitenote_note":"","_monsterinsights_sitenote_category":0,"footnotes":""},"class_list":["post-6868","page","type-page","status-publish","hentry"],"yoast_head":"<!-- This site is optimized with the Yoast SEO plugin v27.4 - https:\/\/yoast.com\/product\/yoast-seo-wordpress\/ -->\n<title>Termos e Condi\u00e7\u00f5es - Europauto 2<\/title>\n<meta name=\"robots\" content=\"index, follow, max-snippet:-1, max-image-preview:large, max-video-preview:-1\" \/>\n<link rel=\"canonical\" href=\"https:\/\/europauto2.com\/pt\/termos-e-condicoes\/\" \/>\n<meta property=\"og:locale\" content=\"pt_PT\" \/>\n<meta property=\"og:type\" content=\"article\" \/>\n<meta property=\"og:title\" content=\"Termos e Condi\u00e7\u00f5es - Europauto 2\" \/>\n<meta property=\"og:description\" content=\"Objeto1.1. Este website \u00e9 operado pela EUROPAUTO II, marca comercial da sociedade S\u00cdMBOLOBRIGAT\u00d3RIO \u2013 COM\u00c9RCIO &amp; SERVI\u00c7OS, LDA, com o n\u00famero de pessoa coletiva 513313605, e com sede na Avenida Europa, n.\u00ba 329 em Cacia.1.2. A EUROPAUTO II assume a &hellip; Readmore\" \/>\n<meta property=\"og:url\" content=\"https:\/\/europauto2.com\/pt\/termos-e-condicoes\/\" \/>\n<meta property=\"og:site_name\" content=\"Europauto 2\" \/>\n<meta property=\"article:modified_time\" content=\"2024-06-28T16:03:41+00:00\" \/>\n<meta name=\"twitter:card\" content=\"summary_large_image\" \/>\n<meta name=\"twitter:label1\" content=\"Tempo estimado de leitura\" \/>\n\t<meta name=\"twitter:data1\" content=\"6 minutos\" \/>\n<script type=\"application\/ld+json\" class=\"yoast-schema-graph\">{\"@context\":\"https:\\\/\\\/schema.org\",\"@graph\":[{\"@type\":\"WebPage\",\"@id\":\"https:\\\/\\\/europauto2.com\\\/termos-e-condicoes\\\/\",\"url\":\"https:\\\/\\\/europauto2.com\\\/termos-e-condicoes\\\/\",\"name\":\"Termos e Condi\u00e7\u00f5es - Europauto 2\",\"isPartOf\":{\"@id\":\"https:\\\/\\\/europauto2.com\\\/pt\\\/#website\"},\"datePublished\":\"2024-01-15T11:04:44+00:00\",\"dateModified\":\"2024-06-28T16:03:41+00:00\",\"breadcrumb\":{\"@id\":\"https:\\\/\\\/europauto2.com\\\/termos-e-condicoes\\\/#breadcrumb\"},\"inLanguage\":\"pt-PT\",\"potentialAction\":[{\"@type\":\"ReadAction\",\"target\":[\"https:\\\/\\\/europauto2.com\\\/termos-e-condicoes\\\/\"]}]},{\"@type\":\"BreadcrumbList\",\"@id\":\"https:\\\/\\\/europauto2.com\\\/termos-e-condicoes\\\/#breadcrumb\",\"itemListElement\":[{\"@type\":\"ListItem\",\"position\":1,\"name\":\"In\u00edcio\",\"item\":\"https:\\\/\\\/europauto2.com\\\/\"},{\"@type\":\"ListItem\",\"position\":2,\"name\":\"Termos e Condi\u00e7\u00f5es\"}]},{\"@type\":\"WebSite\",\"@id\":\"https:\\\/\\\/europauto2.com\\\/pt\\\/#website\",\"url\":\"https:\\\/\\\/europauto2.com\\\/pt\\\/\",\"name\":\"Europauto 2\",\"description\":\"by IALP Communication\",\"publisher\":{\"@id\":\"https:\\\/\\\/europauto2.com\\\/pt\\\/#organization\"},\"potentialAction\":[{\"@type\":\"SearchAction\",\"target\":{\"@type\":\"EntryPoint\",\"urlTemplate\":\"https:\\\/\\\/europauto2.com\\\/pt\\\/?s={search_term_string}\"},\"query-input\":{\"@type\":\"PropertyValueSpecification\",\"valueRequired\":true,\"valueName\":\"search_term_string\"}}],\"inLanguage\":\"pt-PT\"},{\"@type\":\"Organization\",\"@id\":\"https:\\\/\\\/europauto2.com\\\/pt\\\/#organization\",\"name\":\"Europauto 2\",\"url\":\"https:\\\/\\\/europauto2.com\\\/pt\\\/\",\"logo\":{\"@type\":\"ImageObject\",\"inLanguage\":\"pt-PT\",\"@id\":\"https:\\\/\\\/europauto2.com\\\/pt\\\/#\\\/schema\\\/logo\\\/image\\\/\",\"url\":\"https:\\\/\\\/europauto2.com\\\/wp-content\\\/uploads\\\/2023\\\/09\\\/IALP-LOGO.webp\",\"contentUrl\":\"https:\\\/\\\/europauto2.com\\\/wp-content\\\/uploads\\\/2023\\\/09\\\/IALP-LOGO.webp\",\"width\":591,\"height\":591,\"caption\":\"Europauto 2\"},\"image\":{\"@id\":\"https:\\\/\\\/europauto2.com\\\/pt\\\/#\\\/schema\\\/logo\\\/image\\\/\"}}]}<\/script>\n<!-- \/ Yoast SEO plugin. -->","yoast_head_json":{"title":"Termos e Condi\u00e7\u00f5es - Europauto 2","robots":{"index":"index","follow":"follow","max-snippet":"max-snippet:-1","max-image-preview":"max-image-preview:large","max-video-preview":"max-video-preview:-1"},"canonical":"https:\/\/europauto2.com\/pt\/termos-e-condicoes\/","og_locale":"pt_PT","og_type":"article","og_title":"Termos e Condi\u00e7\u00f5es - Europauto 2","og_description":"Objeto1.1. Este website \u00e9 operado pela EUROPAUTO II, marca comercial da sociedade S\u00cdMBOLOBRIGAT\u00d3RIO \u2013 COM\u00c9RCIO &amp; SERVI\u00c7OS, LDA, com o n\u00famero de pessoa coletiva 513313605, e com sede na Avenida Europa, n.\u00ba 329 em Cacia.1.2. A EUROPAUTO II assume a &hellip; Readmore","og_url":"https:\/\/europauto2.com\/pt\/termos-e-condicoes\/","og_site_name":"Europauto 2","article_modified_time":"2024-06-28T16:03:41+00:00","twitter_card":"summary_large_image","twitter_misc":{"Tempo estimado de leitura":"6 minutos"},"schema":{"@context":"https:\/\/schema.org","@graph":[{"@type":"WebPage","@id":"https:\/\/europauto2.com\/termos-e-condicoes\/","url":"https:\/\/europauto2.com\/termos-e-condicoes\/","name":"Termos e Condi\u00e7\u00f5es - Europauto 2","isPartOf":{"@id":"https:\/\/europauto2.com\/pt\/#website"},"datePublished":"2024-01-15T11:04:44+00:00","dateModified":"2024-06-28T16:03:41+00:00","breadcrumb":{"@id":"https:\/\/europauto2.com\/termos-e-condicoes\/#breadcrumb"},"inLanguage":"pt-PT","potentialAction":[{"@type":"ReadAction","target":["https:\/\/europauto2.com\/termos-e-condicoes\/"]}]},{"@type":"BreadcrumbList","@id":"https:\/\/europauto2.com\/termos-e-condicoes\/#breadcrumb","itemListElement":[{"@type":"ListItem","position":1,"name":"In\u00edcio","item":"https:\/\/europauto2.com\/"},{"@type":"ListItem","position":2,"name":"Termos e Condi\u00e7\u00f5es"}]},{"@type":"WebSite","@id":"https:\/\/europauto2.com\/pt\/#website","url":"https:\/\/europauto2.com\/pt\/","name":"Europauto 2","description":"by IALP Communication","publisher":{"@id":"https:\/\/europauto2.com\/pt\/#organization"},"potentialAction":[{"@type":"SearchAction","target":{"@type":"EntryPoint","urlTemplate":"https:\/\/europauto2.com\/pt\/?s={search_term_string}"},"query-input":{"@type":"PropertyValueSpecification","valueRequired":true,"valueName":"search_term_string"}}],"inLanguage":"pt-PT"},{"@type":"Organization","@id":"https:\/\/europauto2.com\/pt\/#organization","name":"Europauto 2","url":"https:\/\/europauto2.com\/pt\/","logo":{"@type":"ImageObject","inLanguage":"pt-PT","@id":"https:\/\/europauto2.com\/pt\/#\/schema\/logo\/image\/","url":"https:\/\/europauto2.com\/wp-content\/uploads\/2023\/09\/IALP-LOGO.webp","contentUrl":"https:\/\/europauto2.com\/wp-content\/uploads\/2023\/09\/IALP-LOGO.webp","width":591,"height":591,"caption":"Europauto 2"},"image":{"@id":"https:\/\/europauto2.com\/pt\/#\/schema\/logo\/image\/"}}]}},"_links":{"self":[{"href":"https:\/\/europauto2.com\/pt\/wp-json\/wp\/v2\/pages\/6868","targetHints":{"allow":["GET"]}}],"collection":[{"href":"https:\/\/europauto2.com\/pt\/wp-json\/wp\/v2\/pages"}],"about":[{"href":"https:\/\/europauto2.com\/pt\/wp-json\/wp\/v2\/types\/page"}],"author":[{"embeddable":true,"href":"https:\/\/europauto2.com\/pt\/wp-json\/wp\/v2\/users\/2"}],"replies":[{"embeddable":true,"href":"https:\/\/europauto2.com\/pt\/wp-json\/wp\/v2\/comments?post=6868"}],"version-history":[{"count":5,"href":"https:\/\/europauto2.com\/pt\/wp-json\/wp\/v2\/pages\/6868\/revisions"}],"predecessor-version":[{"id":18078,"href":"https:\/\/europauto2.com\/pt\/wp-json\/wp\/v2\/pages\/6868\/revisions\/18078"}],"wp:attachment":[{"href":"https:\/\/europauto2.com\/pt\/wp-json\/wp\/v2\/media?parent=6868"}],"curies":[{"name":"wp","href":"https:\/\/api.w.org\/{rel}","templated":true}]}}