{"id":6870,"date":"2024-01-15T12:05:14","date_gmt":"2024-01-15T11:05:14","guid":{"rendered":"https:\/\/europauto2.com\/?page_id=6870"},"modified":"2024-06-28T17:02:57","modified_gmt":"2024-06-28T16:02:57","slug":"resolucao-alternativa-de-conflictos","status":"publish","type":"page","link":"https:\/\/europauto2.com\/pt\/resolucao-alternativa-de-conflictos\/","title":{"rendered":"Resolu\u00e7\u00e3o Alternativa de Conflictos"},"content":{"rendered":"\t\t<div data-elementor-type=\"wp-page\" data-elementor-id=\"6870\" class=\"elementor elementor-6870\" data-elementor-post-type=\"page\">\n\t\t\t\t<div class=\"elementor-element elementor-element-319d4467 e-grid e-con-boxed e-con e-parent\" data-id=\"319d4467\" data-element_type=\"container\" data-e-type=\"container\">\n\t\t\t\t\t<div class=\"e-con-inner\">\n\t\t\t\t<div class=\"elementor-element elementor-element-37ef668d elementor-widget elementor-widget-text-editor\" data-id=\"37ef668d\" data-element_type=\"widget\" data-e-type=\"widget\" data-widget_type=\"text-editor.default\">\n\t\t\t\t<div class=\"elementor-widget-container\">\n\t\t\t\t\t\t\t\t\t\n<p>Informa\u00e7\u00e3o ao Consumidor (Lei N\u00ba 144\/2015, de 8 de Setembro)<\/p>\n\n\n\n<p>Informam-se os nossos Clientes que estamos ao dispor para qualquer esclarecimento ou resolu\u00e7\u00e3o de qualquer problema relacionado com os servi\u00e7os prestados e\/ou bens fornecidos por esta empresa. Informa-se ainda que podem, enquanto consumidores, em caso de lit\u00edgio referente a obriga\u00e7\u00f5es contratuais resultantes de contratos de compra e venda ou de presta\u00e7\u00e3o de servi\u00e7os \u00e0 seguinte Entidade de Resolu\u00e7\u00e3o Alternativa de Conflitos:<\/p>\n\n\n\n<p>CNIACC \u2013 Centro Nacional de Informa\u00e7\u00e3o e Arbitragem de Conflitos de Consumo<br>Faculdade de Direito da Universidade Nova de Lisboa<br>Campus de Campolide 1099-032 Lisboa<\/p>\n\n\n\n<p>Telefone: 213 847 484 \u2013 das 15.00h \u00e0s 17.00h \/ 91 922 55 40<br>Fax: 213 845 201<br>E-mail:&nbsp;<a href=\"mailto:cniacc@fd.unl.pt\">cniacc@fd.unl.pt<\/a><br>Site:&nbsp;<a href=\"http:\/\/www.arbitragemdeconsumo.org\/\">www.arbitragemdeconsumo.org<\/a><\/p>\n\n\n\n<p>Para mais informa\u00e7\u00f5es poder\u00e1 tamb\u00e9m consultar o Portal do Consumidor \u2013&nbsp;<a href=\"http:\/\/www.consumidor.pt\/\">www.consumidor.pt<\/a><\/p>\n\t\t\t\t\t\t\t\t<\/div>\n\t\t\t\t<\/div>\n\t\t\t\t\t<\/div>\n\t\t\t\t<\/div>\n\t\t\t\t<\/div>\n\t\t","protected":false},"excerpt":{"rendered":"<p>Informa\u00e7\u00e3o ao Consumidor (Lei N\u00ba 144\/2015, de 8 de Setembro) Informam-se os nossos Clientes que estamos ao dispor para qualquer esclarecimento ou resolu\u00e7\u00e3o de qualquer problema relacionado com os servi\u00e7os prestados e\/ou bens fornecidos por esta empresa. Informa-se ainda que &hellip; <a href=\"https:\/\/europauto2.com\/pt\/resolucao-alternativa-de-conflictos\/\">Readmore<\/a><\/p>\n","protected":false},"author":2,"featured_media":0,"parent":0,"menu_order":0,"comment_status":"closed","ping_status":"closed","template":"","meta":{"_monsterinsights_skip_tracking":false,"_monsterinsights_sitenote_active":false,"_monsterinsights_sitenote_note":"","_monsterinsights_sitenote_category":0,"footnotes":""},"class_list":["post-6870","page","type-page","status-publish","hentry"],"yoast_head":"<!-- This site is optimized with the Yoast SEO plugin v27.4 - https:\/\/yoast.com\/product\/yoast-seo-wordpress\/ -->\n<title>Resolu\u00e7\u00e3o Alternativa de Conflictos - Europauto 2<\/title>\n<meta name=\"robots\" content=\"index, follow, max-snippet:-1, max-image-preview:large, max-video-preview:-1\" \/>\n<link rel=\"canonical\" href=\"https:\/\/europauto2.com\/pt\/resolucao-alternativa-de-conflictos\/\" \/>\n<meta property=\"og:locale\" content=\"pt_PT\" \/>\n<meta property=\"og:type\" content=\"article\" \/>\n<meta property=\"og:title\" content=\"Resolu\u00e7\u00e3o Alternativa de Conflictos - Europauto 2\" \/>\n<meta property=\"og:description\" content=\"Informa\u00e7\u00e3o ao Consumidor (Lei N\u00ba 144\/2015, de 8 de Setembro) Informam-se os nossos Clientes que estamos ao dispor para qualquer esclarecimento ou resolu\u00e7\u00e3o de qualquer problema relacionado com os servi\u00e7os prestados e\/ou bens fornecidos por esta empresa. Informa-se ainda que &hellip; Readmore\" \/>\n<meta property=\"og:url\" content=\"https:\/\/europauto2.com\/pt\/resolucao-alternativa-de-conflictos\/\" \/>\n<meta property=\"og:site_name\" content=\"Europauto 2\" \/>\n<meta property=\"article:modified_time\" content=\"2024-06-28T16:02:57+00:00\" \/>\n<meta name=\"twitter:card\" content=\"summary_large_image\" \/>\n<meta name=\"twitter:label1\" content=\"Tempo estimado de leitura\" \/>\n\t<meta name=\"twitter:data1\" content=\"1 minuto\" \/>\n<script type=\"application\/ld+json\" class=\"yoast-schema-graph\">{\"@context\":\"https:\\\/\\\/schema.org\",\"@graph\":[{\"@type\":\"WebPage\",\"@id\":\"https:\\\/\\\/europauto2.com\\\/resolucao-alternativa-de-conflictos\\\/\",\"url\":\"https:\\\/\\\/europauto2.com\\\/resolucao-alternativa-de-conflictos\\\/\",\"name\":\"Resolu\u00e7\u00e3o Alternativa de Conflictos - Europauto 2\",\"isPartOf\":{\"@id\":\"https:\\\/\\\/europauto2.com\\\/pt\\\/#website\"},\"datePublished\":\"2024-01-15T11:05:14+00:00\",\"dateModified\":\"2024-06-28T16:02:57+00:00\",\"breadcrumb\":{\"@id\":\"https:\\\/\\\/europauto2.com\\\/resolucao-alternativa-de-conflictos\\\/#breadcrumb\"},\"inLanguage\":\"pt-PT\",\"potentialAction\":[{\"@type\":\"ReadAction\",\"target\":[\"https:\\\/\\\/europauto2.com\\\/resolucao-alternativa-de-conflictos\\\/\"]}]},{\"@type\":\"BreadcrumbList\",\"@id\":\"https:\\\/\\\/europauto2.com\\\/resolucao-alternativa-de-conflictos\\\/#breadcrumb\",\"itemListElement\":[{\"@type\":\"ListItem\",\"position\":1,\"name\":\"In\u00edcio\",\"item\":\"https:\\\/\\\/europauto2.com\\\/\"},{\"@type\":\"ListItem\",\"position\":2,\"name\":\"Resolu\u00e7\u00e3o Alternativa de Conflictos\"}]},{\"@type\":\"WebSite\",\"@id\":\"https:\\\/\\\/europauto2.com\\\/pt\\\/#website\",\"url\":\"https:\\\/\\\/europauto2.com\\\/pt\\\/\",\"name\":\"Europauto 2\",\"description\":\"by IALP Communication\",\"publisher\":{\"@id\":\"https:\\\/\\\/europauto2.com\\\/pt\\\/#organization\"},\"potentialAction\":[{\"@type\":\"SearchAction\",\"target\":{\"@type\":\"EntryPoint\",\"urlTemplate\":\"https:\\\/\\\/europauto2.com\\\/pt\\\/?s={search_term_string}\"},\"query-input\":{\"@type\":\"PropertyValueSpecification\",\"valueRequired\":true,\"valueName\":\"search_term_string\"}}],\"inLanguage\":\"pt-PT\"},{\"@type\":\"Organization\",\"@id\":\"https:\\\/\\\/europauto2.com\\\/pt\\\/#organization\",\"name\":\"Europauto 2\",\"url\":\"https:\\\/\\\/europauto2.com\\\/pt\\\/\",\"logo\":{\"@type\":\"ImageObject\",\"inLanguage\":\"pt-PT\",\"@id\":\"https:\\\/\\\/europauto2.com\\\/pt\\\/#\\\/schema\\\/logo\\\/image\\\/\",\"url\":\"https:\\\/\\\/europauto2.com\\\/wp-content\\\/uploads\\\/2023\\\/09\\\/IALP-LOGO.webp\",\"contentUrl\":\"https:\\\/\\\/europauto2.com\\\/wp-content\\\/uploads\\\/2023\\\/09\\\/IALP-LOGO.webp\",\"width\":591,\"height\":591,\"caption\":\"Europauto 2\"},\"image\":{\"@id\":\"https:\\\/\\\/europauto2.com\\\/pt\\\/#\\\/schema\\\/logo\\\/image\\\/\"}}]}<\/script>\n<!-- \/ Yoast SEO plugin. -->","yoast_head_json":{"title":"Resolu\u00e7\u00e3o Alternativa de Conflictos - Europauto 2","robots":{"index":"index","follow":"follow","max-snippet":"max-snippet:-1","max-image-preview":"max-image-preview:large","max-video-preview":"max-video-preview:-1"},"canonical":"https:\/\/europauto2.com\/pt\/resolucao-alternativa-de-conflictos\/","og_locale":"pt_PT","og_type":"article","og_title":"Resolu\u00e7\u00e3o Alternativa de Conflictos - Europauto 2","og_description":"Informa\u00e7\u00e3o ao Consumidor (Lei N\u00ba 144\/2015, de 8 de Setembro) Informam-se os nossos Clientes que estamos ao dispor para qualquer esclarecimento ou resolu\u00e7\u00e3o de qualquer problema relacionado com os servi\u00e7os prestados e\/ou bens fornecidos por esta empresa. Informa-se ainda que &hellip; Readmore","og_url":"https:\/\/europauto2.com\/pt\/resolucao-alternativa-de-conflictos\/","og_site_name":"Europauto 2","article_modified_time":"2024-06-28T16:02:57+00:00","twitter_card":"summary_large_image","twitter_misc":{"Tempo estimado de leitura":"1 minuto"},"schema":{"@context":"https:\/\/schema.org","@graph":[{"@type":"WebPage","@id":"https:\/\/europauto2.com\/resolucao-alternativa-de-conflictos\/","url":"https:\/\/europauto2.com\/resolucao-alternativa-de-conflictos\/","name":"Resolu\u00e7\u00e3o Alternativa de Conflictos - Europauto 2","isPartOf":{"@id":"https:\/\/europauto2.com\/pt\/#website"},"datePublished":"2024-01-15T11:05:14+00:00","dateModified":"2024-06-28T16:02:57+00:00","breadcrumb":{"@id":"https:\/\/europauto2.com\/resolucao-alternativa-de-conflictos\/#breadcrumb"},"inLanguage":"pt-PT","potentialAction":[{"@type":"ReadAction","target":["https:\/\/europauto2.com\/resolucao-alternativa-de-conflictos\/"]}]},{"@type":"BreadcrumbList","@id":"https:\/\/europauto2.com\/resolucao-alternativa-de-conflictos\/#breadcrumb","itemListElement":[{"@type":"ListItem","position":1,"name":"In\u00edcio","item":"https:\/\/europauto2.com\/"},{"@type":"ListItem","position":2,"name":"Resolu\u00e7\u00e3o Alternativa de Conflictos"}]},{"@type":"WebSite","@id":"https:\/\/europauto2.com\/pt\/#website","url":"https:\/\/europauto2.com\/pt\/","name":"Europauto 2","description":"by IALP Communication","publisher":{"@id":"https:\/\/europauto2.com\/pt\/#organization"},"potentialAction":[{"@type":"SearchAction","target":{"@type":"EntryPoint","urlTemplate":"https:\/\/europauto2.com\/pt\/?s={search_term_string}"},"query-input":{"@type":"PropertyValueSpecification","valueRequired":true,"valueName":"search_term_string"}}],"inLanguage":"pt-PT"},{"@type":"Organization","@id":"https:\/\/europauto2.com\/pt\/#organization","name":"Europauto 2","url":"https:\/\/europauto2.com\/pt\/","logo":{"@type":"ImageObject","inLanguage":"pt-PT","@id":"https:\/\/europauto2.com\/pt\/#\/schema\/logo\/image\/","url":"https:\/\/europauto2.com\/wp-content\/uploads\/2023\/09\/IALP-LOGO.webp","contentUrl":"https:\/\/europauto2.com\/wp-content\/uploads\/2023\/09\/IALP-LOGO.webp","width":591,"height":591,"caption":"Europauto 2"},"image":{"@id":"https:\/\/europauto2.com\/pt\/#\/schema\/logo\/image\/"}}]}},"_links":{"self":[{"href":"https:\/\/europauto2.com\/pt\/wp-json\/wp\/v2\/pages\/6870","targetHints":{"allow":["GET"]}}],"collection":[{"href":"https:\/\/europauto2.com\/pt\/wp-json\/wp\/v2\/pages"}],"about":[{"href":"https:\/\/europauto2.com\/pt\/wp-json\/wp\/v2\/types\/page"}],"author":[{"embeddable":true,"href":"https:\/\/europauto2.com\/pt\/wp-json\/wp\/v2\/users\/2"}],"replies":[{"embeddable":true,"href":"https:\/\/europauto2.com\/pt\/wp-json\/wp\/v2\/comments?post=6870"}],"version-history":[{"count":15,"href":"https:\/\/europauto2.com\/pt\/wp-json\/wp\/v2\/pages\/6870\/revisions"}],"predecessor-version":[{"id":18072,"href":"https:\/\/europauto2.com\/pt\/wp-json\/wp\/v2\/pages\/6870\/revisions\/18072"}],"wp:attachment":[{"href":"https:\/\/europauto2.com\/pt\/wp-json\/wp\/v2\/media?parent=6870"}],"curies":[{"name":"wp","href":"https:\/\/api.w.org\/{rel}","templated":true}]}}