{"id":15959,"date":"2024-05-14T08:00:34","date_gmt":"2024-05-14T07:00:34","guid":{"rendered":"https:\/\/europauto2.com\/?post_type=product&#038;p=15959"},"modified":"2025-01-23T11:39:50","modified_gmt":"2025-01-23T10:39:50","slug":"kit-de-manupulacao-de-chapas","status":"publish","type":"product","link":"https:\/\/europauto2.com\/pt\/loja\/kit-de-manupulacao-de-chapas\/","title":{"rendered":"Kit de Manupula\u00e7\u00e3o de Chapas"},"content":{"rendered":"<p>Kit de Manupula\u00e7\u00e3o de Chapas<\/p>\n<p>Apenas por <strong>or\u00e7amento<\/strong>.<\/p>\n<p>Apenas para <strong>distribuidores<\/strong>.<\/p>\n","protected":false},"excerpt":{"rendered":"<h3><a href=\"\/contactos\/\"><strong>Pedir or\u00e7amento<\/strong>.<\/a><\/h3>\n","protected":false},"featured_media":15960,"comment_status":"closed","ping_status":"closed","template":"","meta":{"_monsterinsights_skip_tracking":false,"_monsterinsights_sitenote_active":false,"_monsterinsights_sitenote_note":"","_monsterinsights_sitenote_category":0},"product_cat":[163],"product_tag":[],"class_list":{"0":"post-15959","1":"product","2":"type-product","3":"status-publish","4":"has-post-thumbnail","6":"product_cat-placas-de-matricula","8":"first","9":"onbackorder","10":"shipping-taxable","11":"purchasable","12":"product-type-simple"},"yoast_head":"<!-- This site is optimized with the Yoast SEO plugin v27.4 - https:\/\/yoast.com\/product\/yoast-seo-wordpress\/ -->\n<title>Kit de Manupula\u00e7\u00e3o de Chapas - Europauto 2<\/title>\n<meta name=\"robots\" content=\"index, follow, max-snippet:-1, max-image-preview:large, max-video-preview:-1\" \/>\n<link rel=\"canonical\" href=\"https:\/\/europauto2.com\/pt\/loja\/kit-de-manupulacao-de-chapas\/\" \/>\n<meta property=\"og:locale\" content=\"pt_PT\" \/>\n<meta property=\"og:type\" content=\"article\" \/>\n<meta property=\"og:title\" content=\"Kit de Manupula\u00e7\u00e3o de Chapas - Europauto 2\" \/>\n<meta property=\"og:description\" content=\"Pedir or\u00e7amento.\" \/>\n<meta property=\"og:url\" content=\"https:\/\/europauto2.com\/pt\/loja\/kit-de-manupulacao-de-chapas\/\" \/>\n<meta property=\"og:site_name\" content=\"Europauto 2\" \/>\n<meta property=\"article:modified_time\" content=\"2025-01-23T10:39:50+00:00\" \/>\n<meta property=\"og:image\" content=\"https:\/\/europauto2.com\/wp-content\/uploads\/2024\/04\/EUROPAUTO-II-EQUIPAMENTO-MANIPULACAO-090424-V1.png\" \/>\n\t<meta property=\"og:image:width\" content=\"1182\" \/>\n\t<meta property=\"og:image:height\" content=\"1182\" \/>\n\t<meta property=\"og:image:type\" content=\"image\/png\" \/>\n<meta name=\"twitter:card\" content=\"summary_large_image\" \/>\n<meta name=\"twitter:label1\" content=\"Tempo estimado de leitura\" \/>\n\t<meta name=\"twitter:data1\" content=\"1 minuto\" \/>\n<script type=\"application\/ld+json\" class=\"yoast-schema-graph\">{\"@context\":\"https:\\\/\\\/schema.org\",\"@graph\":[{\"@type\":\"WebPage\",\"@id\":\"https:\\\/\\\/europauto2.com\\\/loja\\\/kit-de-manupulacao-de-chapas\\\/\",\"url\":\"https:\\\/\\\/europauto2.com\\\/loja\\\/kit-de-manupulacao-de-chapas\\\/\",\"name\":\"Kit de Manupula\u00e7\u00e3o de Chapas - Europauto 2\",\"isPartOf\":{\"@id\":\"https:\\\/\\\/europauto2.com\\\/pt\\\/#website\"},\"primaryImageOfPage\":{\"@id\":\"https:\\\/\\\/europauto2.com\\\/loja\\\/kit-de-manupulacao-de-chapas\\\/#primaryimage\"},\"image\":{\"@id\":\"https:\\\/\\\/europauto2.com\\\/loja\\\/kit-de-manupulacao-de-chapas\\\/#primaryimage\"},\"thumbnailUrl\":\"https:\\\/\\\/europauto2.com\\\/wp-content\\\/uploads\\\/2024\\\/04\\\/EUROPAUTO-II-EQUIPAMENTO-MANIPULACAO-090424-V1.png\",\"datePublished\":\"2024-05-14T07:00:34+00:00\",\"dateModified\":\"2025-01-23T10:39:50+00:00\",\"breadcrumb\":{\"@id\":\"https:\\\/\\\/europauto2.com\\\/loja\\\/kit-de-manupulacao-de-chapas\\\/#breadcrumb\"},\"inLanguage\":\"pt-PT\",\"potentialAction\":[{\"@type\":\"ReadAction\",\"target\":[\"https:\\\/\\\/europauto2.com\\\/loja\\\/kit-de-manupulacao-de-chapas\\\/\"]}]},{\"@type\":\"ImageObject\",\"inLanguage\":\"pt-PT\",\"@id\":\"https:\\\/\\\/europauto2.com\\\/loja\\\/kit-de-manupulacao-de-chapas\\\/#primaryimage\",\"url\":\"https:\\\/\\\/europauto2.com\\\/wp-content\\\/uploads\\\/2024\\\/04\\\/EUROPAUTO-II-EQUIPAMENTO-MANIPULACAO-090424-V1.png\",\"contentUrl\":\"https:\\\/\\\/europauto2.com\\\/wp-content\\\/uploads\\\/2024\\\/04\\\/EUROPAUTO-II-EQUIPAMENTO-MANIPULACAO-090424-V1.png\",\"width\":1182,\"height\":1182},{\"@type\":\"BreadcrumbList\",\"@id\":\"https:\\\/\\\/europauto2.com\\\/loja\\\/kit-de-manupulacao-de-chapas\\\/#breadcrumb\",\"itemListElement\":[{\"@type\":\"ListItem\",\"position\":1,\"name\":\"In\u00edcio\",\"item\":\"https:\\\/\\\/europauto2.com\\\/\"},{\"@type\":\"ListItem\",\"position\":2,\"name\":\"Loja\",\"item\":\"https:\\\/\\\/europauto2.com\\\/pt\\\/loja\\\/\"},{\"@type\":\"ListItem\",\"position\":3,\"name\":\"Kit de Manupula\u00e7\u00e3o de Chapas\"}]},{\"@type\":\"WebSite\",\"@id\":\"https:\\\/\\\/europauto2.com\\\/pt\\\/#website\",\"url\":\"https:\\\/\\\/europauto2.com\\\/pt\\\/\",\"name\":\"Europauto 2\",\"description\":\"by IALP Communication\",\"publisher\":{\"@id\":\"https:\\\/\\\/europauto2.com\\\/pt\\\/#organization\"},\"potentialAction\":[{\"@type\":\"SearchAction\",\"target\":{\"@type\":\"EntryPoint\",\"urlTemplate\":\"https:\\\/\\\/europauto2.com\\\/pt\\\/?s={search_term_string}\"},\"query-input\":{\"@type\":\"PropertyValueSpecification\",\"valueRequired\":true,\"valueName\":\"search_term_string\"}}],\"inLanguage\":\"pt-PT\"},{\"@type\":\"Organization\",\"@id\":\"https:\\\/\\\/europauto2.com\\\/pt\\\/#organization\",\"name\":\"Europauto 2\",\"url\":\"https:\\\/\\\/europauto2.com\\\/pt\\\/\",\"logo\":{\"@type\":\"ImageObject\",\"inLanguage\":\"pt-PT\",\"@id\":\"https:\\\/\\\/europauto2.com\\\/pt\\\/#\\\/schema\\\/logo\\\/image\\\/\",\"url\":\"https:\\\/\\\/europauto2.com\\\/wp-content\\\/uploads\\\/2023\\\/09\\\/IALP-LOGO.webp\",\"contentUrl\":\"https:\\\/\\\/europauto2.com\\\/wp-content\\\/uploads\\\/2023\\\/09\\\/IALP-LOGO.webp\",\"width\":591,\"height\":591,\"caption\":\"Europauto 2\"},\"image\":{\"@id\":\"https:\\\/\\\/europauto2.com\\\/pt\\\/#\\\/schema\\\/logo\\\/image\\\/\"}}]}<\/script>\n<!-- \/ Yoast SEO plugin. -->","yoast_head_json":{"title":"Kit de Manupula\u00e7\u00e3o de Chapas - Europauto 2","robots":{"index":"index","follow":"follow","max-snippet":"max-snippet:-1","max-image-preview":"max-image-preview:large","max-video-preview":"max-video-preview:-1"},"canonical":"https:\/\/europauto2.com\/pt\/loja\/kit-de-manupulacao-de-chapas\/","og_locale":"pt_PT","og_type":"article","og_title":"Kit de Manupula\u00e7\u00e3o de Chapas - Europauto 2","og_description":"Pedir or\u00e7amento.","og_url":"https:\/\/europauto2.com\/pt\/loja\/kit-de-manupulacao-de-chapas\/","og_site_name":"Europauto 2","article_modified_time":"2025-01-23T10:39:50+00:00","og_image":[{"width":1182,"height":1182,"url":"https:\/\/europauto2.com\/wp-content\/uploads\/2024\/04\/EUROPAUTO-II-EQUIPAMENTO-MANIPULACAO-090424-V1.png","type":"image\/png"}],"twitter_card":"summary_large_image","twitter_misc":{"Tempo estimado de leitura":"1 minuto"},"schema":{"@context":"https:\/\/schema.org","@graph":[{"@type":"WebPage","@id":"https:\/\/europauto2.com\/loja\/kit-de-manupulacao-de-chapas\/","url":"https:\/\/europauto2.com\/loja\/kit-de-manupulacao-de-chapas\/","name":"Kit de Manupula\u00e7\u00e3o de Chapas - Europauto 2","isPartOf":{"@id":"https:\/\/europauto2.com\/pt\/#website"},"primaryImageOfPage":{"@id":"https:\/\/europauto2.com\/loja\/kit-de-manupulacao-de-chapas\/#primaryimage"},"image":{"@id":"https:\/\/europauto2.com\/loja\/kit-de-manupulacao-de-chapas\/#primaryimage"},"thumbnailUrl":"https:\/\/europauto2.com\/wp-content\/uploads\/2024\/04\/EUROPAUTO-II-EQUIPAMENTO-MANIPULACAO-090424-V1.png","datePublished":"2024-05-14T07:00:34+00:00","dateModified":"2025-01-23T10:39:50+00:00","breadcrumb":{"@id":"https:\/\/europauto2.com\/loja\/kit-de-manupulacao-de-chapas\/#breadcrumb"},"inLanguage":"pt-PT","potentialAction":[{"@type":"ReadAction","target":["https:\/\/europauto2.com\/loja\/kit-de-manupulacao-de-chapas\/"]}]},{"@type":"ImageObject","inLanguage":"pt-PT","@id":"https:\/\/europauto2.com\/loja\/kit-de-manupulacao-de-chapas\/#primaryimage","url":"https:\/\/europauto2.com\/wp-content\/uploads\/2024\/04\/EUROPAUTO-II-EQUIPAMENTO-MANIPULACAO-090424-V1.png","contentUrl":"https:\/\/europauto2.com\/wp-content\/uploads\/2024\/04\/EUROPAUTO-II-EQUIPAMENTO-MANIPULACAO-090424-V1.png","width":1182,"height":1182},{"@type":"BreadcrumbList","@id":"https:\/\/europauto2.com\/loja\/kit-de-manupulacao-de-chapas\/#breadcrumb","itemListElement":[{"@type":"ListItem","position":1,"name":"In\u00edcio","item":"https:\/\/europauto2.com\/"},{"@type":"ListItem","position":2,"name":"Loja","item":"https:\/\/europauto2.com\/pt\/loja\/"},{"@type":"ListItem","position":3,"name":"Kit de Manupula\u00e7\u00e3o de Chapas"}]},{"@type":"WebSite","@id":"https:\/\/europauto2.com\/pt\/#website","url":"https:\/\/europauto2.com\/pt\/","name":"Europauto 2","description":"by IALP Communication","publisher":{"@id":"https:\/\/europauto2.com\/pt\/#organization"},"potentialAction":[{"@type":"SearchAction","target":{"@type":"EntryPoint","urlTemplate":"https:\/\/europauto2.com\/pt\/?s={search_term_string}"},"query-input":{"@type":"PropertyValueSpecification","valueRequired":true,"valueName":"search_term_string"}}],"inLanguage":"pt-PT"},{"@type":"Organization","@id":"https:\/\/europauto2.com\/pt\/#organization","name":"Europauto 2","url":"https:\/\/europauto2.com\/pt\/","logo":{"@type":"ImageObject","inLanguage":"pt-PT","@id":"https:\/\/europauto2.com\/pt\/#\/schema\/logo\/image\/","url":"https:\/\/europauto2.com\/wp-content\/uploads\/2023\/09\/IALP-LOGO.webp","contentUrl":"https:\/\/europauto2.com\/wp-content\/uploads\/2023\/09\/IALP-LOGO.webp","width":591,"height":591,"caption":"Europauto 2"},"image":{"@id":"https:\/\/europauto2.com\/pt\/#\/schema\/logo\/image\/"}}]}},"_links":{"self":[{"href":"https:\/\/europauto2.com\/pt\/wp-json\/wp\/v2\/product\/15959","targetHints":{"allow":["GET"]}}],"collection":[{"href":"https:\/\/europauto2.com\/pt\/wp-json\/wp\/v2\/product"}],"about":[{"href":"https:\/\/europauto2.com\/pt\/wp-json\/wp\/v2\/types\/product"}],"replies":[{"embeddable":true,"href":"https:\/\/europauto2.com\/pt\/wp-json\/wp\/v2\/comments?post=15959"}],"wp:featuredmedia":[{"embeddable":true,"href":"https:\/\/europauto2.com\/pt\/wp-json\/wp\/v2\/media\/15960"}],"wp:attachment":[{"href":"https:\/\/europauto2.com\/pt\/wp-json\/wp\/v2\/media?parent=15959"}],"wp:term":[{"taxonomy":"product_cat","embeddable":true,"href":"https:\/\/europauto2.com\/pt\/wp-json\/wp\/v2\/product_cat?post=15959"},{"taxonomy":"product_tag","embeddable":true,"href":"https:\/\/europauto2.com\/pt\/wp-json\/wp\/v2\/product_tag?post=15959"}],"curies":[{"name":"wp","href":"https:\/\/api.w.org\/{rel}","templated":true}]}}